{"id":4504,"date":"2022-11-16T21:31:31","date_gmt":"2022-11-16T21:31:31","guid":{"rendered":"https:\/\/sihay.com.mx\/basededatos\/shop-2\/empresas-del-sector-de-manufactura-en-la-ciudad-de-mexico-en-los-estados-de-mexico-jalisco-guanajuato-y-san-luis-potosi\/"},"modified":"2023-03-24T19:26:29","modified_gmt":"2023-03-24T19:26:29","slug":"empresas-del-sector-de-manufactura-en-la-ciudad-de-mexico-en-los-estados-de-mexico-jalisco-guanajuato-y-san-luis-potosi","status":"publish","type":"product","link":"https:\/\/sihay.com.mx\/basededatos\/tienda\/empresas-del-sector-de-manufactura-en-la-ciudad-de-mexico-en-los-estados-de-mexico-jalisco-guanajuato-y-san-luis-potosi\/","title":{"rendered":"Empresas del sector de manufactura en la Ciudad de M\u00e9xico, en los estados de M\u00e9xico, Jalisco, Guanajuato y San Luis Potos\u00ed."},"content":{"rendered":"","protected":false},"excerpt":{"rendered":"<p>&nbsp;<\/p>\n<div class=\"row\">\n<div class=\"col-sm\"><strong>C\u00f3digo:<\/strong> <strong class=\"text-danger\">SME-0607-KM<\/strong><\/div>\n<div class=\"col-sm\"><strong>N\u00famero de registros:\u00a0<\/strong>300<\/div>\n<\/div>\n<div class=\"row\">\n<div class=\"col-sm \"><strong>Folio: <\/strong><span class=\"text-danger\">03KEGL1217-027<\/span><\/div>\n<\/div>\n<p><strong>Segmentaci\u00f3n:<\/strong><\/p>\n<div class=\"row\">\n<div class=\"col-sm \"><span class=\"text-justify\">Empresas del sector de manufactura en la Ciudad de M\u00e9xico, Estado de M\u00e9xico, Estado de Qtro., Estado de Puebla, Baja California Norte, Estado de Chihuahua, Estado de Coahuila, Estado de Nuevo Le\u00f3n, Estado de Jalisco, Estado de Guanajuato, Estado de Sonora y Estado de San Luis Potos\u00ed. <\/span><\/div>\n<\/div>\n<p><strong>Campos Contenidos:<\/strong><\/p>\n<div class=\"row\">\n<div class=\"col-sm \"><span class=\"text-justify\">Empresa \/ Giro \/ Direcci\u00f3n \/ Ciudad \/ Estado \/ Contacto 1 \/ Puesto 1: Director\/Gerente de Planta o Director\/Gerente de Laboratorio o Director\/Gerente de Metrolog\u00eda o Director\/Gerente de Producci\u00f3n o Director\/Gerente de Calidad \/ Tel\u00e9fono Fijo 1 \/ Celular 1 Opcional*\/ Email 1 \/ Contacto 2 \/ Puesto 2: Director\/Gerente de Planta o Director\/Gerente de Laboratorio o Director\/Gerente de Metrolog\u00eda o Director\/Gerente de Producci\u00f3n o Director\/Gerente de Calidad \/ Tel\u00e9fono Fijo 2 \/ Celular 2 Opcional*\/ Email 2 \/ Contacto 3 \/ Puesto 3: Director\/Gerente de Planta o Director\/Gerente de Laboratorio o Director\/Gerente de Metrolog\u00eda o Director\/Gerente de Producci\u00f3n o Director\/Gerente de Calidad \/ Tel\u00e9fono Fijo 3 \/ Celular 3 Opcional*\/ Email 3 \/ P\u00e1g. Web *Opcional.<\/span><\/div>\n<\/div>\n<div class=\"row\">\n<div class=\"col-sm\"><strong>Garant\u00eda:\u00a0<\/strong>80%-85%<br \/>\n<strong>Precio Original:\u00a0<\/strong><del>$9,633.00 MXN<\/del><br \/>\n<strong>Descuento Especial:\u00a0<\/strong><strong class=\"text-danger\">20%<\/strong><\/div>\n<\/div>\n<div class=\"row\">\n<div class=\"col text-center\"><strong>Total a Pagar:\u00a0<\/strong><strong class=\"text-danger\">$7,706.00 MXN<\/strong><\/div>\n<\/div>\n","protected":false},"featured_media":1876,"comment_status":"closed","ping_status":"closed","template":"","meta":[],"product_brand":[],"product_cat":[127,145],"product_tag":[269,582,234,518,328,516,206,235,216,204,470,350,207,264,205,183,181,191,561,310,555,554,477,473,576,430,353,349,556,417,566,403,418,563,273,276,583,277,275,515,265,268,351,476,475,592,535,272,431,433,270,584,319,383,274,271,266,278,585,586,280,587,267,588,589,590,366,279,501,309,335,346,505,357,591,356,324,323,550,321,322,367,552,344,432,434,570,564,345,504,416,352,469,559],"class_list":{"0":"post-4504","1":"product","2":"type-product","3":"status-publish","4":"has-post-thumbnail","6":"product_cat-empresas","7":"product_cat-manufactureras","8":"product_tag-b2b-database-for-marketing","9":"product_tag-b2b-email-lists","10":"product_tag-base-de-datos","11":"product_tag-base-de-datos-chihuahua","12":"product_tag-base-de-datos-ciudad-de-mexico","13":"product_tag-base-de-datos-coahuila","14":"product_tag-base-de-datos-correo-electronico","15":"product_tag-base-de-datos-correos-electronicos","16":"product_tag-base-de-datos-de-correos","17":"product_tag-base-de-datos-de-emails","18":"product_tag-base-de-datos-de-empresas-mexico","19":"product_tag-base-de-datos-de-encargados","20":"product_tag-base-de-datos-de-telefonos","21":"product_tag-base-de-datos-del-estado-de-queretaro","22":"product_tag-base-de-datos-email","23":"product_tag-base-de-datos-email-marketing","24":"product_tag-base-de-datos-emails","25":"product_tag-base-de-datos-empresas","26":"product_tag-base-de-datos-estado-de-mexico","27":"product_tag-base-de-datos-guadalajara","28":"product_tag-base-de-datos-guanajuato","29":"product_tag-base-de-datos-jalisco","30":"product_tag-base-de-datos-mailing","31":"product_tag-base-de-datos-manufactura","32":"product_tag-base-de-datos-manufactureras","33":"product_tag-base-de-datos-monterrey","34":"product_tag-base-de-datos-nuevo-leon","35":"product_tag-base-de-datos-queretaro","36":"product_tag-base-de-datos-san-luis-potosi","37":"product_tag-base-de-datos-telefono","38":"product_tag-base-de-datos-ventas","39":"product_tag-bases-de-datos","40":"product_tag-bases-de-datos-de-telefonos-fijos","41":"product_tag-bases-de-datos-puebla","42":"product_tag-business-and-consumer-database","43":"product_tag-business-email-list","44":"product_tag-business-emails","45":"product_tag-buy-email-address","46":"product_tag-buy-email-address-database","47":"product_tag-coahuila","48":"product_tag-company-database","49":"product_tag-company-email-database","50":"product_tag-compra-base-de-datos","51":"product_tag-comprar-base-de-datos","52":"product_tag-comprar-base-de-datos-mexico","53":"product_tag-consumer-emails","54":"product_tag-correos","55":"product_tag-database","56":"product_tag-database-monterrey","57":"product_tag-database-nuevo-leon","58":"product_tag-database-of-email-advertising","59":"product_tag-database-of-emails","60":"product_tag-directorio-empresas","61":"product_tag-email","62":"product_tag-email-address-database","63":"product_tag-email-business-database","64":"product_tag-email-database","65":"product_tag-email-database-for-sale","66":"product_tag-email-database-of-businesses","67":"product_tag-email-databases","68":"product_tag-email-list-providers","69":"product_tag-email-lists","70":"product_tag-email-marketer","71":"product_tag-email-marketing-database","72":"product_tag-email-marketing-list","73":"product_tag-email-services-marketing","74":"product_tag-emailing","75":"product_tag-emails-for-sale","76":"product_tag-empresas","77":"product_tag-empresas-grandes","78":"product_tag-empresas-manufactureras","79":"product_tag-guadalajara","80":"product_tag-leon-guanajuato","81":"product_tag-list","82":"product_tag-list-of-emails","83":"product_tag-lista","84":"product_tag-lista-de-correo-electronico","85":"product_tag-lista-de-email","86":"product_tag-lista-de-numeros-de-telefonos","87":"product_tag-listado-de-emails","88":"product_tag-listado-de-emails-de-empresas","89":"product_tag-mailing","90":"product_tag-mailing-mexico","91":"product_tag-monterrey","92":"product_tag-nuevo-leon","93":"product_tag-nuevo-leon-database","94":"product_tag-phone-number-list","95":"product_tag-puebla-databases","96":"product_tag-queretaro","97":"product_tag-sonora-database","98":"product_tag-telefono","99":"product_tag-venta-base-de-datos","100":"product_tag-venta-base-se-datos","101":"product_tag-venta-de-base-de-datos","103":"first","104":"instock","105":"sale","106":"virtual","107":"purchasable","108":"product-type-simple"},"aioseo_notices":[],"_links":{"self":[{"href":"https:\/\/sihay.com.mx\/basededatos\/wp-json\/wp\/v2\/product\/4504","targetHints":{"allow":["GET"]}}],"collection":[{"href":"https:\/\/sihay.com.mx\/basededatos\/wp-json\/wp\/v2\/product"}],"about":[{"href":"https:\/\/sihay.com.mx\/basededatos\/wp-json\/wp\/v2\/types\/product"}],"replies":[{"embeddable":true,"href":"https:\/\/sihay.com.mx\/basededatos\/wp-json\/wp\/v2\/comments?post=4504"}],"wp:featuredmedia":[{"embeddable":true,"href":"https:\/\/sihay.com.mx\/basededatos\/wp-json\/wp\/v2\/media\/1876"}],"wp:attachment":[{"href":"https:\/\/sihay.com.mx\/basededatos\/wp-json\/wp\/v2\/media?parent=4504"}],"wp:term":[{"taxonomy":"product_brand","embeddable":true,"href":"https:\/\/sihay.com.mx\/basededatos\/wp-json\/wp\/v2\/product_brand?post=4504"},{"taxonomy":"product_cat","embeddable":true,"href":"https:\/\/sihay.com.mx\/basededatos\/wp-json\/wp\/v2\/product_cat?post=4504"},{"taxonomy":"product_tag","embeddable":true,"href":"https:\/\/sihay.com.mx\/basededatos\/wp-json\/wp\/v2\/product_tag?post=4504"}],"curies":[{"name":"wp","href":"https:\/\/api.w.org\/{rel}","templated":true}]}}