{"id":4500,"date":"2022-11-16T21:31:31","date_gmt":"2022-11-16T21:31:31","guid":{"rendered":"https:\/\/sihay.com.mx\/basededatos\/shop-2\/industrias-de-manufactura-en-los-estados-de-baja-california-norte-coahuila-jalisco-queretaro-guanajuato-ciudad-de-mexico-estado-de-mexico\/"},"modified":"2023-03-24T19:32:50","modified_gmt":"2023-03-24T19:32:50","slug":"industrias-de-manufactura-en-los-estados-de-baja-california-norte-coahuila-jalisco-queretaro-guanajuato-ciudad-de-mexico-estado-de-mexico","status":"publish","type":"product","link":"https:\/\/sihay.com.mx\/basededatos\/tienda\/industrias-de-manufactura-en-los-estados-de-baja-california-norte-coahuila-jalisco-queretaro-guanajuato-ciudad-de-mexico-estado-de-mexico\/","title":{"rendered":"Industrias de Manufactura en los Estados de Baja California Norte, Coahuila, Jalisco, Quer\u00e9taro, Guanajuato , Ciudad de M\u00e9xico, Estado de M\u00e9xico."},"content":{"rendered":"","protected":false},"excerpt":{"rendered":"<p>&nbsp;<\/p>\n<div class=\"row\">\n<div class=\"col-sm\"><strong>C\u00f3digo:<\/strong> <strong class=\"text-danger\">DAOR-C9<\/strong><\/div>\n<div class=\"col-sm\"><strong>N\u00famero de registros:\u00a0<\/strong>300<\/div>\n<\/div>\n<div class=\"row\">\n<div class=\"col-sm \"><strong>Folio: <\/strong><span class=\"text-danger\">4PAAV0519-086<\/span><\/div>\n<\/div>\n<p><strong>Segmentaci\u00f3n:<\/strong><\/p>\n<div class=\"row\">\n<div class=\"col-sm \"><span class=\"text-justify\">Industrias de Manufactura en los Estados de Baja California Norte, Sonora, San Luis, Chihuahua, Nuevo Le\u00f3n, Coahuila, Jalisco, Quer\u00e9taro, Guanajuato , Ciudad de M\u00e9xico, Estado de M\u00e9xico y Puebla.<\/span><\/div>\n<\/div>\n<p><strong>Campos Contenidos:<\/strong><\/p>\n<div class=\"row\">\n<div class=\"col-sm \"><span class=\"text-justify\">1 CELULAR COMO OBLIGATORIO. Empresa \/ Giro \/ Direcci\u00f3n \/ Ciudad \/ Estado \/ Contacto 1 \/ Puesto1 : Directivos o gerentes de: calidad o metrolog\u00eda o laboratorio o producci\u00f3n o \u00e1rea de maquinado \/ Tel\u00e9fono 1\/Celular 1*opcional \/ Email 1\/ Contacto 2 \/ Puesto2 : Directivos o gerentes de: calidad o metrolog\u00eda o laboratorio o producci\u00f3n o \u00e1rea de maquinado \/ Tel\u00e9fono 2 \/Celular 2*opcional \/ Email 2\/ Contacto 3 \/ Puesto3 : Directivos o gerentes de: calidad o metrolog\u00eda o laboratorio o producci\u00f3n o \u00e1rea de maquinado \/ Tel\u00e9fono 3\/Celular 3*opcional \/ Email 3\/ P\u00e1gina web*opcional. <\/span><\/div>\n<\/div>\n<div class=\"row\">\n<div class=\"col-sm\"><strong>Garant\u00eda:\u00a0<\/strong>80%-85%<br \/>\n<strong>Precio Original:\u00a0<\/strong><del>$12,251.00 MXN<\/del><br \/>\n<strong>Descuento Especial:\u00a0<\/strong><strong class=\"text-danger\">20%<\/strong><\/div>\n<\/div>\n<div class=\"row\">\n<div class=\"col text-center\"><strong>Total a Pagar:\u00a0<\/strong><strong class=\"text-danger\">$9,801.00 MXN<\/strong><\/div>\n<\/div>\n","protected":false},"featured_media":1876,"comment_status":"closed","ping_status":"closed","template":"","meta":[],"product_brand":[],"product_cat":[127,145],"product_tag":[269,582,234,518,328,516,206,235,216,204,470,340,207,264,196,205,183,181,191,561,197,310,555,554,533,477,473,576,430,353,349,556,417,566,403,418,563,273,276,583,277,275,517,515,265,268,351,476,475,592,535,272,431,433,270,584,319,383,274,271,266,278,585,586,280,587,267,588,589,590,366,279,501,309,335,346,505,357,591,356,324,323,550,321,322,367,552,432,434,570,564,345,504,416,352,469,559],"class_list":{"0":"post-4500","1":"product","2":"type-product","3":"status-publish","4":"has-post-thumbnail","6":"product_cat-empresas","7":"product_cat-manufactureras","8":"product_tag-b2b-database-for-marketing","9":"product_tag-b2b-email-lists","10":"product_tag-base-de-datos","11":"product_tag-base-de-datos-chihuahua","12":"product_tag-base-de-datos-ciudad-de-mexico","13":"product_tag-base-de-datos-coahuila","14":"product_tag-base-de-datos-correo-electronico","15":"product_tag-base-de-datos-correos-electronicos","16":"product_tag-base-de-datos-de-correos","17":"product_tag-base-de-datos-de-emails","18":"product_tag-base-de-datos-de-empresas-mexico","19":"product_tag-base-de-datos-de-industrias","20":"product_tag-base-de-datos-de-telefonos","21":"product_tag-base-de-datos-del-estado-de-queretaro","22":"product_tag-base-de-datos-directivos","23":"product_tag-base-de-datos-email","24":"product_tag-base-de-datos-email-marketing","25":"product_tag-base-de-datos-emails","26":"product_tag-base-de-datos-empresas","27":"product_tag-base-de-datos-estado-de-mexico","28":"product_tag-base-de-datos-gerentes","29":"product_tag-base-de-datos-guadalajara","30":"product_tag-base-de-datos-guanajuato","31":"product_tag-base-de-datos-jalisco","32":"product_tag-base-de-datos-laboratorios","33":"product_tag-base-de-datos-mailing","34":"product_tag-base-de-datos-manufactura","35":"product_tag-base-de-datos-manufactureras","36":"product_tag-base-de-datos-monterrey","37":"product_tag-base-de-datos-nuevo-leon","38":"product_tag-base-de-datos-queretaro","39":"product_tag-base-de-datos-san-luis-potosi","40":"product_tag-base-de-datos-telefono","41":"product_tag-base-de-datos-ventas","42":"product_tag-bases-de-datos","43":"product_tag-bases-de-datos-de-telefonos-fijos","44":"product_tag-bases-de-datos-puebla","45":"product_tag-business-and-consumer-database","46":"product_tag-business-email-list","47":"product_tag-business-emails","48":"product_tag-buy-email-address","49":"product_tag-buy-email-address-database","50":"product_tag-chihuahua","51":"product_tag-coahuila","52":"product_tag-company-database","53":"product_tag-company-email-database","54":"product_tag-compra-base-de-datos","55":"product_tag-comprar-base-de-datos","56":"product_tag-comprar-base-de-datos-mexico","57":"product_tag-consumer-emails","58":"product_tag-correos","59":"product_tag-database","60":"product_tag-database-monterrey","61":"product_tag-database-nuevo-leon","62":"product_tag-database-of-email-advertising","63":"product_tag-database-of-emails","64":"product_tag-directorio-empresas","65":"product_tag-email","66":"product_tag-email-address-database","67":"product_tag-email-business-database","68":"product_tag-email-database","69":"product_tag-email-database-for-sale","70":"product_tag-email-database-of-businesses","71":"product_tag-email-databases","72":"product_tag-email-list-providers","73":"product_tag-email-lists","74":"product_tag-email-marketer","75":"product_tag-email-marketing-database","76":"product_tag-email-marketing-list","77":"product_tag-email-services-marketing","78":"product_tag-emailing","79":"product_tag-emails-for-sale","80":"product_tag-empresas","81":"product_tag-empresas-grandes","82":"product_tag-empresas-manufactureras","83":"product_tag-guadalajara","84":"product_tag-leon-guanajuato","85":"product_tag-list","86":"product_tag-list-of-emails","87":"product_tag-lista","88":"product_tag-lista-de-correo-electronico","89":"product_tag-lista-de-email","90":"product_tag-lista-de-numeros-de-telefonos","91":"product_tag-listado-de-emails","92":"product_tag-listado-de-emails-de-empresas","93":"product_tag-mailing","94":"product_tag-mailing-mexico","95":"product_tag-nuevo-leon","96":"product_tag-nuevo-leon-database","97":"product_tag-phone-number-list","98":"product_tag-puebla-databases","99":"product_tag-queretaro","100":"product_tag-sonora-database","101":"product_tag-telefono","102":"product_tag-venta-base-de-datos","103":"product_tag-venta-base-se-datos","104":"product_tag-venta-de-base-de-datos","106":"first","107":"instock","108":"sale","109":"virtual","110":"purchasable","111":"product-type-simple"},"aioseo_notices":[],"_links":{"self":[{"href":"https:\/\/sihay.com.mx\/basededatos\/wp-json\/wp\/v2\/product\/4500","targetHints":{"allow":["GET"]}}],"collection":[{"href":"https:\/\/sihay.com.mx\/basededatos\/wp-json\/wp\/v2\/product"}],"about":[{"href":"https:\/\/sihay.com.mx\/basededatos\/wp-json\/wp\/v2\/types\/product"}],"replies":[{"embeddable":true,"href":"https:\/\/sihay.com.mx\/basededatos\/wp-json\/wp\/v2\/comments?post=4500"}],"wp:featuredmedia":[{"embeddable":true,"href":"https:\/\/sihay.com.mx\/basededatos\/wp-json\/wp\/v2\/media\/1876"}],"wp:attachment":[{"href":"https:\/\/sihay.com.mx\/basededatos\/wp-json\/wp\/v2\/media?parent=4500"}],"wp:term":[{"taxonomy":"product_brand","embeddable":true,"href":"https:\/\/sihay.com.mx\/basededatos\/wp-json\/wp\/v2\/product_brand?post=4500"},{"taxonomy":"product_cat","embeddable":true,"href":"https:\/\/sihay.com.mx\/basededatos\/wp-json\/wp\/v2\/product_cat?post=4500"},{"taxonomy":"product_tag","embeddable":true,"href":"https:\/\/sihay.com.mx\/basededatos\/wp-json\/wp\/v2\/product_tag?post=4500"}],"curies":[{"name":"wp","href":"https:\/\/api.w.org\/{rel}","templated":true}]}}