{"id":4453,"date":"2022-11-16T21:31:23","date_gmt":"2022-11-16T21:31:23","guid":{"rendered":"https:\/\/sihay.com.mx\/basededatos\/shop-2\/profesionistas-que-no-sean-medicos-nse-alto-en-panama-peru-guatemala-venezuela-y-republica-dominicana\/"},"modified":"2023-06-22T16:12:42","modified_gmt":"2023-06-22T16:12:42","slug":"profesionistas-que-no-sean-medicos-nse-alto-en-panama-peru-guatemala-venezuela-y-republica-dominicana","status":"publish","type":"product","link":"https:\/\/sihay.com.mx\/basededatos\/tienda\/profesionistas-que-no-sean-medicos-nse-alto-en-panama-peru-guatemala-venezuela-y-republica-dominicana\/","title":{"rendered":"Profesionistas (que no sean m\u00e9dicos) NSE alto en Panam\u00e1, Per\u00fa, Guatemala, Venezuela y Rep\u00fablica Dominicana."},"content":{"rendered":"","protected":false},"excerpt":{"rendered":"<p>&nbsp;<\/p>\n<div class=\"row\">\n<div class=\"col-sm\"><strong>C\u00f3digo:<\/strong> <strong class=\"text-danger\">RIMA-N0<\/strong><\/div>\n<div class=\"col-sm\"><strong>N\u00famero de registros: <\/strong>250<\/div>\n<\/div>\n<div class=\"row\">\n<div class=\"col-sm \"><strong>Folio: <\/strong><span class=\"text-danger\">RG0519B116<\/span><\/div>\n<\/div>\n<p><strong>Segmentaci\u00f3n:<\/strong><\/p>\n<div class=\"row\">\n<div class=\"col-sm \"><span class=\"text-justify\">Profesionistas (que no sean m\u00e9dicos), mayores de edad, econ\u00f3micamente activas de un NSE alto en Panam\u00e1 (50 Registros), Per\u00fa (50 Registros), Guatemala (50 Registros), Venezuela (50 Registros) y Rep\u00fablica Dominicana (50 Registros).<\/span><\/div>\n<\/div>\n<p><strong>Campos Contenidos:<\/strong><\/p>\n<div class=\"row\">\n<div class=\"col-sm \"><span class=\"text-justify\">Nombre \/ Empresa donde trabaja \/ Direcci\u00f3n \/ Ciudad \/ Estado \/ Celular \/ Email.<\/span><\/div>\n<\/div>\n<div class=\"row\">\n<div class=\"col-sm\"><strong>Garant\u00eda:\u00a0<\/strong>80%-85%<br \/>\n<strong>Precio Original:\u00a0<\/strong><del>$1,879.00 MXN<\/del><br \/>\n<strong>Descuento Especial:\u00a0<\/strong><strong class=\"text-danger\">20%<\/strong><\/div>\n<\/div>\n<div class=\"row\">\n<div class=\"col text-center\"><strong>Total a Pagar:\u00a0<\/strong><strong class=\"text-danger\">$1,503.00 MXN<\/strong><\/div>\n<\/div>\n","protected":false},"featured_media":1898,"comment_status":"closed","ping_status":"closed","template":"","meta":[],"product_brand":[],"product_cat":[159,163],"product_tag":[269,582,234,311,510,206,235,199,509,216,204,200,294,201,202,544,205,183,181,397,316,477,702,289,327,230,231,238,232,325,403,627,611,610,542,543,277,275,358,694,693,592,535,527,272,398,291,270,584,400,383,274,695,266,278,280,587,267,588,589,590,373,366,279,331,317,526,528,391,392,357,591,356,324,323,545,321,696,707,367,615,293,292,301,306],"class_list":{"0":"post-4453","1":"product","2":"type-product","3":"status-publish","4":"has-post-thumbnail","6":"product_cat-personas","7":"product_cat-profesionistas","8":"product_tag-b2b-database-for-marketing","9":"product_tag-b2b-email-lists","10":"product_tag-base-de-datos","11":"product_tag-base-de-datos-celulares","12":"product_tag-base-de-datos-consumidores","13":"product_tag-base-de-datos-correo-electronico","14":"product_tag-base-de-datos-correos-electronicos","15":"product_tag-base-de-datos-de-celulares","16":"product_tag-base-de-datos-de-consumidores","17":"product_tag-base-de-datos-de-correos","18":"product_tag-base-de-datos-de-emails","19":"product_tag-base-de-datos-de-numeros-celulares","20":"product_tag-base-de-datos-de-profesionistas","21":"product_tag-base-de-datos-de-telefonos-celulares","22":"product_tag-base-de-datos-de-telefonos-movil","23":"product_tag-base-de-datos-de-telefonos-moviles","24":"product_tag-base-de-datos-email","25":"product_tag-base-de-datos-email-marketing","26":"product_tag-base-de-datos-emails","27":"product_tag-base-de-datos-guatemala","28":"product_tag-base-de-datos-latinoamerica","29":"product_tag-base-de-datos-mailing","30":"product_tag-base-de-datos-nse","31":"product_tag-base-de-datos-nse-alto","32":"product_tag-base-de-datos-numeros-de-celulares","33":"product_tag-base-de-datos-panama","34":"product_tag-base-de-datos-panama-city","35":"product_tag-base-de-datos-personas-latinoamerica","36":"product_tag-base-de-datos-peru","37":"product_tag-base-de-datos-venezuela","38":"product_tag-bases-de-datos","39":"product_tag-bases-de-datos-de-la-republica-dominicana","40":"product_tag-bases-de-datos-email","41":"product_tag-bases-de-datos-emails","42":"product_tag-bases-de-datos-movil","43":"product_tag-bases-de-datos-moviles","44":"product_tag-buy-email-address","45":"product_tag-buy-email-address-database","46":"product_tag-consumer-database","47":"product_tag-consumer-email-database","48":"product_tag-consumer-email-list","49":"product_tag-consumer-emails","50":"product_tag-correos","51":"product_tag-data-latam","52":"product_tag-database","53":"product_tag-database-guatemala","54":"product_tag-database-mobile","55":"product_tag-database-of-email-advertising","56":"product_tag-database-of-emails","57":"product_tag-database-peru","58":"product_tag-email","59":"product_tag-email-address-database","60":"product_tag-email-consumer-database","61":"product_tag-email-database","62":"product_tag-email-database-for-sale","63":"product_tag-email-list-providers","64":"product_tag-email-lists","65":"product_tag-email-marketer","66":"product_tag-email-marketing-database","67":"product_tag-email-marketing-list","68":"product_tag-email-services-marketing","69":"product_tag-email-venezuela","70":"product_tag-emailing","71":"product_tag-emails-for-sale","72":"product_tag-empresas-en-latinoamerica","73":"product_tag-latam-base-de-datos","74":"product_tag-latam-data","75":"product_tag-latam-database","76":"product_tag-latin-america-database","77":"product_tag-latinoamerica-database","78":"product_tag-list","79":"product_tag-list-of-emails","80":"product_tag-lista","81":"product_tag-lista-de-correo-electronico","82":"product_tag-lista-de-email","83":"product_tag-lista-de-numeros-de-telefonos-celulares","84":"product_tag-listado-de-emails","85":"product_tag-listado-de-emails-de-consumidores","86":"product_tag-listado-de-emails-de-personas","87":"product_tag-mailing","88":"product_tag-mobile","89":"product_tag-mobile-number-database","90":"product_tag-mobile-phone-number","91":"product_tag-mobile-phone-number-database","92":"product_tag-mobile-phone-number-list","94":"first","95":"instock","96":"sale","97":"virtual","98":"purchasable","99":"product-type-simple"},"aioseo_notices":[],"_links":{"self":[{"href":"https:\/\/sihay.com.mx\/basededatos\/wp-json\/wp\/v2\/product\/4453","targetHints":{"allow":["GET"]}}],"collection":[{"href":"https:\/\/sihay.com.mx\/basededatos\/wp-json\/wp\/v2\/product"}],"about":[{"href":"https:\/\/sihay.com.mx\/basededatos\/wp-json\/wp\/v2\/types\/product"}],"replies":[{"embeddable":true,"href":"https:\/\/sihay.com.mx\/basededatos\/wp-json\/wp\/v2\/comments?post=4453"}],"wp:featuredmedia":[{"embeddable":true,"href":"https:\/\/sihay.com.mx\/basededatos\/wp-json\/wp\/v2\/media\/1898"}],"wp:attachment":[{"href":"https:\/\/sihay.com.mx\/basededatos\/wp-json\/wp\/v2\/media?parent=4453"}],"wp:term":[{"taxonomy":"product_brand","embeddable":true,"href":"https:\/\/sihay.com.mx\/basededatos\/wp-json\/wp\/v2\/product_brand?post=4453"},{"taxonomy":"product_cat","embeddable":true,"href":"https:\/\/sihay.com.mx\/basededatos\/wp-json\/wp\/v2\/product_cat?post=4453"},{"taxonomy":"product_tag","embeddable":true,"href":"https:\/\/sihay.com.mx\/basededatos\/wp-json\/wp\/v2\/product_tag?post=4453"}],"curies":[{"name":"wp","href":"https:\/\/api.w.org\/{rel}","templated":true}]}}