{"id":4452,"date":"2022-11-16T21:31:23","date_gmt":"2022-11-16T21:31:23","guid":{"rendered":"https:\/\/sihay.com.mx\/basededatos\/shop-2\/despachos-contables-en-ciudad-de-mexico-y-megalopolis-profesionistas-contadores-en-ciudad-de-mexico-y-megalopolis\/"},"modified":"2023-06-14T16:13:09","modified_gmt":"2023-06-14T16:13:09","slug":"despachos-contables-en-ciudad-de-mexico-y-megalopolis-profesionistas-contadores-en-ciudad-de-mexico-y-megalopolis","status":"publish","type":"product","link":"https:\/\/sihay.com.mx\/basededatos\/tienda\/despachos-contables-en-ciudad-de-mexico-y-megalopolis-profesionistas-contadores-en-ciudad-de-mexico-y-megalopolis\/","title":{"rendered":"*Despachos contables  en Ciudad de M\u00e9xico y Megal\u00f3polis. *Profesionistas contadores en Ciudad de M\u00e9xico y Megal\u00f3polis."},"content":{"rendered":"","protected":false},"excerpt":{"rendered":"<p>&nbsp;<\/p>\n<div class=\"row\">\n<div class=\"col-sm\"><strong>C\u00f3digo: <span style=\"color: #cc2d2d;\">FRDI-J378<\/span><\/strong><\/div>\n<div class=\"col-sm\"><strong>N\u00famero de registros: <\/strong>1000<\/div>\n<\/div>\n<div class=\"row\">\n<div class=\"col-sm \"><strong>Folio:<\/strong><span style=\"color: #cc2d2d;\"> GI1113B023<\/span><\/div>\n<\/div>\n<p><strong>Segmentaci\u00f3n:<\/strong><\/p>\n<div class=\"row\">\n<div class=\"col-sm \">\u00a0*Despachos contables en Ciudad de M\u00e9xico y Megal\u00f3polis (estados: Tlaxcala, Hidalgo, Morelos, Puebla y el Estado de M\u00e9xico)(500 REGISTROS). *Profesionistas contadores en Ciudad de M\u00e9xico y Megal\u00f3polis (estados: Tlaxcala, Hidalgo, Morelos, Puebla y el Estado de M\u00e9xico )(500 REGISTROS).<\/div>\n<\/div>\n<p><strong>Campos Contenidos:<\/strong><\/p>\n<div class=\"row\">\n<div class=\"col-sm \">*Empresa \/ Giro \/ Direcci\u00f3n \/ Ciudad \/ Estado \/ Contacto \/ Puesto: Director General, Socio, Directivos, Gerentes o Tomador de decisi\u00f3n \/ Tel\u00e9fono \/ Email. *Nombre \/ Direcci\u00f3n \/ Ciudad \/ Estado \/ Tel\u00e9fono \/ Email.<\/div>\n<\/div>\n<div class=\"row\">\n<div class=\"col-sm\"><strong>Garant\u00eda: 80%-85%<\/strong>\u00a0<strong>Precio Original:\u00a0<\/strong><del>$7,698.00 MXN\u00a0 <\/del><strong>Descuento Especial:\u00a0<span style=\"color: #cc2d2d;\">20<\/span><\/strong><span style=\"color: #cc2d2d;\"><strong class=\"text-danger\">%<\/strong><\/span><\/div>\n<\/div>\n<div class=\"row\">\n<div class=\"col text-center\"><strong>Total a Pagar:\u00a0<\/strong><span style=\"color: #cc2d2d;\"><strong class=\"text-danger\">$6,158.00 MXN<\/strong><\/span><\/div>\n<\/div>\n","protected":false},"featured_media":1898,"comment_status":"closed","ping_status":"closed","template":"","meta":[],"product_brand":[],"product_cat":[159,173],"product_tag":[269,582,234,328,206,235,216,204,237,697,294,207,675,196,194,205,183,181,197,240,195,417,198,217,418,611,610,273,276,277,275,358,694,693,592,535,272,270,584,383,274,266,278,280,587,267,588,589,590,366,279,357,591,356,324,323,550,321,696,707,303,307,570,416,304],"class_list":{"0":"post-4452","1":"product","2":"type-product","3":"status-publish","4":"has-post-thumbnail","6":"product_cat-personas","7":"product_cat-profesionistas-en-mexico","8":"product_tag-b2b-database-for-marketing","9":"product_tag-b2b-email-lists","10":"product_tag-base-de-datos","11":"product_tag-base-de-datos-ciudad-de-mexico","12":"product_tag-base-de-datos-correo-electronico","13":"product_tag-base-de-datos-correos-electronicos","14":"product_tag-base-de-datos-de-correos","15":"product_tag-base-de-datos-de-emails","16":"product_tag-base-de-datos-de-personas","17":"product_tag-base-de-datos-de-personas-fisicas","18":"product_tag-base-de-datos-de-profesionistas","19":"product_tag-base-de-datos-de-telefonos","20":"product_tag-base-de-datos-despachos-contables","21":"product_tag-base-de-datos-directivos","22":"product_tag-base-de-datos-director-general","23":"product_tag-base-de-datos-email","24":"product_tag-base-de-datos-email-marketing","25":"product_tag-base-de-datos-emails","26":"product_tag-base-de-datos-gerentes","27":"product_tag-base-de-datos-personas","28":"product_tag-base-de-datos-socio","29":"product_tag-base-de-datos-telefono","30":"product_tag-base-de-datos-tomador-de-decision","31":"product_tag-base-de-datos-tomadores-de-decisiones","32":"product_tag-bases-de-datos-de-telefonos-fijos","33":"product_tag-bases-de-datos-email","34":"product_tag-bases-de-datos-emails","35":"product_tag-business-and-consumer-database","36":"product_tag-business-email-list","37":"product_tag-buy-email-address","38":"product_tag-buy-email-address-database","39":"product_tag-consumer-database","40":"product_tag-consumer-email-database","41":"product_tag-consumer-email-list","42":"product_tag-consumer-emails","43":"product_tag-correos","44":"product_tag-database","45":"product_tag-database-of-email-advertising","46":"product_tag-database-of-emails","47":"product_tag-email","48":"product_tag-email-address-database","49":"product_tag-email-database","50":"product_tag-email-database-for-sale","51":"product_tag-email-list-providers","52":"product_tag-email-lists","53":"product_tag-email-marketer","54":"product_tag-email-marketing-database","55":"product_tag-email-marketing-list","56":"product_tag-email-services-marketing","57":"product_tag-emailing","58":"product_tag-emails-for-sale","59":"product_tag-list","60":"product_tag-list-of-emails","61":"product_tag-lista","62":"product_tag-lista-de-correo-electronico","63":"product_tag-lista-de-email","64":"product_tag-lista-de-numeros-de-telefonos","65":"product_tag-listado-de-emails","66":"product_tag-listado-de-emails-de-consumidores","67":"product_tag-listado-de-emails-de-personas","68":"product_tag-phone-database","69":"product_tag-phone-number-database","70":"product_tag-phone-number-list","71":"product_tag-telefono","72":"product_tag-telephone-number","74":"first","75":"instock","76":"sale","77":"shipping-taxable","78":"purchasable","79":"product-type-simple"},"aioseo_notices":[],"_links":{"self":[{"href":"https:\/\/sihay.com.mx\/basededatos\/wp-json\/wp\/v2\/product\/4452","targetHints":{"allow":["GET"]}}],"collection":[{"href":"https:\/\/sihay.com.mx\/basededatos\/wp-json\/wp\/v2\/product"}],"about":[{"href":"https:\/\/sihay.com.mx\/basededatos\/wp-json\/wp\/v2\/types\/product"}],"replies":[{"embeddable":true,"href":"https:\/\/sihay.com.mx\/basededatos\/wp-json\/wp\/v2\/comments?post=4452"}],"wp:featuredmedia":[{"embeddable":true,"href":"https:\/\/sihay.com.mx\/basededatos\/wp-json\/wp\/v2\/media\/1898"}],"wp:attachment":[{"href":"https:\/\/sihay.com.mx\/basededatos\/wp-json\/wp\/v2\/media?parent=4452"}],"wp:term":[{"taxonomy":"product_brand","embeddable":true,"href":"https:\/\/sihay.com.mx\/basededatos\/wp-json\/wp\/v2\/product_brand?post=4452"},{"taxonomy":"product_cat","embeddable":true,"href":"https:\/\/sihay.com.mx\/basededatos\/wp-json\/wp\/v2\/product_cat?post=4452"},{"taxonomy":"product_tag","embeddable":true,"href":"https:\/\/sihay.com.mx\/basededatos\/wp-json\/wp\/v2\/product_tag?post=4452"}],"curies":[{"name":"wp","href":"https:\/\/api.w.org\/{rel}","templated":true}]}}