{"id":4439,"date":"2022-11-16T21:31:22","date_gmt":"2022-11-16T21:31:22","guid":{"rendered":"https:\/\/sihay.com.mx\/basededatos\/shop-2\/personas-fisicas-de-55-anos-en-adelante-nse-c-c-ab-delegaciones-miguel-hidalgo-tlalpan-y-huixquilucan\/"},"modified":"2023-06-14T18:39:52","modified_gmt":"2023-06-14T18:39:52","slug":"personas-fisicas-de-55-anos-en-adelante-nse-c-c-ab-delegaciones-miguel-hidalgo-tlalpan-y-huixquilucan","status":"publish","type":"product","link":"https:\/\/sihay.com.mx\/basededatos\/tienda\/personas-fisicas-de-55-anos-en-adelante-nse-c-c-ab-delegaciones-miguel-hidalgo-tlalpan-y-huixquilucan\/","title":{"rendered":"Personas f\u00edsicas de 55 a\u00f1os en adelante NSE C, C+, AB,  delegaciones: Miguel Hidalgo, Tlalpan y Huixquilucan"},"content":{"rendered":"","protected":false},"excerpt":{"rendered":"<p>&nbsp;<\/p>\n<div class=\"row\">\n<div class=\"col-sm\"><strong>C\u00f3digo:<\/strong> <strong class=\"text-danger\">BLIV-C66<\/strong><\/div>\n<div class=\"col-sm\"><strong>N\u00famero de registros: <\/strong>1,200<\/div>\n<\/div>\n<div class=\"row\">\n<div class=\"col-sm \"><strong>Folio: <\/strong><span class=\"text-danger\">01GAJL0319-055 <\/span><\/div>\n<\/div>\n<p><strong>Segmentaci\u00f3n:<\/strong><\/p>\n<div class=\"row\">\n<div class=\"col-sm \"><span class=\"text-justify\">Personas f\u00edsicas de 55 a\u00f1os en adelante NSE C, C+, AB que sean tarjetahabientes y econ\u00f3micamente activas en las siguientes delegaciones: Miguel Hidalgo (Ciudad de M\u00e9xico) 400 registros, Tlalpan (Ciudad de M\u00e9xico) 400 registros y Huixquilucan (Estado de M\u00e9xico) 400 registros.<\/span><\/div>\n<\/div>\n<p><strong>Campos Contenidos:<\/strong><\/p>\n<div class=\"row\">\n<div class=\"col-sm \"><span class=\"text-justify\">Nombre \/ Ciudad \/ Estado \/ Tel\u00e9fono Fijo \/ Celular \/ Email.<\/span><\/div>\n<\/div>\n<div class=\"row\">\n<div class=\"col-sm\"><strong>Precio Original:\u00a0<\/strong><del>$12,204.00 MXN<\/del><br \/>\n<strong>Descuento Especial:\u00a0<\/strong><strong class=\"text-danger\">25%\u00a0 <\/strong><strong style=\"font-size: 1rem;\">Total a Pagar:\u00a0<\/strong><strong class=\"text-danger\" style=\"font-size: 1rem;\">$9,763.00 MXN<\/strong><\/div>\n<\/div>\n","protected":false},"featured_media":1896,"comment_status":"closed","ping_status":"closed","template":"","meta":[],"product_brand":[],"product_cat":[171,159],"product_tag":[269,582,234,311,328,510,206,235,199,216,204,200,237,697,207,201,202,544,205,183,181,561,477,702,709,286,327,240,698,417,418,611,610,542,543,273,277,275,358,694,693,592,535,272,291,270,584,383,274,266,278,280,587,267,588,589,590,366,279,357,591,356,324,323,550,545,321,696,707,367,615,293,292,301,306,303,307,570,416,304],"class_list":{"0":"post-4439","1":"product","2":"type-product","3":"status-publish","4":"has-post-thumbnail","6":"product_cat-nse-medio-y-alto","7":"product_cat-personas","8":"product_tag-b2b-database-for-marketing","9":"product_tag-b2b-email-lists","10":"product_tag-base-de-datos","11":"product_tag-base-de-datos-celulares","12":"product_tag-base-de-datos-ciudad-de-mexico","13":"product_tag-base-de-datos-consumidores","14":"product_tag-base-de-datos-correo-electronico","15":"product_tag-base-de-datos-correos-electronicos","16":"product_tag-base-de-datos-de-celulares","17":"product_tag-base-de-datos-de-correos","18":"product_tag-base-de-datos-de-emails","19":"product_tag-base-de-datos-de-numeros-celulares","20":"product_tag-base-de-datos-de-personas","21":"product_tag-base-de-datos-de-personas-fisicas","22":"product_tag-base-de-datos-de-telefonos","23":"product_tag-base-de-datos-de-telefonos-celulares","24":"product_tag-base-de-datos-de-telefonos-movil","25":"product_tag-base-de-datos-de-telefonos-moviles","26":"product_tag-base-de-datos-email","27":"product_tag-base-de-datos-email-marketing","28":"product_tag-base-de-datos-emails","29":"product_tag-base-de-datos-estado-de-mexico","30":"product_tag-base-de-datos-mailing","31":"product_tag-base-de-datos-nse","32":"product_tag-base-de-datos-nse-ab","33":"product_tag-base-de-datos-nse-c","34":"product_tag-base-de-datos-numeros-de-celulares","35":"product_tag-base-de-datos-personas","36":"product_tag-base-de-datos-tarjetahabientes","37":"product_tag-base-de-datos-telefono","38":"product_tag-bases-de-datos-de-telefonos-fijos","39":"product_tag-bases-de-datos-email","40":"product_tag-bases-de-datos-emails","41":"product_tag-bases-de-datos-movil","42":"product_tag-bases-de-datos-moviles","43":"product_tag-business-and-consumer-database","44":"product_tag-buy-email-address","45":"product_tag-buy-email-address-database","46":"product_tag-consumer-database","47":"product_tag-consumer-email-database","48":"product_tag-consumer-email-list","49":"product_tag-consumer-emails","50":"product_tag-correos","51":"product_tag-database","52":"product_tag-database-mobile","53":"product_tag-database-of-email-advertising","54":"product_tag-database-of-emails","55":"product_tag-email","56":"product_tag-email-address-database","57":"product_tag-email-database","58":"product_tag-email-database-for-sale","59":"product_tag-email-list-providers","60":"product_tag-email-lists","61":"product_tag-email-marketer","62":"product_tag-email-marketing-database","63":"product_tag-email-marketing-list","64":"product_tag-email-services-marketing","65":"product_tag-emailing","66":"product_tag-emails-for-sale","67":"product_tag-list","68":"product_tag-list-of-emails","69":"product_tag-lista","70":"product_tag-lista-de-correo-electronico","71":"product_tag-lista-de-email","72":"product_tag-lista-de-numeros-de-telefonos","73":"product_tag-lista-de-numeros-de-telefonos-celulares","74":"product_tag-listado-de-emails","75":"product_tag-listado-de-emails-de-consumidores","76":"product_tag-listado-de-emails-de-personas","77":"product_tag-mailing","78":"product_tag-mobile","79":"product_tag-mobile-number-database","80":"product_tag-mobile-phone-number","81":"product_tag-mobile-phone-number-database","82":"product_tag-mobile-phone-number-list","83":"product_tag-phone-database","84":"product_tag-phone-number-database","85":"product_tag-phone-number-list","86":"product_tag-telefono","87":"product_tag-telephone-number","89":"first","90":"instock","91":"sale","92":"virtual","93":"purchasable","94":"product-type-simple"},"aioseo_notices":[],"_links":{"self":[{"href":"https:\/\/sihay.com.mx\/basededatos\/wp-json\/wp\/v2\/product\/4439","targetHints":{"allow":["GET"]}}],"collection":[{"href":"https:\/\/sihay.com.mx\/basededatos\/wp-json\/wp\/v2\/product"}],"about":[{"href":"https:\/\/sihay.com.mx\/basededatos\/wp-json\/wp\/v2\/types\/product"}],"replies":[{"embeddable":true,"href":"https:\/\/sihay.com.mx\/basededatos\/wp-json\/wp\/v2\/comments?post=4439"}],"wp:featuredmedia":[{"embeddable":true,"href":"https:\/\/sihay.com.mx\/basededatos\/wp-json\/wp\/v2\/media\/1896"}],"wp:attachment":[{"href":"https:\/\/sihay.com.mx\/basededatos\/wp-json\/wp\/v2\/media?parent=4439"}],"wp:term":[{"taxonomy":"product_brand","embeddable":true,"href":"https:\/\/sihay.com.mx\/basededatos\/wp-json\/wp\/v2\/product_brand?post=4439"},{"taxonomy":"product_cat","embeddable":true,"href":"https:\/\/sihay.com.mx\/basededatos\/wp-json\/wp\/v2\/product_cat?post=4439"},{"taxonomy":"product_tag","embeddable":true,"href":"https:\/\/sihay.com.mx\/basededatos\/wp-json\/wp\/v2\/product_tag?post=4439"}],"curies":[{"name":"wp","href":"https:\/\/api.w.org\/{rel}","templated":true}]}}