{"id":4361,"date":"2022-11-16T21:31:09","date_gmt":"2022-11-16T21:31:09","guid":{"rendered":"https:\/\/sihay.com.mx\/basededatos\/shop-2\/personas-fisicas-entre-25-y-65-anos-que-ganen-mas-de-20-mil-pesos-y-vivan-y-o-trabajen-en-ciertas-colonias-de-la-ciudad-de-mexico\/"},"modified":"2023-06-27T21:14:23","modified_gmt":"2023-06-27T21:14:23","slug":"personas-fisicas-entre-25-y-65-anos-que-ganen-mas-de-20-mil-pesos-y-vivan-y-o-trabajen-en-ciertas-colonias-de-la-ciudad-de-mexico","status":"publish","type":"product","link":"https:\/\/sihay.com.mx\/basededatos\/tienda\/personas-fisicas-entre-25-y-65-anos-que-ganen-mas-de-20-mil-pesos-y-vivan-y-o-trabajen-en-ciertas-colonias-de-la-ciudad-de-mexico\/","title":{"rendered":"Personas f\u00edsicas, entre 25 y 65 a\u00f1os que ganen m\u00e1s de 20 mil pesos y vivan y\/o trabajen en ciertas colonias de la Ciudad de M\u00e9xico:"},"content":{"rendered":"","protected":false},"excerpt":{"rendered":"<p>&nbsp;<\/p>\n<div class=\"row\">\n<div class=\"col-sm\"><strong style=\"font-size: 1rem; line-height: 1;\">C\u00f3digo:<\/strong> <strong class=\"text-danger\" style=\"font-size: 1rem; line-height: 1;\">KAHO-C0-1<\/strong><\/div>\n<div class=\"col-sm\"><strong>N\u00famero de registros: <\/strong>2400<\/div>\n<\/div>\n<div class=\"row\">\n<div class=\"col-sm \"><strong>Folio: <\/strong><span class=\"text-danger\">03MIEP0520-052<\/span><\/div>\n<\/div>\n<p><strong>Segmentaci\u00f3n:<\/strong><\/p>\n<div class=\"row\">\n<div class=\"col-sm \"><span class=\"text-justify\">Personas f\u00edsicas, entre 25 y 65 a\u00f1os que ganen m\u00e1s de 20 mil pesos y vivan y\/o trabajen en las colonias de la Ciudad de M\u00e9xico: Lindavista, Lindavista norte, Residencial Zacatenco, San Bartolo Atepehuacan, Torres de Lindavista, La escalera, Zacatenco, Vallejo, Industrial vallejos, Nueva Industrial Vallejo, Claver\u00eda, Nueva Santa Mar\u00eda, Santa Mar\u00eda Insurgentes, Guadalupe Tepeyac, Magdalena de las salinas, Campestre Arag\u00f3n, Nueva atzacoalco, San Juan Arag\u00f3n, Bosques de Arag\u00f3n, Prado Vallejo, Valle de Tepeyac, Churubusco Tepeyac, Capultitl\u00e1n, La Industrial, Tepeyac Insurgentes, La Estrella, Polanco, Polanco I secci\u00f3n , Polanco II secci\u00f3n , Polanco III secci\u00f3n, Polanco IV secci\u00f3n , Lomas de Sotelo, Granada, Ampliaci\u00f3n Granada, Ju\u00e1rez, San Rafael, Anzures, Colonia An\u00e1huac, Colonia An\u00e1huac I secc.<\/span><\/div>\n<\/div>\n<p><strong>Campos Contenidos:<\/strong><\/p>\n<div class=\"row\">\n<div class=\"col-sm \"><span class=\"text-justify\">Nombre \/ Direcci\u00f3n \/ Tel\u00e9fono Celular \/ Email.<\/span><\/div>\n<\/div>\n<div class=\"row\">\n<div class=\"col-sm\"><strong>Garant\u00eda: <\/strong>80%-85%<br \/>\n<strong>Precio Original: <\/strong><del>$23,249.00 MXN<\/del><br \/>\n<strong>Descuento Especial: <\/strong><strong class=\"text-danger\">20%<\/strong><\/div>\n<\/div>\n<div class=\"row\">\n<div class=\"col text-center\"><strong>Total a Pagar: <\/strong><strong class=\"text-danger\">$18,599.00 MXN<\/strong><\/div>\n<\/div>\n","protected":false},"featured_media":1891,"comment_status":"closed","ping_status":"closed","template":"","meta":[],"product_brand":[],"product_cat":[159],"product_tag":[269,582,234,311,328,510,206,235,199,509,216,204,200,237,697,201,202,544,205,183,181,477,327,240,403,611,610,542,543,277,275,358,694,693,592,535,272,291,270,584,383,274,695,266,278,280,587,267,588,589,590,366,279,357,591,356,324,323,545,321,696,707,367,615,293,292,301,306],"class_list":{"0":"post-4361","1":"product","2":"type-product","3":"status-publish","4":"has-post-thumbnail","6":"product_cat-personas","7":"product_tag-b2b-database-for-marketing","8":"product_tag-b2b-email-lists","9":"product_tag-base-de-datos","10":"product_tag-base-de-datos-celulares","11":"product_tag-base-de-datos-ciudad-de-mexico","12":"product_tag-base-de-datos-consumidores","13":"product_tag-base-de-datos-correo-electronico","14":"product_tag-base-de-datos-correos-electronicos","15":"product_tag-base-de-datos-de-celulares","16":"product_tag-base-de-datos-de-consumidores","17":"product_tag-base-de-datos-de-correos","18":"product_tag-base-de-datos-de-emails","19":"product_tag-base-de-datos-de-numeros-celulares","20":"product_tag-base-de-datos-de-personas","21":"product_tag-base-de-datos-de-personas-fisicas","22":"product_tag-base-de-datos-de-telefonos-celulares","23":"product_tag-base-de-datos-de-telefonos-movil","24":"product_tag-base-de-datos-de-telefonos-moviles","25":"product_tag-base-de-datos-email","26":"product_tag-base-de-datos-email-marketing","27":"product_tag-base-de-datos-emails","28":"product_tag-base-de-datos-mailing","29":"product_tag-base-de-datos-numeros-de-celulares","30":"product_tag-base-de-datos-personas","31":"product_tag-bases-de-datos","32":"product_tag-bases-de-datos-email","33":"product_tag-bases-de-datos-emails","34":"product_tag-bases-de-datos-movil","35":"product_tag-bases-de-datos-moviles","36":"product_tag-buy-email-address","37":"product_tag-buy-email-address-database","38":"product_tag-consumer-database","39":"product_tag-consumer-email-database","40":"product_tag-consumer-email-list","41":"product_tag-consumer-emails","42":"product_tag-correos","43":"product_tag-database","44":"product_tag-database-mobile","45":"product_tag-database-of-email-advertising","46":"product_tag-database-of-emails","47":"product_tag-email","48":"product_tag-email-address-database","49":"product_tag-email-consumer-database","50":"product_tag-email-database","51":"product_tag-email-database-for-sale","52":"product_tag-email-list-providers","53":"product_tag-email-lists","54":"product_tag-email-marketer","55":"product_tag-email-marketing-database","56":"product_tag-email-marketing-list","57":"product_tag-email-services-marketing","58":"product_tag-emailing","59":"product_tag-emails-for-sale","60":"product_tag-list","61":"product_tag-list-of-emails","62":"product_tag-lista","63":"product_tag-lista-de-correo-electronico","64":"product_tag-lista-de-email","65":"product_tag-lista-de-numeros-de-telefonos-celulares","66":"product_tag-listado-de-emails","67":"product_tag-listado-de-emails-de-consumidores","68":"product_tag-listado-de-emails-de-personas","69":"product_tag-mailing","70":"product_tag-mobile","71":"product_tag-mobile-number-database","72":"product_tag-mobile-phone-number","73":"product_tag-mobile-phone-number-database","74":"product_tag-mobile-phone-number-list","76":"first","77":"instock","78":"sale","79":"virtual","80":"purchasable","81":"product-type-simple"},"aioseo_notices":[],"_links":{"self":[{"href":"https:\/\/sihay.com.mx\/basededatos\/wp-json\/wp\/v2\/product\/4361","targetHints":{"allow":["GET"]}}],"collection":[{"href":"https:\/\/sihay.com.mx\/basededatos\/wp-json\/wp\/v2\/product"}],"about":[{"href":"https:\/\/sihay.com.mx\/basededatos\/wp-json\/wp\/v2\/types\/product"}],"replies":[{"embeddable":true,"href":"https:\/\/sihay.com.mx\/basededatos\/wp-json\/wp\/v2\/comments?post=4361"}],"wp:featuredmedia":[{"embeddable":true,"href":"https:\/\/sihay.com.mx\/basededatos\/wp-json\/wp\/v2\/media\/1891"}],"wp:attachment":[{"href":"https:\/\/sihay.com.mx\/basededatos\/wp-json\/wp\/v2\/media?parent=4361"}],"wp:term":[{"taxonomy":"product_brand","embeddable":true,"href":"https:\/\/sihay.com.mx\/basededatos\/wp-json\/wp\/v2\/product_brand?post=4361"},{"taxonomy":"product_cat","embeddable":true,"href":"https:\/\/sihay.com.mx\/basededatos\/wp-json\/wp\/v2\/product_cat?post=4361"},{"taxonomy":"product_tag","embeddable":true,"href":"https:\/\/sihay.com.mx\/basededatos\/wp-json\/wp\/v2\/product_tag?post=4361"}],"curies":[{"name":"wp","href":"https:\/\/api.w.org\/{rel}","templated":true}]}}