{"id":4282,"date":"2022-11-16T21:30:55","date_gmt":"2022-11-16T21:30:55","guid":{"rendered":"https:\/\/sihay.com.mx\/basededatos\/shop-2\/cardiologos-ecocardiografistas-cardiologos-pediatras-cardiologos-hemodinamistas-y-cardiologos-intervencionistas-en-ciudades-del-norte-del-pais\/"},"modified":"2023-06-19T19:00:15","modified_gmt":"2023-06-19T19:00:15","slug":"cardiologos-ecocardiografistas-cardiologos-pediatras-cardiologos-hemodinamistas-y-cardiologos-intervencionistas-en-ciudades-del-norte-del-pais","status":"publish","type":"product","link":"https:\/\/sihay.com.mx\/basededatos\/tienda\/cardiologos-ecocardiografistas-cardiologos-pediatras-cardiologos-hemodinamistas-y-cardiologos-intervencionistas-en-ciudades-del-norte-del-pais\/","title":{"rendered":"Cardi\u00f3logos Ecocardiografistas, Cardi\u00f3logos Pediatras, Cardi\u00f3logos Hemodinamistas y Cardi\u00f3logos Intervencionistas, en Ciudades del norte del pa\u00eds."},"content":{"rendered":"","protected":false},"excerpt":{"rendered":"<p>&nbsp;<\/p>\n<div class=\"row\">\n<div class=\"col-sm\"><strong>C\u00f3digo:<\/strong> <strong class=\"text-danger\">PAMA-N5<\/strong><\/div>\n<div class=\"col-sm\"><strong>N\u00famero de registros:\u00a0<\/strong>250<\/div>\n<\/div>\n<div class=\"row\">\n<div class=\"col-sm \"><strong>Folio: <\/strong><span class=\"text-danger\">PM1117B054<\/span><\/div>\n<\/div>\n<p><strong>Segmentaci\u00f3n:<\/strong><\/p>\n<div class=\"row\">\n<div class=\"col-sm \"><span class=\"text-justify\">*Cardi\u00f3logos Ecocardiografistas, Cardi\u00f3logos Pediatras, Cardi\u00f3logos Hemodinamistas y Cardi\u00f3logos Intervencionistas, en la Ciudad de Torre\u00f3n y su zona Metropolitana (125 REGISTROS). *Cardi\u00f3logos Ecocardiografistas, Cardi\u00f3logos Pediatras, Cardi\u00f3logos Hemodinamistas y Cardi\u00f3logos Intervencionistas, en San Pedro Garza Garcia, San Nicol\u00e1s de los Garza, Escobedo, Santa Catarina, Apodaca, Guadalupe y en la Ciudad de Monterrey. Todos estos pertenecen al Estado de Nuevo Le\u00f3n (125 REGISTROS).<\/span><\/div>\n<\/div>\n<p><strong>Campos Contenidos:<\/strong><\/p>\n<div class=\"row\">\n<div class=\"col-sm \"><span class=\"text-justify\">*Nombre \/ Direcci\u00f3n \/ Ciudad \/ Estado \/ Tel\u00e9fono \/ Email.\u00a0<\/span><\/div>\n<\/div>\n<div class=\"row\">\n<div class=\"col-sm\"><strong>Garant\u00eda:\u00a0<\/strong>75%-85%<br \/>\n<strong>Precio Original:\u00a0<\/strong><del>$3,917.00 MXN<\/del><br \/>\n<strong>Descuento Especial:\u00a0<\/strong><strong class=\"text-danger\">25%<\/strong><\/div>\n<\/div>\n<div class=\"row\">\n<div class=\"col text-center\"><strong>Total a Pagar:\u00a0<\/strong><strong class=\"text-danger\">$2,938.00 MXN<\/strong><\/div>\n<\/div>\n","protected":false},"featured_media":1895,"comment_status":"closed","ping_status":"closed","template":"","meta":[],"product_brand":[],"product_cat":[170,159],"product_tag":[269,582,234,329,516,206,235,216,204,237,697,207,205,183,181,477,424,430,353,417,418,611,610,277,275,694,693,592,535,272,431,433,270,584,404,383,274,266,278,586,280,587,267,588,589,590,366,279,357,591,356,324,323,550,321,696,707,367,434,303,307,570,416,304],"class_list":{"0":"post-4282","1":"product","2":"type-product","3":"status-publish","4":"has-post-thumbnail","6":"product_cat-medicos-en-mexico","7":"product_cat-personas","8":"product_tag-b2b-database-for-marketing","9":"product_tag-b2b-email-lists","10":"product_tag-base-de-datos","11":"product_tag-base-de-datos-area-metropolitana","12":"product_tag-base-de-datos-coahuila","13":"product_tag-base-de-datos-correo-electronico","14":"product_tag-base-de-datos-correos-electronicos","15":"product_tag-base-de-datos-de-correos","16":"product_tag-base-de-datos-de-emails","17":"product_tag-base-de-datos-de-personas","18":"product_tag-base-de-datos-de-personas-fisicas","19":"product_tag-base-de-datos-de-telefonos","20":"product_tag-base-de-datos-email","21":"product_tag-base-de-datos-email-marketing","22":"product_tag-base-de-datos-emails","23":"product_tag-base-de-datos-mailing","24":"product_tag-base-de-datos-medicos","25":"product_tag-base-de-datos-monterrey","26":"product_tag-base-de-datos-nuevo-leon","27":"product_tag-base-de-datos-telefono","28":"product_tag-bases-de-datos-de-telefonos-fijos","29":"product_tag-bases-de-datos-email","30":"product_tag-bases-de-datos-emails","31":"product_tag-buy-email-address","32":"product_tag-buy-email-address-database","33":"product_tag-consumer-email-database","34":"product_tag-consumer-email-list","35":"product_tag-consumer-emails","36":"product_tag-correos","37":"product_tag-database","38":"product_tag-database-monterrey","39":"product_tag-database-nuevo-leon","40":"product_tag-database-of-email-advertising","41":"product_tag-database-of-emails","42":"product_tag-databases","43":"product_tag-email","44":"product_tag-email-address-database","45":"product_tag-email-database","46":"product_tag-email-database-for-sale","47":"product_tag-email-databases","48":"product_tag-email-list-providers","49":"product_tag-email-lists","50":"product_tag-email-marketer","51":"product_tag-email-marketing-database","52":"product_tag-email-marketing-list","53":"product_tag-email-services-marketing","54":"product_tag-emailing","55":"product_tag-emails-for-sale","56":"product_tag-list","57":"product_tag-list-of-emails","58":"product_tag-lista","59":"product_tag-lista-de-correo-electronico","60":"product_tag-lista-de-email","61":"product_tag-lista-de-numeros-de-telefonos","62":"product_tag-listado-de-emails","63":"product_tag-listado-de-emails-de-consumidores","64":"product_tag-listado-de-emails-de-personas","65":"product_tag-mailing","66":"product_tag-nuevo-leon-database","67":"product_tag-phone-database","68":"product_tag-phone-number-database","69":"product_tag-phone-number-list","70":"product_tag-telefono","71":"product_tag-telephone-number","73":"first","74":"instock","75":"sale","76":"virtual","77":"purchasable","78":"product-type-simple"},"aioseo_notices":[],"_links":{"self":[{"href":"https:\/\/sihay.com.mx\/basededatos\/wp-json\/wp\/v2\/product\/4282","targetHints":{"allow":["GET"]}}],"collection":[{"href":"https:\/\/sihay.com.mx\/basededatos\/wp-json\/wp\/v2\/product"}],"about":[{"href":"https:\/\/sihay.com.mx\/basededatos\/wp-json\/wp\/v2\/types\/product"}],"replies":[{"embeddable":true,"href":"https:\/\/sihay.com.mx\/basededatos\/wp-json\/wp\/v2\/comments?post=4282"}],"wp:featuredmedia":[{"embeddable":true,"href":"https:\/\/sihay.com.mx\/basededatos\/wp-json\/wp\/v2\/media\/1895"}],"wp:attachment":[{"href":"https:\/\/sihay.com.mx\/basededatos\/wp-json\/wp\/v2\/media?parent=4282"}],"wp:term":[{"taxonomy":"product_brand","embeddable":true,"href":"https:\/\/sihay.com.mx\/basededatos\/wp-json\/wp\/v2\/product_brand?post=4282"},{"taxonomy":"product_cat","embeddable":true,"href":"https:\/\/sihay.com.mx\/basededatos\/wp-json\/wp\/v2\/product_cat?post=4282"},{"taxonomy":"product_tag","embeddable":true,"href":"https:\/\/sihay.com.mx\/basededatos\/wp-json\/wp\/v2\/product_tag?post=4282"}],"curies":[{"name":"wp","href":"https:\/\/api.w.org\/{rel}","templated":true}]}}