{"id":4274,"date":"2022-11-16T21:30:55","date_gmt":"2022-11-16T21:30:55","guid":{"rendered":"https:\/\/sihay.com.mx\/basededatos\/shop-2\/personas-fisicas-empresarios-nse-alto-edad-de-35-anos-en-la-ciudad-de-mexico\/"},"modified":"2023-06-19T16:40:39","modified_gmt":"2023-06-19T16:40:39","slug":"personas-fisicas-empresarios-nse-alto-edad-de-35-anos-en-la-ciudad-de-mexico","status":"publish","type":"product","link":"https:\/\/sihay.com.mx\/basededatos\/tienda\/personas-fisicas-empresarios-nse-alto-edad-de-35-anos-en-la-ciudad-de-mexico\/","title":{"rendered":"Personas f\u00edsicas, Empresarios, NSE Alto, Edad de 35 a\u00f1os +, En la Ciudad de M\u00e9xico."},"content":{"rendered":"","protected":false},"excerpt":{"rendered":"<p>&nbsp;<\/p>\n<div class=\"row\">\n<div class=\"col-sm\"><strong>C\u00f3digo:<\/strong> <strong class=\"text-danger\">EMNS-M4<\/strong><\/div>\n<div class=\"col-sm\"><strong>N\u00famero de registros: <\/strong>1000<\/div>\n<\/div>\n<div class=\"row\">\n<div class=\"col-sm \"><strong>Folio: <\/strong><span class=\"text-danger\">AC0118B095<\/span><\/div>\n<\/div>\n<p><strong>Segmentaci\u00f3n:<\/strong><\/p>\n<div class=\"row\">\n<div class=\"col-sm \"><span class=\"text-justify\">Personas f\u00edsicas, Empresarios, NSE Alto, Edad de 35 a\u00f1os +, En la Ciudad de M\u00e9xico. <\/span><\/div>\n<\/div>\n<p><strong>Campos Contenidos:<\/strong><\/p>\n<div class=\"row\">\n<div class=\"col-sm \"><span class=\"text-justify\">Nombre \/ Direcci\u00f3n \/ Ciudad \/ Estado \/ Tel\u00e9fono \/ Email.<\/span><\/div>\n<\/div>\n<div class=\"row\">\n<div class=\"col-sm\"><strong>Garant\u00eda:\u00a0<\/strong>75%-85%<br \/>\n<strong>Precio Original:\u00a0<\/strong><del>$5,719.00 MXN<\/del><br \/>\n<strong>Descuento Especial:\u00a0<\/strong><strong class=\"text-danger\">25%<\/strong><\/div>\n<\/div>\n<div class=\"row\">\n<div class=\"col text-center\"><strong>Total a Pagar:\u00a0<\/strong><strong class=\"text-danger\">$4,289.00 MXN<\/strong><\/div>\n<\/div>\n","protected":false},"featured_media":1900,"comment_status":"closed","ping_status":"closed","template":"","meta":[],"product_brand":[],"product_cat":[168,159],"product_tag":[269,582,234,328,206,235,216,204,237,697,207,205,183,181,300,477,702,289,417,418,611,610,277,275,694,693,592,535,272,270,584,383,274,266,278,280,587,267,588,589,590,366,279,357,591,356,324,323,550,321,696,707,367,303,307,570,416,304],"class_list":{"0":"post-4274","1":"product","2":"type-product","3":"status-publish","4":"has-post-thumbnail","6":"product_cat-empresarios-en-mexico","7":"product_cat-personas","8":"product_tag-b2b-database-for-marketing","9":"product_tag-b2b-email-lists","10":"product_tag-base-de-datos","11":"product_tag-base-de-datos-ciudad-de-mexico","12":"product_tag-base-de-datos-correo-electronico","13":"product_tag-base-de-datos-correos-electronicos","14":"product_tag-base-de-datos-de-correos","15":"product_tag-base-de-datos-de-emails","16":"product_tag-base-de-datos-de-personas","17":"product_tag-base-de-datos-de-personas-fisicas","18":"product_tag-base-de-datos-de-telefonos","19":"product_tag-base-de-datos-email","20":"product_tag-base-de-datos-email-marketing","21":"product_tag-base-de-datos-emails","22":"product_tag-base-de-datos-empresarios","23":"product_tag-base-de-datos-mailing","24":"product_tag-base-de-datos-nse","25":"product_tag-base-de-datos-nse-alto","26":"product_tag-base-de-datos-telefono","27":"product_tag-bases-de-datos-de-telefonos-fijos","28":"product_tag-bases-de-datos-email","29":"product_tag-bases-de-datos-emails","30":"product_tag-buy-email-address","31":"product_tag-buy-email-address-database","32":"product_tag-consumer-email-database","33":"product_tag-consumer-email-list","34":"product_tag-consumer-emails","35":"product_tag-correos","36":"product_tag-database","37":"product_tag-database-of-email-advertising","38":"product_tag-database-of-emails","39":"product_tag-email","40":"product_tag-email-address-database","41":"product_tag-email-database","42":"product_tag-email-database-for-sale","43":"product_tag-email-list-providers","44":"product_tag-email-lists","45":"product_tag-email-marketer","46":"product_tag-email-marketing-database","47":"product_tag-email-marketing-list","48":"product_tag-email-services-marketing","49":"product_tag-emailing","50":"product_tag-emails-for-sale","51":"product_tag-list","52":"product_tag-list-of-emails","53":"product_tag-lista","54":"product_tag-lista-de-correo-electronico","55":"product_tag-lista-de-email","56":"product_tag-lista-de-numeros-de-telefonos","57":"product_tag-listado-de-emails","58":"product_tag-listado-de-emails-de-consumidores","59":"product_tag-listado-de-emails-de-personas","60":"product_tag-mailing","61":"product_tag-phone-database","62":"product_tag-phone-number-database","63":"product_tag-phone-number-list","64":"product_tag-telefono","65":"product_tag-telephone-number","67":"first","68":"instock","69":"sale","70":"virtual","71":"purchasable","72":"product-type-simple"},"aioseo_notices":[],"_links":{"self":[{"href":"https:\/\/sihay.com.mx\/basededatos\/wp-json\/wp\/v2\/product\/4274","targetHints":{"allow":["GET"]}}],"collection":[{"href":"https:\/\/sihay.com.mx\/basededatos\/wp-json\/wp\/v2\/product"}],"about":[{"href":"https:\/\/sihay.com.mx\/basededatos\/wp-json\/wp\/v2\/types\/product"}],"replies":[{"embeddable":true,"href":"https:\/\/sihay.com.mx\/basededatos\/wp-json\/wp\/v2\/comments?post=4274"}],"wp:featuredmedia":[{"embeddable":true,"href":"https:\/\/sihay.com.mx\/basededatos\/wp-json\/wp\/v2\/media\/1900"}],"wp:attachment":[{"href":"https:\/\/sihay.com.mx\/basededatos\/wp-json\/wp\/v2\/media?parent=4274"}],"wp:term":[{"taxonomy":"product_brand","embeddable":true,"href":"https:\/\/sihay.com.mx\/basededatos\/wp-json\/wp\/v2\/product_brand?post=4274"},{"taxonomy":"product_cat","embeddable":true,"href":"https:\/\/sihay.com.mx\/basededatos\/wp-json\/wp\/v2\/product_cat?post=4274"},{"taxonomy":"product_tag","embeddable":true,"href":"https:\/\/sihay.com.mx\/basededatos\/wp-json\/wp\/v2\/product_tag?post=4274"}],"curies":[{"name":"wp","href":"https:\/\/api.w.org\/{rel}","templated":true}]}}