{"id":4270,"date":"2022-11-16T21:30:54","date_gmt":"2022-11-16T21:30:54","guid":{"rendered":"https:\/\/sihay.com.mx\/basededatos\/shop-2\/empresas-de-salud-telecomunicaciones-academico-y-manufactura-con-500-registros-de-cada-industria-en-la-ciudad-de-mexico-y-estado-de-mexico\/"},"modified":"2023-06-06T17:01:16","modified_gmt":"2023-06-06T17:01:16","slug":"empresas-de-salud-telecomunicaciones-academico-y-manufactura-con-500-registros-de-cada-industria-en-la-ciudad-de-mexico-y-estado-de-mexico","status":"publish","type":"product","link":"https:\/\/sihay.com.mx\/basededatos\/tienda\/empresas-de-salud-telecomunicaciones-academico-y-manufactura-con-500-registros-de-cada-industria-en-la-ciudad-de-mexico-y-estado-de-mexico\/","title":{"rendered":"Empresas de: Salud, telecomunicaciones, acad\u00e9mico y manufactura con 500 registros de cada industria en la Ciudad de M\u00e9xico y Estado de M\u00e9xico."},"content":{"rendered":"","protected":false},"excerpt":{"rendered":"<p>&nbsp;<\/p>\n<div class=\"row\">\n<div class=\"col-sm\"><strong>C\u00f3digo:<\/strong> <strong class=\"text-danger\">OSSI-D9-1<\/strong><\/div>\n<div class=\"col-sm\"><strong>N\u00famero de registros:\u00a0<\/strong>2000<\/div>\n<\/div>\n<div class=\"row\">\n<div class=\"col-sm \"><strong>Folio: <\/strong><span class=\"text-danger\">MM0117B085<\/span><\/div>\n<\/div>\n<p><strong>Segmentaci\u00f3n:<\/strong><\/p>\n<div class=\"row\">\n<div class=\"col-sm \"><span class=\"text-justify\">Empresas de: Salud, telecomunicaciones, acad\u00e9mico y manufactura con 500 registros de cada industria en la Ciudad de M\u00e9xico y Estado de M\u00e9xico. <\/span><\/div>\n<\/div>\n<p><strong>Campos Contenidos:<\/strong><\/p>\n<div class=\"row\">\n<div class=\"col-sm \"><span class=\"text-justify\">Empresa \/Giro\/ Direcci\u00f3n \/ Ciudad \/ Estado \/ Contacto \/ Puesto: Tomadores de decisi\u00f3n de TI o Ingenieros TI o Gerentes TI o Directores TI.\/ Tel\u00e9fono \/ Email.<\/span><\/div>\n<\/div>\n<div class=\"row\">\n<div class=\"col-sm\"><strong>Garant\u00eda:\u00a0<\/strong>75%-85%<br \/>\n<strong>Precio Original:\u00a0<\/strong><del>$27,132.00 MXN<\/del><br \/>\n<strong>Descuento Especial:\u00a0<\/strong><strong class=\"text-danger\">25%<\/strong><\/div>\n<\/div>\n<div class=\"row\">\n<div class=\"col text-center\"><strong>Total a Pagar:\u00a0<\/strong><strong class=\"text-danger\">$20,349.00 MXN<\/strong><\/div>\n<\/div>\n","protected":false},"featured_media":1882,"comment_status":"closed","ping_status":"closed","template":"","meta":[],"product_brand":[],"product_cat":[152,127],"product_tag":[269,582,234,229,328,206,235,216,204,340,377,207,215,205,183,181,191,561,315,197,295,473,417,198,217,418,611,610,595,660,273,308,276,583,277,275,265,268,535,272,270,584,319,383,274,271,266,278,585,280,587,267,588,589,590,366,279,379,357,591,356,324,323,550,321,322,607,303,307,570,609,416,304],"class_list":{"0":"post-4270","1":"product","2":"type-product","3":"status-publish","4":"has-post-thumbnail","6":"product_cat-ciudad-de-mexico","7":"product_cat-empresas","8":"product_tag-b2b-database-for-marketing","9":"product_tag-b2b-email-lists","10":"product_tag-base-de-datos","11":"product_tag-base-de-datos-cdmx","12":"product_tag-base-de-datos-ciudad-de-mexico","13":"product_tag-base-de-datos-correo-electronico","14":"product_tag-base-de-datos-correos-electronicos","15":"product_tag-base-de-datos-de-correos","16":"product_tag-base-de-datos-de-emails","17":"product_tag-base-de-datos-de-industrias","18":"product_tag-base-de-datos-de-ingenieros-en-tecnologias-de-la-informacion","19":"product_tag-base-de-datos-de-telefonos","20":"product_tag-base-de-datos-director","21":"product_tag-base-de-datos-email","22":"product_tag-base-de-datos-email-marketing","23":"product_tag-base-de-datos-emails","24":"product_tag-base-de-datos-empresas","25":"product_tag-base-de-datos-estado-de-mexico","26":"product_tag-base-de-datos-gerente-ti","27":"product_tag-base-de-datos-gerentes","28":"product_tag-base-de-datos-ingenieros","29":"product_tag-base-de-datos-manufactura","30":"product_tag-base-de-datos-telefono","31":"product_tag-base-de-datos-tomador-de-decision","32":"product_tag-base-de-datos-tomadores-de-decisiones","33":"product_tag-bases-de-datos-de-telefonos-fijos","34":"product_tag-bases-de-datos-email","35":"product_tag-bases-de-datos-emails","36":"product_tag-bases-de-datos-telecomunicaciones","37":"product_tag-business","38":"product_tag-business-and-consumer-database","39":"product_tag-business-directory","40":"product_tag-business-email-list","41":"product_tag-business-emails","42":"product_tag-buy-email-address","43":"product_tag-buy-email-address-database","44":"product_tag-company-database","45":"product_tag-company-email-database","46":"product_tag-correos","47":"product_tag-database","48":"product_tag-database-of-email-advertising","49":"product_tag-database-of-emails","50":"product_tag-directorio-empresas","51":"product_tag-email","52":"product_tag-email-address-database","53":"product_tag-email-business-database","54":"product_tag-email-database","55":"product_tag-email-database-for-sale","56":"product_tag-email-database-of-businesses","57":"product_tag-email-list-providers","58":"product_tag-email-lists","59":"product_tag-email-marketer","60":"product_tag-email-marketing-database","61":"product_tag-email-marketing-list","62":"product_tag-email-services-marketing","63":"product_tag-emailing","64":"product_tag-emails-for-sale","65":"product_tag-ingenieros-en-ti","66":"product_tag-list","67":"product_tag-list-of-emails","68":"product_tag-lista","69":"product_tag-lista-de-correo-electronico","70":"product_tag-lista-de-email","71":"product_tag-lista-de-numeros-de-telefonos","72":"product_tag-listado-de-emails","73":"product_tag-listado-de-emails-de-empresas","74":"product_tag-marketing","75":"product_tag-phone-database","76":"product_tag-phone-number-database","77":"product_tag-phone-number-list","78":"product_tag-salud","79":"product_tag-telefono","80":"product_tag-telephone-number","82":"first","83":"instock","84":"sale","85":"virtual","86":"purchasable","87":"product-type-simple"},"aioseo_notices":[],"_links":{"self":[{"href":"https:\/\/sihay.com.mx\/basededatos\/wp-json\/wp\/v2\/product\/4270","targetHints":{"allow":["GET"]}}],"collection":[{"href":"https:\/\/sihay.com.mx\/basededatos\/wp-json\/wp\/v2\/product"}],"about":[{"href":"https:\/\/sihay.com.mx\/basededatos\/wp-json\/wp\/v2\/types\/product"}],"replies":[{"embeddable":true,"href":"https:\/\/sihay.com.mx\/basededatos\/wp-json\/wp\/v2\/comments?post=4270"}],"wp:featuredmedia":[{"embeddable":true,"href":"https:\/\/sihay.com.mx\/basededatos\/wp-json\/wp\/v2\/media\/1882"}],"wp:attachment":[{"href":"https:\/\/sihay.com.mx\/basededatos\/wp-json\/wp\/v2\/media?parent=4270"}],"wp:term":[{"taxonomy":"product_brand","embeddable":true,"href":"https:\/\/sihay.com.mx\/basededatos\/wp-json\/wp\/v2\/product_brand?post=4270"},{"taxonomy":"product_cat","embeddable":true,"href":"https:\/\/sihay.com.mx\/basededatos\/wp-json\/wp\/v2\/product_cat?post=4270"},{"taxonomy":"product_tag","embeddable":true,"href":"https:\/\/sihay.com.mx\/basededatos\/wp-json\/wp\/v2\/product_tag?post=4270"}],"curies":[{"name":"wp","href":"https:\/\/api.w.org\/{rel}","templated":true}]}}