{"id":4260,"date":"2022-11-16T21:30:53","date_gmt":"2022-11-16T21:30:53","guid":{"rendered":"https:\/\/sihay.com.mx\/basededatos\/shop-2\/empresas-con-mas-de-80-empleados-administrativos-del-sector-privado-con-el-50-de-registros-en-el-estado-de-mexico\/"},"modified":"2023-07-10T19:00:50","modified_gmt":"2023-07-10T19:00:50","slug":"empresas-con-mas-de-80-empleados-administrativos-del-sector-privado-con-el-50-de-registros-en-el-estado-de-mexico","status":"publish","type":"product","link":"https:\/\/sihay.com.mx\/basededatos\/tienda\/empresas-con-mas-de-80-empleados-administrativos-del-sector-privado-con-el-50-de-registros-en-el-estado-de-mexico\/","title":{"rendered":"Empresas con m\u00e1s de 80 empleados administrativos del sector privado con el 50% de registros en el estado de M\u00e9xico,"},"content":{"rendered":"","protected":false},"excerpt":{"rendered":"<p>&nbsp;<\/p>\n<div class=\"row\">\n<div class=\"col-sm\"><strong>C\u00f3digo:<\/strong> <span style=\"color: #ff0000;\"><strong>ELHI-N2<\/strong><\/span><\/div>\n<div class=\"col-sm\"><strong>N\u00famero de registros: 250<\/strong><\/div>\n<\/div>\n<div class=\"row\">\n<div class=\"col-sm \"><strong>Folio: <span style=\"color: #ff0000;\">HA1219B062<\/span><\/strong><\/div>\n<\/div>\n<p><strong>Segmentaci\u00f3n:<\/strong><\/p>\n<p>Empresas con m\u00e1s de 80 empleados administrativos del sector privado con el 50% de registros en el estado de M\u00e9xico, 30 % de registros en ciudad de M\u00e9xico y 20% de los registros en Cuernavaca Morelos.<\/p>\n<p><strong>Campos Contenidos:<\/strong><\/p>\n<div class=\"row\">\n<div class=\"col-sm \">Empresa \/ Giro \/ Direcci\u00f3n \/ Ciudad \/ Estado \/ Contacto \/ Puesto: CIO o CEO o IT manager o IT director o Gerente de sistemas\/ Tel\u00e9fono \/ Email \/ P\u00e1gina web*opcional.<\/div>\n<div><\/div>\n<\/div>\n<div class=\"row\">\n<div class=\"col-sm\"><strong>Garant\u00eda: 80%-85%<\/strong>\u00a0<strong>Precio Original:\u00a0<\/strong><del>$2,932.00 MXN <\/del><strong>Descuento Especial:\u00a0<span style=\"color: #ff0000;\">20<\/span><\/strong><span style=\"color: #ff0000;\"><strong class=\"text-danger\">%<\/strong><\/span><\/div>\n<\/div>\n<div class=\"row\">\n<div class=\"col text-center\"><strong>Total a Pagar:\u00a0<\/strong><span style=\"color: #ff0000;\"><strong class=\"text-danger\">$2,345.00 MXN<\/strong><\/span><\/div>\n<\/div>\n","protected":false},"featured_media":1864,"comment_status":"closed","ping_status":"closed","template":"","meta":[],"product_brand":[],"product_cat":[127],"product_tag":[269,582,234,192,579,328,206,235,216,204,207,205,183,181,191,561,197,477,417,403,418,611,610,276,583,277,275,265,268,535,272,270,584,383,274,266,278,280,587,267,588,589,590,366,279,500,357,591,356,324,323,550,321,367,390,303,307,570,416,304],"class_list":{"0":"post-4260","1":"product","2":"type-product","3":"status-publish","4":"has-post-thumbnail","6":"product_cat-empresas","7":"product_tag-b2b-database-for-marketing","8":"product_tag-b2b-email-lists","9":"product_tag-base-de-datos","10":"product_tag-base-de-datos-ceo","11":"product_tag-base-de-datos-cio","12":"product_tag-base-de-datos-ciudad-de-mexico","13":"product_tag-base-de-datos-correo-electronico","14":"product_tag-base-de-datos-correos-electronicos","15":"product_tag-base-de-datos-de-correos","16":"product_tag-base-de-datos-de-emails","17":"product_tag-base-de-datos-de-telefonos","18":"product_tag-base-de-datos-email","19":"product_tag-base-de-datos-email-marketing","20":"product_tag-base-de-datos-emails","21":"product_tag-base-de-datos-empresas","22":"product_tag-base-de-datos-estado-de-mexico","23":"product_tag-base-de-datos-gerentes","24":"product_tag-base-de-datos-mailing","25":"product_tag-base-de-datos-telefono","26":"product_tag-bases-de-datos","27":"product_tag-bases-de-datos-de-telefonos-fijos","28":"product_tag-bases-de-datos-email","29":"product_tag-bases-de-datos-emails","30":"product_tag-business-email-list","31":"product_tag-business-emails","32":"product_tag-buy-email-address","33":"product_tag-buy-email-address-database","34":"product_tag-company-database","35":"product_tag-company-email-database","36":"product_tag-correos","37":"product_tag-database","38":"product_tag-database-of-email-advertising","39":"product_tag-database-of-emails","40":"product_tag-email","41":"product_tag-email-address-database","42":"product_tag-email-database","43":"product_tag-email-database-for-sale","44":"product_tag-email-list-providers","45":"product_tag-email-lists","46":"product_tag-email-marketer","47":"product_tag-email-marketing-database","48":"product_tag-email-marketing-list","49":"product_tag-email-services-marketing","50":"product_tag-emailing","51":"product_tag-emails-for-sale","52":"product_tag-gerente-de-sistemas","53":"product_tag-list","54":"product_tag-list-of-emails","55":"product_tag-lista","56":"product_tag-lista-de-correo-electronico","57":"product_tag-lista-de-email","58":"product_tag-lista-de-numeros-de-telefonos","59":"product_tag-listado-de-emails","60":"product_tag-mailing","61":"product_tag-manager-database","62":"product_tag-phone-database","63":"product_tag-phone-number-database","64":"product_tag-phone-number-list","65":"product_tag-telefono","66":"product_tag-telephone-number","68":"first","69":"instock","70":"sale","71":"shipping-taxable","72":"purchasable","73":"product-type-simple"},"aioseo_notices":[],"_links":{"self":[{"href":"https:\/\/sihay.com.mx\/basededatos\/wp-json\/wp\/v2\/product\/4260","targetHints":{"allow":["GET"]}}],"collection":[{"href":"https:\/\/sihay.com.mx\/basededatos\/wp-json\/wp\/v2\/product"}],"about":[{"href":"https:\/\/sihay.com.mx\/basededatos\/wp-json\/wp\/v2\/types\/product"}],"replies":[{"embeddable":true,"href":"https:\/\/sihay.com.mx\/basededatos\/wp-json\/wp\/v2\/comments?post=4260"}],"wp:featuredmedia":[{"embeddable":true,"href":"https:\/\/sihay.com.mx\/basededatos\/wp-json\/wp\/v2\/media\/1864"}],"wp:attachment":[{"href":"https:\/\/sihay.com.mx\/basededatos\/wp-json\/wp\/v2\/media?parent=4260"}],"wp:term":[{"taxonomy":"product_brand","embeddable":true,"href":"https:\/\/sihay.com.mx\/basededatos\/wp-json\/wp\/v2\/product_brand?post=4260"},{"taxonomy":"product_cat","embeddable":true,"href":"https:\/\/sihay.com.mx\/basededatos\/wp-json\/wp\/v2\/product_cat?post=4260"},{"taxonomy":"product_tag","embeddable":true,"href":"https:\/\/sihay.com.mx\/basededatos\/wp-json\/wp\/v2\/product_tag?post=4260"}],"curies":[{"name":"wp","href":"https:\/\/api.w.org\/{rel}","templated":true}]}}