{"id":4239,"date":"2022-11-16T21:30:50","date_gmt":"2022-11-16T21:30:50","guid":{"rendered":"https:\/\/sihay.com.mx\/basededatos\/shop-2\/empresas-del-giro-financiero-en-ecuador-peru-chile-colombia-panama-y-mexico\/"},"modified":"2023-05-16T19:18:44","modified_gmt":"2023-05-16T19:18:44","slug":"empresas-del-giro-financiero-en-ecuador-peru-chile-colombia-panama-y-mexico","status":"publish","type":"product","link":"https:\/\/sihay.com.mx\/basededatos\/tienda\/empresas-del-giro-financiero-en-ecuador-peru-chile-colombia-panama-y-mexico\/","title":{"rendered":"Empresas del giro financiero en Ecuador, Per\u00fa,  Chile,  Colombia,  Panam\u00e1 y  M\u00e9xico."},"content":{"rendered":"","protected":false},"excerpt":{"rendered":"<p>&nbsp;<\/p>\n<div class=\"row\">\n<div class=\"col-sm\"><strong>C\u00f3digo:<\/strong> <span style=\"color: #ff0000;\"><strong>AGAR-M7-1<\/strong><\/span><\/div>\n<div class=\"col-sm\"><strong>N\u00famero de registros: 600<\/strong><\/div>\n<\/div>\n<div class=\"row\">\n<div class=\"col-sm \"><strong>Folio: <span style=\"color: #ff0000;\">03ZDSM1013-024<\/span><\/strong><\/div>\n<\/div>\n<p><strong>Segmentaci\u00f3n:<\/strong><\/p>\n<div class=\"row\">\n<div class=\"col-sm \">Empresas del giro financiero, del giro gubernamental, del giro retail, del giro de telecomunicaciones, y firmas de abogados en Ecuador (100 empresas), en Per\u00fa (100 empresas), en Chile (100 empresas), en Colombia (100 empresas), en Panam\u00e1 (100 empresas), en M\u00e9xico (100 empresas).<\/div>\n<\/div>\n<p><strong>Campos Contenidos:<\/strong><\/p>\n<div class=\"row\">\n<div class=\"col-sm \">Empresa \/ Giro \/ Direcci\u00f3n \/ Ciudad \/ Estado \/ Contacto \/ Puesto: CIOs o CISOs o CROs \/ Tel\u00e9fono Fijo \/ Email\/P\u00e1gina Web Opcional*.<\/div>\n<\/div>\n<div class=\"row\">\n<div class=\"col-sm\"><strong>Garant\u00eda: 80%-85%<\/strong>\u00a0<strong>Precio Original:\u00a0<\/strong><del>$10,512.00<\/del>\u00a0<strong>Descuento Especial:\u00a0<span style=\"color: #ff0000;\">20<\/span><\/strong><span style=\"color: #ff0000;\"><strong class=\"text-danger\">%<\/strong><\/span><\/div>\n<\/div>\n<div class=\"row\">\n<div class=\"col text-center\"><strong>Total a Pagar:\u00a0<\/strong><span style=\"color: #ff0000;\"><strong class=\"text-danger\">$8,409.00<\/strong><\/span><\/div>\n<\/div>\n","protected":false},"featured_media":1875,"comment_status":"closed","ping_status":"closed","template":"","meta":[],"product_brand":[],"product_cat":[127,144],"product_tag":[269,582,234,222,579,224,206,233,235,216,204,462,460,218,470,461,207,426,205,183,181,191,320,318,180,316,477,228,230,231,232,210,223,184,417,418,611,610,595,273,308,276,583,277,275,467,465,265,268,475,535,527,272,429,427,399,270,584,400,382,187,383,274,271,266,280,587,589,366,331,637,560,317,526,528,391,392,357,591,356,324,323,550,321,322,367,552,471,186,466,303,307,570,381,416,304,493],"class_list":{"0":"post-4239","1":"product","2":"type-product","3":"status-publish","4":"has-post-thumbnail","6":"product_cat-empresas","7":"product_cat-latinoamerica","8":"product_tag-b2b-database-for-marketing","9":"product_tag-b2b-email-lists","10":"product_tag-base-de-datos","11":"product_tag-base-de-datos-chile","12":"product_tag-base-de-datos-cio","13":"product_tag-base-de-datos-colombia","14":"product_tag-base-de-datos-correo-electronico","15":"product_tag-base-de-datos-correos-de-empresas-de-latinoamerica","16":"product_tag-base-de-datos-correos-electronicos","17":"product_tag-base-de-datos-de-correos","18":"product_tag-base-de-datos-de-emails","19":"product_tag-base-de-datos-de-empresas-chile","20":"product_tag-base-de-datos-de-empresas-colombia","21":"product_tag-base-de-datos-de-empresas-latinoamerica","22":"product_tag-base-de-datos-de-empresas-mexico","23":"product_tag-base-de-datos-de-empresas-peru","24":"product_tag-base-de-datos-de-telefonos","25":"product_tag-base-de-datos-ecuador","26":"product_tag-base-de-datos-email","27":"product_tag-base-de-datos-email-marketing","28":"product_tag-base-de-datos-emails","29":"product_tag-base-de-datos-empresas","30":"product_tag-base-de-datos-empresas-america-latina","31":"product_tag-base-de-datos-empresas-colombia","32":"product_tag-base-de-datos-en-mexico","33":"product_tag-base-de-datos-latinoamerica","34":"product_tag-base-de-datos-mailing","35":"product_tag-base-de-datos-mexico","36":"product_tag-base-de-datos-panama","37":"product_tag-base-de-datos-panama-city","38":"product_tag-base-de-datos-peru","39":"product_tag-base-de-datos-retail","40":"product_tag-base-de-datos-santiago-de-chile","41":"product_tag-base-de-datos-segmentadas-mexico","42":"product_tag-base-de-datos-telefono","43":"product_tag-bases-de-datos-de-telefonos-fijos","44":"product_tag-bases-de-datos-email","45":"product_tag-bases-de-datos-emails","46":"product_tag-bases-de-datos-telecomunicaciones","47":"product_tag-business-and-consumer-database","48":"product_tag-business-directory","49":"product_tag-business-email-list","50":"product_tag-business-emails","51":"product_tag-buy-email-address","52":"product_tag-buy-email-address-database","53":"product_tag-chile-company-database","54":"product_tag-colombia-company-database","55":"product_tag-company-database","56":"product_tag-company-email-database","57":"product_tag-comprar-base-de-datos-mexico","58":"product_tag-correos","59":"product_tag-data-latam","60":"product_tag-database","61":"product_tag-database-chile","62":"product_tag-database-colombia","63":"product_tag-database-ecuador","64":"product_tag-database-of-email-advertising","65":"product_tag-database-of-emails","66":"product_tag-database-peru","67":"product_tag-database-retail","68":"product_tag-ecuador","69":"product_tag-email","70":"product_tag-email-address-database","71":"product_tag-email-business-database","72":"product_tag-email-database","73":"product_tag-email-list-providers","74":"product_tag-email-lists","75":"product_tag-email-marketing-list","76":"product_tag-emailing","77":"product_tag-empresas-en-latinoamerica","78":"product_tag-empresas-en-mexico","79":"product_tag-latam","80":"product_tag-latam-base-de-datos","81":"product_tag-latam-data","82":"product_tag-latam-database","83":"product_tag-latin-america-database","84":"product_tag-latinoamerica-database","85":"product_tag-list","86":"product_tag-list-of-emails","87":"product_tag-lista","88":"product_tag-lista-de-correo-electronico","89":"product_tag-lista-de-email","90":"product_tag-lista-de-numeros-de-telefonos","91":"product_tag-listado-de-emails","92":"product_tag-listado-de-emails-de-empresas","93":"product_tag-mailing","94":"product_tag-mailing-mexico","95":"product_tag-mexico-company-database","96":"product_tag-panama","97":"product_tag-peru-company-database","98":"product_tag-phone-database","99":"product_tag-phone-number-database","100":"product_tag-phone-number-list","101":"product_tag-retail","102":"product_tag-telefono","103":"product_tag-telephone-number","104":"product_tag-venta-de-base-de-datos-mexico","106":"first","107":"instock","108":"sale","109":"virtual","110":"purchasable","111":"product-type-simple"},"aioseo_notices":[],"_links":{"self":[{"href":"https:\/\/sihay.com.mx\/basededatos\/wp-json\/wp\/v2\/product\/4239","targetHints":{"allow":["GET"]}}],"collection":[{"href":"https:\/\/sihay.com.mx\/basededatos\/wp-json\/wp\/v2\/product"}],"about":[{"href":"https:\/\/sihay.com.mx\/basededatos\/wp-json\/wp\/v2\/types\/product"}],"replies":[{"embeddable":true,"href":"https:\/\/sihay.com.mx\/basededatos\/wp-json\/wp\/v2\/comments?post=4239"}],"wp:featuredmedia":[{"embeddable":true,"href":"https:\/\/sihay.com.mx\/basededatos\/wp-json\/wp\/v2\/media\/1875"}],"wp:attachment":[{"href":"https:\/\/sihay.com.mx\/basededatos\/wp-json\/wp\/v2\/media?parent=4239"}],"wp:term":[{"taxonomy":"product_brand","embeddable":true,"href":"https:\/\/sihay.com.mx\/basededatos\/wp-json\/wp\/v2\/product_brand?post=4239"},{"taxonomy":"product_cat","embeddable":true,"href":"https:\/\/sihay.com.mx\/basededatos\/wp-json\/wp\/v2\/product_cat?post=4239"},{"taxonomy":"product_tag","embeddable":true,"href":"https:\/\/sihay.com.mx\/basededatos\/wp-json\/wp\/v2\/product_tag?post=4239"}],"curies":[{"name":"wp","href":"https:\/\/api.w.org\/{rel}","templated":true}]}}