{"id":4231,"date":"2022-11-16T21:30:49","date_gmt":"2022-11-16T21:30:49","guid":{"rendered":"https:\/\/sihay.com.mx\/basededatos\/shop-2\/restaurantes-empresas-de-banquetes-hoteles-comedores-industriales-medianas-y-grandes-en-la-ciudad-de-mexico\/"},"modified":"2023-05-19T18:47:32","modified_gmt":"2023-05-19T18:47:32","slug":"restaurantes-empresas-de-banquetes-hoteles-comedores-industriales-medianas-y-grandes-en-la-ciudad-de-mexico","status":"publish","type":"product","link":"https:\/\/sihay.com.mx\/basededatos\/tienda\/restaurantes-empresas-de-banquetes-hoteles-comedores-industriales-medianas-y-grandes-en-la-ciudad-de-mexico\/","title":{"rendered":"Restaurantes, empresas de banquetes, hoteles, comedores industriales, medianas y grandes  en la Ciudad de M\u00e9xico."},"content":{"rendered":"","protected":false},"excerpt":{"rendered":"<p>&nbsp;<\/p>\n<div class=\"row\">\n<div class=\"col-sm\"><strong>C\u00f3digo:<\/strong> <span style=\"color: #d12626;\"><strong>BRBE-J1<\/strong><\/span><\/div>\n<div class=\"col-sm\"><strong>N\u00famero de registros: <\/strong>250<\/div>\n<\/div>\n<div class=\"row\">\n<div class=\"col-sm \"><strong>Folio:<\/strong><span style=\"color: #d12626;\"> DQ0219B11<\/span><\/div>\n<\/div>\n<p><strong>Segmentaci\u00f3n:<\/strong><\/p>\n<div class=\"row\">\n<div class=\"col-sm \">Restaurantes, empresas de banquetes, hoteles, comedores industriales, medianas y grandes en las zonas de Santa fe, Polanco, Coyoac\u00e1n, Roma, Condesa, Narvarte y colonia Ju\u00e1rez en la Ciudad de M\u00e9xico.<\/div>\n<\/div>\n<p><strong>Campos Contenidos:<\/strong><\/p>\n<div class=\"row\">\n<div class=\"col-sm \">Contacto \/ Puesto: Chef o encargado de compras\/ Tel\u00e9fono \/ Email.<\/div>\n<\/div>\n<div class=\"row\">\n<div class=\"col-sm\"><strong>Garant\u00eda:<\/strong>  80%-85%<strong>Precio Original:\u00a0<\/strong><del>$2,473.00 MXN<\/del>\u00a0<strong>Descuento Especial:\u00a0<span style=\"color: #d12626;\">20<\/span><\/strong><span style=\"color: #d12626;\"><strong class=\"text-danger\">%<\/strong><\/span><\/div>\n<\/div>\n<div class=\"row\">\n<div class=\"col text-center\"><strong>Total a Pagar:\u00a0<\/strong><span style=\"color: #ff0000;\"><strong class=\"text-danger\">$1,978.00 MXN<\/strong><\/span><\/div>\n<\/div>\n","protected":false},"featured_media":1878,"comment_status":"closed","ping_status":"closed","template":"","meta":[],"product_brand":[],"product_cat":[127,147],"product_tag":[269,582,234,328,206,235,216,204,410,350,207,205,183,181,191,313,447,360,417,418,611,610,660,273,308,276,583,277,275,265,268,535,272,270,584,319,383,274,271,266,278,585,280,587,267,588,589,590,366,279,489,612,357,591,356,324,323,550,321,322,607,303,307,570,416,304],"class_list":{"0":"post-4231","1":"product","2":"type-product","3":"status-publish","4":"has-post-thumbnail","6":"product_cat-empresas","7":"product_cat-restaurantes","8":"product_tag-b2b-database-for-marketing","9":"product_tag-b2b-email-lists","10":"product_tag-base-de-datos","11":"product_tag-base-de-datos-ciudad-de-mexico","12":"product_tag-base-de-datos-correo-electronico","13":"product_tag-base-de-datos-correos-electronicos","14":"product_tag-base-de-datos-de-correos","15":"product_tag-base-de-datos-de-emails","16":"product_tag-base-de-datos-de-encargado-de-compras","17":"product_tag-base-de-datos-de-encargados","18":"product_tag-base-de-datos-de-telefonos","19":"product_tag-base-de-datos-email","20":"product_tag-base-de-datos-email-marketing","21":"product_tag-base-de-datos-emails","22":"product_tag-base-de-datos-empresas","23":"product_tag-base-de-datos-hoteles","24":"product_tag-base-de-datos-industria-alimenticia","25":"product_tag-base-de-datos-restaurantes","26":"product_tag-base-de-datos-telefono","27":"product_tag-bases-de-datos-de-telefonos-fijos","28":"product_tag-bases-de-datos-email","29":"product_tag-bases-de-datos-emails","30":"product_tag-business","31":"product_tag-business-and-consumer-database","32":"product_tag-business-directory","33":"product_tag-business-email-list","34":"product_tag-business-emails","35":"product_tag-buy-email-address","36":"product_tag-buy-email-address-database","37":"product_tag-company-database","38":"product_tag-company-email-database","39":"product_tag-correos","40":"product_tag-database","41":"product_tag-database-of-email-advertising","42":"product_tag-database-of-emails","43":"product_tag-directorio-empresas","44":"product_tag-email","45":"product_tag-email-address-database","46":"product_tag-email-business-database","47":"product_tag-email-database","48":"product_tag-email-database-for-sale","49":"product_tag-email-database-of-businesses","50":"product_tag-email-list-providers","51":"product_tag-email-lists","52":"product_tag-email-marketer","53":"product_tag-email-marketing-database","54":"product_tag-email-marketing-list","55":"product_tag-email-services-marketing","56":"product_tag-emailing","57":"product_tag-emails-for-sale","58":"product_tag-empresas-medianas-y-grandes","59":"product_tag-envio","60":"product_tag-list","61":"product_tag-list-of-emails","62":"product_tag-lista","63":"product_tag-lista-de-correo-electronico","64":"product_tag-lista-de-email","65":"product_tag-lista-de-numeros-de-telefonos","66":"product_tag-listado-de-emails","67":"product_tag-listado-de-emails-de-empresas","68":"product_tag-marketing","69":"product_tag-phone-database","70":"product_tag-phone-number-database","71":"product_tag-phone-number-list","72":"product_tag-telefono","73":"product_tag-telephone-number","75":"first","76":"instock","77":"sale","78":"virtual","79":"purchasable","80":"product-type-simple"},"aioseo_notices":[],"_links":{"self":[{"href":"https:\/\/sihay.com.mx\/basededatos\/wp-json\/wp\/v2\/product\/4231","targetHints":{"allow":["GET"]}}],"collection":[{"href":"https:\/\/sihay.com.mx\/basededatos\/wp-json\/wp\/v2\/product"}],"about":[{"href":"https:\/\/sihay.com.mx\/basededatos\/wp-json\/wp\/v2\/types\/product"}],"replies":[{"embeddable":true,"href":"https:\/\/sihay.com.mx\/basededatos\/wp-json\/wp\/v2\/comments?post=4231"}],"wp:featuredmedia":[{"embeddable":true,"href":"https:\/\/sihay.com.mx\/basededatos\/wp-json\/wp\/v2\/media\/1878"}],"wp:attachment":[{"href":"https:\/\/sihay.com.mx\/basededatos\/wp-json\/wp\/v2\/media?parent=4231"}],"wp:term":[{"taxonomy":"product_brand","embeddable":true,"href":"https:\/\/sihay.com.mx\/basededatos\/wp-json\/wp\/v2\/product_brand?post=4231"},{"taxonomy":"product_cat","embeddable":true,"href":"https:\/\/sihay.com.mx\/basededatos\/wp-json\/wp\/v2\/product_cat?post=4231"},{"taxonomy":"product_tag","embeddable":true,"href":"https:\/\/sihay.com.mx\/basededatos\/wp-json\/wp\/v2\/product_tag?post=4231"}],"curies":[{"name":"wp","href":"https:\/\/api.w.org\/{rel}","templated":true}]}}