{"id":4224,"date":"2022-11-16T21:30:47","date_gmt":"2022-11-16T21:30:47","guid":{"rendered":"https:\/\/sihay.com.mx\/basededatos\/shop-2\/empresas-aaa-y-corporativos-que-hagan-publicidad-en-general-a-nivel-nacional\/"},"modified":"2023-05-03T19:00:06","modified_gmt":"2023-05-03T19:00:06","slug":"empresas-aaa-y-corporativos-que-hagan-publicidad-en-general-a-nivel-nacional","status":"publish","type":"product","link":"https:\/\/sihay.com.mx\/basededatos\/tienda\/empresas-aaa-y-corporativos-que-hagan-publicidad-en-general-a-nivel-nacional\/","title":{"rendered":"Empresas AAA y Corporativos que hagan publicidad en general, a Nivel Nacional."},"content":{"rendered":"","protected":false},"excerpt":{"rendered":"<p>&nbsp;<\/p>\n<div class=\"row\">\n<div class=\"col-sm\"><strong>C\u00f3digo:<\/strong> <strong class=\"text-danger\">VESO-C1<\/strong><\/div>\n<div class=\"col-sm\"><strong>N\u00famero de registros: <\/strong>500<\/div>\n<\/div>\n<div class=\"row\">\n<div class=\"col-sm \"><strong>Folio: <\/strong><span class=\"text-danger\">AD0620B009<\/span><\/div>\n<\/div>\n<p><strong>Segmentaci\u00f3n:<\/strong><\/p>\n<div class=\"row\">\n<div class=\"col-sm \"><span class=\"text-justify\">Empresas AAA y Corporativos que hagan publicidad en general (por ejemplo: Industria Alimentaria, Bebidas alcoh\u00f3licas y no alcoh\u00f3licas, Consumo \u2013 Manufactura, Dulces y Confiter\u00eda, Sector Inmobiliario, Higiene y Belleza, Electr\u00f3nica, Farmac\u00e9uticas, Retail, Tiendas departamentales, Transporte, Automotriz, Juguetes) a Nivel Nacional. <\/span><\/div>\n<\/div>\n<p><strong>Campos Contenidos:<\/strong><\/p>\n<div class=\"row\">\n<div class=\"col-sm \"><span class=\"text-justify\">Empresa \/ Giro \/ Direcci\u00f3n \/ Ciudad \/ Estado \/ Contacto \/ Puesto: Director Financiero \/ Tel\u00e9fono \/ Email \/ P\u00e1gina web*opcional.<\/span><\/div>\n<\/div>\n<div class=\"row\">\n<div class=\"col-sm\"><strong>Garant\u00eda: <\/strong>80%-85%<br \/>\n<strong>Precio Original: <\/strong><del>$7,273.00 MXN<\/del><br \/>\n<strong>Descuento Especial: <\/strong><strong class=\"text-danger\">20%<\/strong><\/div>\n<\/div>\n<div class=\"row\">\n<div class=\"col text-center\"><strong>Total a Pagar: <\/strong><strong class=\"text-danger\">$5,818.00 MXN<\/strong><\/div>\n<\/div>\n","protected":false},"featured_media":1870,"comment_status":"closed","ping_status":"closed","template":"","meta":[],"product_brand":[],"product_cat":[127,139],"product_tag":[269,582,234,255,206,235,243,216,204,340,207,215,205,183,181,191,339,551,447,448,473,576,236,210,417,403,418,611,610,634,273,308,276,583,277,275,265,268,535,272,270,584,382,319,383,274,271,266,278,280,587,267,588,589,590,366,279,636,309,335,654,357,591,356,324,323,550,321,322,607,605,303,307,570,416,304,455],"class_list":{"0":"post-4224","1":"product","2":"type-product","3":"status-publish","4":"has-post-thumbnail","6":"product_cat-empresas","7":"product_cat-grandes","8":"product_tag-b2b-database-for-marketing","9":"product_tag-b2b-email-lists","10":"product_tag-base-de-datos","11":"product_tag-base-de-datos-automotriz","12":"product_tag-base-de-datos-correo-electronico","13":"product_tag-base-de-datos-correos-electronicos","14":"product_tag-base-de-datos-de-corporativos","15":"product_tag-base-de-datos-de-correos","16":"product_tag-base-de-datos-de-emails","17":"product_tag-base-de-datos-de-industrias","18":"product_tag-base-de-datos-de-telefonos","19":"product_tag-base-de-datos-director","20":"product_tag-base-de-datos-email","21":"product_tag-base-de-datos-email-marketing","22":"product_tag-base-de-datos-emails","23":"product_tag-base-de-datos-empresas","24":"product_tag-base-de-datos-empresas-aaa","25":"product_tag-base-de-datos-farmaceuticas","26":"product_tag-base-de-datos-industria-alimenticia","27":"product_tag-base-de-datos-industria-automotriz","28":"product_tag-base-de-datos-manufactura","29":"product_tag-base-de-datos-manufactureras","30":"product_tag-base-de-datos-nivel-nacional","31":"product_tag-base-de-datos-retail","32":"product_tag-base-de-datos-telefono","33":"product_tag-bases-de-datos","34":"product_tag-bases-de-datos-de-telefonos-fijos","35":"product_tag-bases-de-datos-email","36":"product_tag-bases-de-datos-emails","37":"product_tag-bases-de-datos-empresas-grandes","38":"product_tag-business-and-consumer-database","39":"product_tag-business-directory","40":"product_tag-business-email-list","41":"product_tag-business-emails","42":"product_tag-buy-email-address","43":"product_tag-buy-email-address-database","44":"product_tag-company-database","45":"product_tag-company-email-database","46":"product_tag-correos","47":"product_tag-database","48":"product_tag-database-of-email-advertising","49":"product_tag-database-of-emails","50":"product_tag-database-retail","51":"product_tag-directorio-empresas","52":"product_tag-email","53":"product_tag-email-address-database","54":"product_tag-email-business-database","55":"product_tag-email-database","56":"product_tag-email-database-for-sale","57":"product_tag-email-list-providers","58":"product_tag-email-lists","59":"product_tag-email-marketer","60":"product_tag-email-marketing-database","61":"product_tag-email-marketing-list","62":"product_tag-email-services-marketing","63":"product_tag-emailing","64":"product_tag-emails-for-sale","65":"product_tag-empresas-a-nivel-nacional","66":"product_tag-empresas-grandes","67":"product_tag-empresas-manufactureras","68":"product_tag-grandes","69":"product_tag-list","70":"product_tag-list-of-emails","71":"product_tag-lista","72":"product_tag-lista-de-correo-electronico","73":"product_tag-lista-de-email","74":"product_tag-lista-de-numeros-de-telefonos","75":"product_tag-listado-de-emails","76":"product_tag-listado-de-emails-de-empresas","77":"product_tag-marketing","78":"product_tag-nacional","79":"product_tag-phone-database","80":"product_tag-phone-number-database","81":"product_tag-phone-number-list","82":"product_tag-telefono","83":"product_tag-telephone-number","84":"product_tag-transporte","86":"first","87":"instock","88":"sale","89":"virtual","90":"purchasable","91":"product-type-simple"},"aioseo_notices":[],"_links":{"self":[{"href":"https:\/\/sihay.com.mx\/basededatos\/wp-json\/wp\/v2\/product\/4224","targetHints":{"allow":["GET"]}}],"collection":[{"href":"https:\/\/sihay.com.mx\/basededatos\/wp-json\/wp\/v2\/product"}],"about":[{"href":"https:\/\/sihay.com.mx\/basededatos\/wp-json\/wp\/v2\/types\/product"}],"replies":[{"embeddable":true,"href":"https:\/\/sihay.com.mx\/basededatos\/wp-json\/wp\/v2\/comments?post=4224"}],"wp:featuredmedia":[{"embeddable":true,"href":"https:\/\/sihay.com.mx\/basededatos\/wp-json\/wp\/v2\/media\/1870"}],"wp:attachment":[{"href":"https:\/\/sihay.com.mx\/basededatos\/wp-json\/wp\/v2\/media?parent=4224"}],"wp:term":[{"taxonomy":"product_brand","embeddable":true,"href":"https:\/\/sihay.com.mx\/basededatos\/wp-json\/wp\/v2\/product_brand?post=4224"},{"taxonomy":"product_cat","embeddable":true,"href":"https:\/\/sihay.com.mx\/basededatos\/wp-json\/wp\/v2\/product_cat?post=4224"},{"taxonomy":"product_tag","embeddable":true,"href":"https:\/\/sihay.com.mx\/basededatos\/wp-json\/wp\/v2\/product_tag?post=4224"}],"curies":[{"name":"wp","href":"https:\/\/api.w.org\/{rel}","templated":true}]}}