{"id":4172,"date":"2022-11-16T21:30:41","date_gmt":"2022-11-16T21:30:41","guid":{"rendered":"https:\/\/sihay.com.mx\/basededatos\/shop-2\/personas-fisicas-de-20-a-45-anos-de-edad-que-actualmente-consuman-vitaminas-y-proteinas-en-ciudad-de-mexico\/"},"modified":"2023-06-14T19:13:16","modified_gmt":"2023-06-14T19:13:16","slug":"personas-fisicas-de-20-a-45-anos-de-edad-que-actualmente-consuman-vitaminas-y-proteinas-en-ciudad-de-mexico","status":"publish","type":"product","link":"https:\/\/sihay.com.mx\/basededatos\/tienda\/personas-fisicas-de-20-a-45-anos-de-edad-que-actualmente-consuman-vitaminas-y-proteinas-en-ciudad-de-mexico\/","title":{"rendered":"Personas f\u00edsicas, de 20 a 45 a\u00f1os de edad, que actualmente consuman vitaminas y prote\u00ednas en Ciudad de M\u00e9xico."},"content":{"rendered":"","protected":false},"excerpt":{"rendered":"<p>&nbsp;<\/p>\n<div class=\"row\">\n<div class=\"col-sm\"><strong>C\u00f3digo:<\/strong> <strong class=\"text-danger\">SEMI-J3-06<\/strong><\/div>\n<div class=\"col-sm\"><strong>N\u00famero de registros: <\/strong>250<\/div>\n<\/div>\n<div class=\"row\">\n<div class=\"col-sm \"><strong>Folio: <\/strong><span class=\"text-danger\">OV0418B067<\/span><\/div>\n<\/div>\n<p><strong>Segmentaci\u00f3n:<\/strong><\/p>\n<div class=\"row\">\n<div class=\"col-sm \"><span class=\"text-justify\">Personas f\u00edsicas, de 20 a 45 a\u00f1os de edad, de un nivel socioecon\u00f3mico medio alto y alto que actualmente consuman vitaminas y prote\u00ednas en Ciudad de M\u00e9xico.<\/span><\/div>\n<\/div>\n<p><strong>Campos Contenidos:<\/strong><\/p>\n<div class=\"row\">\n<div class=\"col-sm \"><span class=\"text-justify\">Nombre \/ Direcci\u00f3n \/ Ciudad \/ Estado \/ Correo \/ Celular. <\/span><\/div>\n<\/div>\n<div class=\"row\">\n<div class=\"col-sm\"><strong>Garant\u00eda: <\/strong>80%-85%<br \/>\n<strong>Precio Original: <\/strong><del>$2,533.00 MXN<\/del><br \/>\n<strong>Descuento Especial: <\/strong><strong class=\"text-danger\">20%<\/strong><\/div>\n<\/div>\n<div class=\"row\">\n<div class=\"col text-center\"><strong>Total a Pagar: <\/strong><strong class=\"text-danger\">$2,027.00 MXN<\/strong><\/div>\n<\/div>\n","protected":false},"featured_media":1896,"comment_status":"closed","ping_status":"closed","template":"","meta":[],"product_brand":[],"product_cat":[171,159],"product_tag":[269,582,234,311,328,510,206,235,199,216,204,200,237,697,201,202,544,205,183,181,477,702,289,288,287,327,240,611,610,542,543,273,277,275,358,694,693,592,535,272,291,270,584,383,274,266,278,280,587,267,588,589,590,366,279,357,591,356,324,323,545,321,696,707,367,615,293,292,301,306,419],"class_list":{"0":"post-4172","1":"product","2":"type-product","3":"status-publish","4":"has-post-thumbnail","6":"product_cat-nse-medio-y-alto","7":"product_cat-personas","8":"product_tag-b2b-database-for-marketing","9":"product_tag-b2b-email-lists","10":"product_tag-base-de-datos","11":"product_tag-base-de-datos-celulares","12":"product_tag-base-de-datos-ciudad-de-mexico","13":"product_tag-base-de-datos-consumidores","14":"product_tag-base-de-datos-correo-electronico","15":"product_tag-base-de-datos-correos-electronicos","16":"product_tag-base-de-datos-de-celulares","17":"product_tag-base-de-datos-de-correos","18":"product_tag-base-de-datos-de-emails","19":"product_tag-base-de-datos-de-numeros-celulares","20":"product_tag-base-de-datos-de-personas","21":"product_tag-base-de-datos-de-personas-fisicas","22":"product_tag-base-de-datos-de-telefonos-celulares","23":"product_tag-base-de-datos-de-telefonos-movil","24":"product_tag-base-de-datos-de-telefonos-moviles","25":"product_tag-base-de-datos-email","26":"product_tag-base-de-datos-email-marketing","27":"product_tag-base-de-datos-emails","28":"product_tag-base-de-datos-mailing","29":"product_tag-base-de-datos-nse","30":"product_tag-base-de-datos-nse-alto","31":"product_tag-base-de-datos-nse-medio","32":"product_tag-base-de-datos-nse-medio-y-alto","33":"product_tag-base-de-datos-numeros-de-celulares","34":"product_tag-base-de-datos-personas","35":"product_tag-bases-de-datos-email","36":"product_tag-bases-de-datos-emails","37":"product_tag-bases-de-datos-movil","38":"product_tag-bases-de-datos-moviles","39":"product_tag-business-and-consumer-database","40":"product_tag-buy-email-address","41":"product_tag-buy-email-address-database","42":"product_tag-consumer-database","43":"product_tag-consumer-email-database","44":"product_tag-consumer-email-list","45":"product_tag-consumer-emails","46":"product_tag-correos","47":"product_tag-database","48":"product_tag-database-mobile","49":"product_tag-database-of-email-advertising","50":"product_tag-database-of-emails","51":"product_tag-email","52":"product_tag-email-address-database","53":"product_tag-email-database","54":"product_tag-email-database-for-sale","55":"product_tag-email-list-providers","56":"product_tag-email-lists","57":"product_tag-email-marketer","58":"product_tag-email-marketing-database","59":"product_tag-email-marketing-list","60":"product_tag-email-services-marketing","61":"product_tag-emailing","62":"product_tag-emails-for-sale","63":"product_tag-list","64":"product_tag-list-of-emails","65":"product_tag-lista","66":"product_tag-lista-de-correo-electronico","67":"product_tag-lista-de-email","68":"product_tag-lista-de-numeros-de-telefonos-celulares","69":"product_tag-listado-de-emails","70":"product_tag-listado-de-emails-de-consumidores","71":"product_tag-listado-de-emails-de-personas","72":"product_tag-mailing","73":"product_tag-mobile","74":"product_tag-mobile-number-database","75":"product_tag-mobile-phone-number","76":"product_tag-mobile-phone-number-database","77":"product_tag-mobile-phone-number-list","78":"product_tag-nivel-socioeconomico-medio-y-alto","80":"first","81":"instock","82":"sale","83":"virtual","84":"purchasable","85":"product-type-simple"},"aioseo_notices":[],"_links":{"self":[{"href":"https:\/\/sihay.com.mx\/basededatos\/wp-json\/wp\/v2\/product\/4172","targetHints":{"allow":["GET"]}}],"collection":[{"href":"https:\/\/sihay.com.mx\/basededatos\/wp-json\/wp\/v2\/product"}],"about":[{"href":"https:\/\/sihay.com.mx\/basededatos\/wp-json\/wp\/v2\/types\/product"}],"replies":[{"embeddable":true,"href":"https:\/\/sihay.com.mx\/basededatos\/wp-json\/wp\/v2\/comments?post=4172"}],"wp:featuredmedia":[{"embeddable":true,"href":"https:\/\/sihay.com.mx\/basededatos\/wp-json\/wp\/v2\/media\/1896"}],"wp:attachment":[{"href":"https:\/\/sihay.com.mx\/basededatos\/wp-json\/wp\/v2\/media?parent=4172"}],"wp:term":[{"taxonomy":"product_brand","embeddable":true,"href":"https:\/\/sihay.com.mx\/basededatos\/wp-json\/wp\/v2\/product_brand?post=4172"},{"taxonomy":"product_cat","embeddable":true,"href":"https:\/\/sihay.com.mx\/basededatos\/wp-json\/wp\/v2\/product_cat?post=4172"},{"taxonomy":"product_tag","embeddable":true,"href":"https:\/\/sihay.com.mx\/basededatos\/wp-json\/wp\/v2\/product_tag?post=4172"}],"curies":[{"name":"wp","href":"https:\/\/api.w.org\/{rel}","templated":true}]}}