{"id":4021,"date":"2022-11-16T21:30:20","date_gmt":"2022-11-16T21:30:20","guid":{"rendered":"https:\/\/sihay.com.mx\/basededatos\/shop-2\/companias-del-sector-retail-con-facturacion-entre-20-y-100-millones-de-dolares-en-la-ciudad-de-mexico\/"},"modified":"2023-05-24T19:15:54","modified_gmt":"2023-05-24T19:15:54","slug":"companias-del-sector-retail-con-facturacion-entre-20-y-100-millones-de-dolares-en-la-ciudad-de-mexico","status":"publish","type":"product","link":"https:\/\/sihay.com.mx\/basededatos\/tienda\/companias-del-sector-retail-con-facturacion-entre-20-y-100-millones-de-dolares-en-la-ciudad-de-mexico\/","title":{"rendered":"Compa\u00f1\u00edas del sector Retail con facturaci\u00f3n entre 20 y 100 millones de d\u00f3lares en la Ciudad de M\u00e9xico."},"content":{"rendered":"","protected":false},"excerpt":{"rendered":"<p>&nbsp;<\/p>\n<div class=\"row\">\n<div class=\"col-sm\"><strong>C\u00f3digo:<\/strong> <strong class=\"text-danger\">ROIS-H0<\/strong><\/div>\n<div class=\"col-sm\"><strong>N\u00famero de registros: <\/strong>300<\/div>\n<\/div>\n<div class=\"row\">\n<div class=\"col-sm \"><strong>Folio: <\/strong><span class=\"text-danger\">03MARI0818-003<\/span><\/div>\n<\/div>\n<p><strong>Segmentaci\u00f3n:<\/strong><\/p>\n<div class=\"row\">\n<div class=\"col-sm \"><span class=\"text-justify\">Compa\u00f1\u00edas del sector Retail con facturaci\u00f3n entre 20 y 100 millones de d\u00f3lares en la Ciudad de M\u00e9xico.<\/span><\/div>\n<\/div>\n<p><strong>Campos Contenidos:<\/strong><\/p>\n<div class=\"row\">\n<div class=\"col-sm \"><span class=\"text-justify\">Empresa \/ Giro \/ Direcci\u00f3n \/ Ciudad \/ Estado \/ Contacto \/ Puesto: Directores Comerciales o Directores de Marketing o Directores de Analytics o Directores de CRM o Directores de Operaciones \/ Tel\u00e9fono \/ Email.<\/span><\/div>\n<\/div>\n<div class=\"row\">\n<div class=\"col-sm\"><strong>Garant\u00eda: <\/strong>75%-85%<br \/>\n<strong>Precio Original: <\/strong><del>$3,501.00 MXN<\/del><br \/>\n<strong>Descuento Especial: <\/strong><strong class=\"text-danger\">25%<\/strong><\/div>\n<\/div>\n<div class=\"row\">\n<div class=\"col text-center\"><strong>Total a Pagar: <\/strong><strong class=\"text-danger\">$2,626.00 MXN<\/strong><\/div>\n<\/div>\n","protected":false},"featured_media":1879,"comment_status":"closed","ping_status":"closed","template":"","meta":[],"product_brand":[],"product_cat":[127,148],"product_tag":[269,234,328,206,235,216,204,207,215,205,183,181,300,191,477,210,417,566,403,418,273,308,276,277,275,265,268,351,476,475,535,272,270,382,319,383,274,271,266,278,280,267,588,589,590,366,279,357,356,324,323,550,321,322,367,552,570,381,416,352,469,559],"class_list":{"0":"post-4021","1":"product","2":"type-product","3":"status-publish","4":"has-post-thumbnail","6":"product_cat-empresas","7":"product_cat-retail","8":"product_tag-b2b-database-for-marketing","9":"product_tag-base-de-datos","10":"product_tag-base-de-datos-ciudad-de-mexico","11":"product_tag-base-de-datos-correo-electronico","12":"product_tag-base-de-datos-correos-electronicos","13":"product_tag-base-de-datos-de-correos","14":"product_tag-base-de-datos-de-emails","15":"product_tag-base-de-datos-de-telefonos","16":"product_tag-base-de-datos-director","17":"product_tag-base-de-datos-email","18":"product_tag-base-de-datos-email-marketing","19":"product_tag-base-de-datos-emails","20":"product_tag-base-de-datos-empresarios","21":"product_tag-base-de-datos-empresas","22":"product_tag-base-de-datos-mailing","23":"product_tag-base-de-datos-retail","24":"product_tag-base-de-datos-telefono","25":"product_tag-base-de-datos-ventas","26":"product_tag-bases-de-datos","27":"product_tag-bases-de-datos-de-telefonos-fijos","28":"product_tag-business-and-consumer-database","29":"product_tag-business-directory","30":"product_tag-business-email-list","31":"product_tag-buy-email-address","32":"product_tag-buy-email-address-database","33":"product_tag-company-database","34":"product_tag-company-email-database","35":"product_tag-compra-base-de-datos","36":"product_tag-comprar-base-de-datos","37":"product_tag-comprar-base-de-datos-mexico","38":"product_tag-correos","39":"product_tag-database","40":"product_tag-database-of-email-advertising","41":"product_tag-database-retail","42":"product_tag-directorio-empresas","43":"product_tag-email","44":"product_tag-email-address-database","45":"product_tag-email-business-database","46":"product_tag-email-database","47":"product_tag-email-database-for-sale","48":"product_tag-email-list-providers","49":"product_tag-email-marketer","50":"product_tag-email-marketing-database","51":"product_tag-email-marketing-list","52":"product_tag-email-services-marketing","53":"product_tag-emailing","54":"product_tag-emails-for-sale","55":"product_tag-list","56":"product_tag-lista","57":"product_tag-lista-de-correo-electronico","58":"product_tag-lista-de-email","59":"product_tag-lista-de-numeros-de-telefonos","60":"product_tag-listado-de-emails","61":"product_tag-listado-de-emails-de-empresas","62":"product_tag-mailing","63":"product_tag-mailing-mexico","64":"product_tag-phone-number-list","65":"product_tag-retail","66":"product_tag-telefono","67":"product_tag-venta-base-de-datos","68":"product_tag-venta-base-se-datos","69":"product_tag-venta-de-base-de-datos","71":"first","72":"instock","73":"sale","74":"virtual","75":"purchasable","76":"product-type-simple"},"aioseo_notices":[],"_links":{"self":[{"href":"https:\/\/sihay.com.mx\/basededatos\/wp-json\/wp\/v2\/product\/4021","targetHints":{"allow":["GET"]}}],"collection":[{"href":"https:\/\/sihay.com.mx\/basededatos\/wp-json\/wp\/v2\/product"}],"about":[{"href":"https:\/\/sihay.com.mx\/basededatos\/wp-json\/wp\/v2\/types\/product"}],"replies":[{"embeddable":true,"href":"https:\/\/sihay.com.mx\/basededatos\/wp-json\/wp\/v2\/comments?post=4021"}],"wp:featuredmedia":[{"embeddable":true,"href":"https:\/\/sihay.com.mx\/basededatos\/wp-json\/wp\/v2\/media\/1879"}],"wp:attachment":[{"href":"https:\/\/sihay.com.mx\/basededatos\/wp-json\/wp\/v2\/media?parent=4021"}],"wp:term":[{"taxonomy":"product_brand","embeddable":true,"href":"https:\/\/sihay.com.mx\/basededatos\/wp-json\/wp\/v2\/product_brand?post=4021"},{"taxonomy":"product_cat","embeddable":true,"href":"https:\/\/sihay.com.mx\/basededatos\/wp-json\/wp\/v2\/product_cat?post=4021"},{"taxonomy":"product_tag","embeddable":true,"href":"https:\/\/sihay.com.mx\/basededatos\/wp-json\/wp\/v2\/product_tag?post=4021"}],"curies":[{"name":"wp","href":"https:\/\/api.w.org\/{rel}","templated":true}]}}