{"id":4007,"date":"2022-11-16T21:30:16","date_gmt":"2022-11-16T21:30:16","guid":{"rendered":"https:\/\/sihay.com.mx\/basededatos\/shop-2\/personas-fisicas-con-distintos-rangos-de-edad-con-ingresos-minimos-comprobables-de-10000-00-mxn-a-nivel-nacional\/"},"modified":"2023-06-09T18:55:48","modified_gmt":"2023-06-09T18:55:48","slug":"personas-fisicas-con-distintos-rangos-de-edad-con-ingresos-minimos-comprobables-de-10000-00-mxn-a-nivel-nacional","status":"publish","type":"product","link":"https:\/\/sihay.com.mx\/basededatos\/tienda\/personas-fisicas-con-distintos-rangos-de-edad-con-ingresos-minimos-comprobables-de-10000-00-mxn-a-nivel-nacional\/","title":{"rendered":"Personas f\u00edsicas con distintos rangos de edad con  Ingresos m\u00ednimos comprobables de $10,000.00 MXN a Nivel Nacional."},"content":{"rendered":"","protected":false},"excerpt":{"rendered":"<p>&nbsp;<\/p>\n<div class=\"row\">\n<div class=\"col-sm\"><strong>C\u00f3digo:<\/strong> <strong class=\"text-danger\">MAHE-C1-10<\/strong><\/div>\n<div class=\"col-sm\"><strong>N\u00famero de registros: <\/strong>19300<\/div>\n<\/div>\n<div class=\"row\">\n<div class=\"col-sm \"><strong>Folio: <\/strong><span class=\"text-danger\">GD0215B100<\/span><\/div>\n<\/div>\n<p><strong>Segmentaci\u00f3n:<\/strong><\/p>\n<div class=\"row\">\n<div class=\"col-sm \"><span class=\"text-justify\">*Personas f\u00edsicas de Edad de 18 a 35 a\u00f1os. Ingresos m\u00ednimos comprobables de $10,000.00 MXN a Nivel Nacional (3500 REGISTROS).<br \/>\n*Personas f\u00edsicas Edad de 18 hasta 74 a\u00f1os 11 meses. Ingresos m\u00ednimos comprobables de $10,000.00 MXN a Nivel Nacional (4300 REGISTROS).<br \/>\n*Personas f\u00edsicas Edad de 18 hasta 74 a\u00f1os 11 meses. Ingresos m\u00ednimos comprobables de $10,000.00 MXN a Nivel Nacional (4300 REGISTROS).<br \/>\n*Personas f\u00edsicas Edad de 18 hasta 74 a\u00f1os 11 meses. Ingresos m\u00ednimos comprobables de $15,000.00 MXN a Nivel Nacional (3800 REGISTROS).<br \/>\n*Personas f\u00edsicas Edad de 25 hasta 74 a\u00f1os 11 meses. Ingresos m\u00ednimos comprobables de $50,000.00 MXN a Nivel Nacional (3400 REGISTROS).<br \/>\n<\/span><\/div>\n<\/div>\n<p><strong>Campos Contenidos:<\/strong><\/p>\n<div class=\"row\">\n<div class=\"col-sm \"><span class=\"text-justify\">*Nombre \/ Ciudad \/ Estado \/ Celular \/ Tel\u00e9fono fijo *opcional\/ Email.<br \/>\n*Nombre \/ Ciudad \/ Estado \/ Celular \/ Tel\u00e9fono fijo *opcional\/ Email.<br \/>\n*Nombre \/ Ciudad \/ Estado \/ Celular \/ Tel\u00e9fono fijo *opcional\/ Email. *Nombre \/ Ciudad \/ Estado \/ Celular \/ Tel\u00e9fono fijo *opcional\/ Email.<br \/>\n*Nombre \/ Ciudad \/ Estado \/ Celular \/ Tel\u00e9fono fijo *opcional\/ Email.<br \/>\n<\/span><\/div>\n<\/div>\n<div class=\"row\">\n<div class=\"col-sm\"><strong>Garant\u00eda: <\/strong>75%-85%<br \/>\n<strong>Precio Original: <\/strong><del>$281,444.00 MXN<\/del><br \/>\n<strong>Descuento Especial: <\/strong><strong class=\"text-danger\">25%<\/strong><\/div>\n<\/div>\n<div class=\"row\">\n<div class=\"col text-center\"><strong>Total a Pagar: <\/strong><strong class=\"text-danger\">$211,083.00 MXN<\/strong><\/div>\n<\/div>\n","protected":false},"featured_media":1892,"comment_status":"closed","ping_status":"closed","template":"","meta":[],"product_brand":[],"product_cat":[167,159],"product_tag":[269,582,234,311,510,206,235,199,509,216,204,200,237,697,207,201,202,544,205,183,181,477,236,327,240,417,566,418,611,610,542,543,277,275,351,476,358,694,693,592,535,272,291,270,584,383,274,695,266,278,280,587,267,588,589,590,366,279,357,591,356,324,323,550,545,321,696,367,607,615,293,292,301,306,385,359,303,307,570,416,304,352,469,559],"class_list":{"0":"post-4007","1":"product","2":"type-product","3":"status-publish","4":"has-post-thumbnail","6":"product_cat-consumidores-en-mexico","7":"product_cat-personas","8":"product_tag-b2b-database-for-marketing","9":"product_tag-b2b-email-lists","10":"product_tag-base-de-datos","11":"product_tag-base-de-datos-celulares","12":"product_tag-base-de-datos-consumidores","13":"product_tag-base-de-datos-correo-electronico","14":"product_tag-base-de-datos-correos-electronicos","15":"product_tag-base-de-datos-de-celulares","16":"product_tag-base-de-datos-de-consumidores","17":"product_tag-base-de-datos-de-correos","18":"product_tag-base-de-datos-de-emails","19":"product_tag-base-de-datos-de-numeros-celulares","20":"product_tag-base-de-datos-de-personas","21":"product_tag-base-de-datos-de-personas-fisicas","22":"product_tag-base-de-datos-de-telefonos","23":"product_tag-base-de-datos-de-telefonos-celulares","24":"product_tag-base-de-datos-de-telefonos-movil","25":"product_tag-base-de-datos-de-telefonos-moviles","26":"product_tag-base-de-datos-email","27":"product_tag-base-de-datos-email-marketing","28":"product_tag-base-de-datos-emails","29":"product_tag-base-de-datos-mailing","30":"product_tag-base-de-datos-nivel-nacional","31":"product_tag-base-de-datos-numeros-de-celulares","32":"product_tag-base-de-datos-personas","33":"product_tag-base-de-datos-telefono","34":"product_tag-base-de-datos-ventas","35":"product_tag-bases-de-datos-de-telefonos-fijos","36":"product_tag-bases-de-datos-email","37":"product_tag-bases-de-datos-emails","38":"product_tag-bases-de-datos-movil","39":"product_tag-bases-de-datos-moviles","40":"product_tag-buy-email-address","41":"product_tag-buy-email-address-database","42":"product_tag-compra-base-de-datos","43":"product_tag-comprar-base-de-datos","44":"product_tag-consumer-database","45":"product_tag-consumer-email-database","46":"product_tag-consumer-email-list","47":"product_tag-consumer-emails","48":"product_tag-correos","49":"product_tag-database","50":"product_tag-database-mobile","51":"product_tag-database-of-email-advertising","52":"product_tag-database-of-emails","53":"product_tag-email","54":"product_tag-email-address-database","55":"product_tag-email-consumer-database","56":"product_tag-email-database","57":"product_tag-email-database-for-sale","58":"product_tag-email-list-providers","59":"product_tag-email-lists","60":"product_tag-email-marketer","61":"product_tag-email-marketing-database","62":"product_tag-email-marketing-list","63":"product_tag-email-services-marketing","64":"product_tag-emailing","65":"product_tag-emails-for-sale","66":"product_tag-list","67":"product_tag-list-of-emails","68":"product_tag-lista","69":"product_tag-lista-de-correo-electronico","70":"product_tag-lista-de-email","71":"product_tag-lista-de-numeros-de-telefonos","72":"product_tag-lista-de-numeros-de-telefonos-celulares","73":"product_tag-listado-de-emails","74":"product_tag-listado-de-emails-de-consumidores","75":"product_tag-mailing","76":"product_tag-marketing","77":"product_tag-mobile","78":"product_tag-mobile-number-database","79":"product_tag-mobile-phone-number","80":"product_tag-mobile-phone-number-database","81":"product_tag-mobile-phone-number-list","82":"product_tag-national-database","83":"product_tag-personas-fisicas","84":"product_tag-phone-database","85":"product_tag-phone-number-database","86":"product_tag-phone-number-list","87":"product_tag-telefono","88":"product_tag-telephone-number","89":"product_tag-venta-base-de-datos","90":"product_tag-venta-base-se-datos","91":"product_tag-venta-de-base-de-datos","93":"first","94":"instock","95":"sale","96":"virtual","97":"purchasable","98":"product-type-simple"},"aioseo_notices":[],"_links":{"self":[{"href":"https:\/\/sihay.com.mx\/basededatos\/wp-json\/wp\/v2\/product\/4007","targetHints":{"allow":["GET"]}}],"collection":[{"href":"https:\/\/sihay.com.mx\/basededatos\/wp-json\/wp\/v2\/product"}],"about":[{"href":"https:\/\/sihay.com.mx\/basededatos\/wp-json\/wp\/v2\/types\/product"}],"replies":[{"embeddable":true,"href":"https:\/\/sihay.com.mx\/basededatos\/wp-json\/wp\/v2\/comments?post=4007"}],"wp:featuredmedia":[{"embeddable":true,"href":"https:\/\/sihay.com.mx\/basededatos\/wp-json\/wp\/v2\/media\/1892"}],"wp:attachment":[{"href":"https:\/\/sihay.com.mx\/basededatos\/wp-json\/wp\/v2\/media?parent=4007"}],"wp:term":[{"taxonomy":"product_brand","embeddable":true,"href":"https:\/\/sihay.com.mx\/basededatos\/wp-json\/wp\/v2\/product_brand?post=4007"},{"taxonomy":"product_cat","embeddable":true,"href":"https:\/\/sihay.com.mx\/basededatos\/wp-json\/wp\/v2\/product_cat?post=4007"},{"taxonomy":"product_tag","embeddable":true,"href":"https:\/\/sihay.com.mx\/basededatos\/wp-json\/wp\/v2\/product_tag?post=4007"}],"curies":[{"name":"wp","href":"https:\/\/api.w.org\/{rel}","templated":true}]}}