{"id":3989,"date":"2022-11-16T21:30:14","date_gmt":"2022-11-16T21:30:14","guid":{"rendered":"https:\/\/sihay.com.mx\/basededatos\/shop-2\/empresas-de-la-industria-automotriz-o-autopartes-y-el-sector-manufactura-de-aviacion-en-cdmx-estado-de-mexico-queretaro-jalisco-y-guanajuato\/"},"modified":"2023-05-16T16:59:21","modified_gmt":"2023-05-16T16:59:21","slug":"empresas-de-la-industria-automotriz-o-autopartes-y-el-sector-manufactura-de-aviacion-en-cdmx-estado-de-mexico-queretaro-jalisco-y-guanajuato","status":"publish","type":"product","link":"https:\/\/sihay.com.mx\/basededatos\/tienda\/empresas-de-la-industria-automotriz-o-autopartes-y-el-sector-manufactura-de-aviacion-en-cdmx-estado-de-mexico-queretaro-jalisco-y-guanajuato\/","title":{"rendered":"Empresas de la industria automotriz o autopartes y el sector manufactura de aviaci\u00f3n en CDMX, Estado de M\u00e9xico. Quer\u00e9taro, Jalisco y Guanajuato."},"content":{"rendered":"","protected":false},"excerpt":{"rendered":"<p>&nbsp;<\/p>\n<div class=\"row\">\n<div class=\"col-sm\"><strong>C\u00f3digo:<\/strong> <strong class=\"text-danger\">JOFLO-CA<\/strong><\/div>\n<div class=\"col-sm\"><strong>N\u00famero de registros: <\/strong>250<\/div>\n<\/div>\n<div class=\"row\">\n<div class=\"col-sm \"><strong>Folio: <\/strong><span class=\"text-danger\">JF0818B020<\/span><\/div>\n<\/div>\n<p><strong>Segmentaci\u00f3n:<\/strong><\/p>\n<div class=\"row\">\n<div class=\"col-sm \"><span class=\"text-justify\">Empresas de la industria automotriz o autopartes y el sector manufactura de aviaci\u00f3n en la Ciudad de M\u00e9xico y las ciudades de Toluca, Metepec y Lerma, del Estado de M\u00e9xico. Quer\u00e9taro, San Juan Del R\u00edo, Col\u00f3n, El Marqu\u00e9s y Corregidora, del Estado de Quer\u00e9taro. Guadalajara y Zapopan, del Estado de Jalisco. Silao, Guanajuato, Irapuato, Celaya y Le\u00f3n, del Estado de Guanajuato.<\/span><\/div>\n<\/div>\n<p><strong>Campos Contenidos:<\/strong><\/p>\n<div class=\"row\">\n<div class=\"col-sm \"><span class=\"text-justify\">Empresa \/ Giro \/ Direcci\u00f3n \/ Ciudad \/ Estado \/ Contacto \/ Puesto: Director general o Gerente de TI o Director de TI o Director de operaciones\/ Tel\u00e9fono \/ Email.<\/span><\/div>\n<\/div>\n<div class=\"row\">\n<div class=\"col-sm\"><strong>Garant\u00eda: <\/strong>75%-85%<br \/>\n<strong>Precio Original: <\/strong><del>$3,023.00 MXN<\/del><br \/>\n<strong>Descuento Especial: <\/strong><strong class=\"text-danger\">25%<\/strong><\/div>\n<\/div>\n<div class=\"row\">\n<div class=\"col text-center\"><strong>Total a Pagar: <\/strong><strong class=\"text-danger\">$2,268.00 MXN<\/strong><\/div>\n<\/div>\n","protected":false},"featured_media":1873,"comment_status":"closed","ping_status":"closed","template":"","meta":[],"product_brand":[],"product_cat":[127,142],"product_tag":[269,582,234,328,206,235,216,204,340,207,264,215,194,205,183,181,191,561,315,197,310,555,448,554,473,349,417,418,611,610,273,308,276,583,277,275,265,268,535,272,270,584,319,383,274,271,266,278,280,587,267,588,589,590,279,503,342,505,357,591,356,324,323,550,321,322,552,607,303,307,570,416,304,519],"class_list":{"0":"post-3989","1":"product","2":"type-product","3":"status-publish","4":"has-post-thumbnail","6":"product_cat-empresas","7":"product_cat-industria-automotriz","8":"product_tag-b2b-database-for-marketing","9":"product_tag-b2b-email-lists","10":"product_tag-base-de-datos","11":"product_tag-base-de-datos-ciudad-de-mexico","12":"product_tag-base-de-datos-correo-electronico","13":"product_tag-base-de-datos-correos-electronicos","14":"product_tag-base-de-datos-de-correos","15":"product_tag-base-de-datos-de-emails","16":"product_tag-base-de-datos-de-industrias","17":"product_tag-base-de-datos-de-telefonos","18":"product_tag-base-de-datos-del-estado-de-queretaro","19":"product_tag-base-de-datos-director","20":"product_tag-base-de-datos-director-general","21":"product_tag-base-de-datos-email","22":"product_tag-base-de-datos-email-marketing","23":"product_tag-base-de-datos-emails","24":"product_tag-base-de-datos-empresas","25":"product_tag-base-de-datos-estado-de-mexico","26":"product_tag-base-de-datos-gerente-ti","27":"product_tag-base-de-datos-gerentes","28":"product_tag-base-de-datos-guadalajara","29":"product_tag-base-de-datos-guanajuato","30":"product_tag-base-de-datos-industria-automotriz","31":"product_tag-base-de-datos-jalisco","32":"product_tag-base-de-datos-manufactura","33":"product_tag-base-de-datos-queretaro","34":"product_tag-base-de-datos-telefono","35":"product_tag-bases-de-datos-de-telefonos-fijos","36":"product_tag-bases-de-datos-email","37":"product_tag-bases-de-datos-emails","38":"product_tag-business-and-consumer-database","39":"product_tag-business-directory","40":"product_tag-business-email-list","41":"product_tag-business-emails","42":"product_tag-buy-email-address","43":"product_tag-buy-email-address-database","44":"product_tag-company-database","45":"product_tag-company-email-database","46":"product_tag-correos","47":"product_tag-database","48":"product_tag-database-of-email-advertising","49":"product_tag-database-of-emails","50":"product_tag-directorio-empresas","51":"product_tag-email","52":"product_tag-email-address-database","53":"product_tag-email-business-database","54":"product_tag-email-database","55":"product_tag-email-database-for-sale","56":"product_tag-email-list-providers","57":"product_tag-email-lists","58":"product_tag-email-marketer","59":"product_tag-email-marketing-database","60":"product_tag-email-marketing-list","61":"product_tag-email-services-marketing","62":"product_tag-emails-for-sale","63":"product_tag-guadalajara-database","64":"product_tag-industria-automotriz","65":"product_tag-leon-guanajuato","66":"product_tag-list","67":"product_tag-list-of-emails","68":"product_tag-lista","69":"product_tag-lista-de-correo-electronico","70":"product_tag-lista-de-email","71":"product_tag-lista-de-numeros-de-telefonos","72":"product_tag-listado-de-emails","73":"product_tag-listado-de-emails-de-empresas","74":"product_tag-mailing-mexico","75":"product_tag-marketing","76":"product_tag-phone-database","77":"product_tag-phone-number-database","78":"product_tag-phone-number-list","79":"product_tag-telefono","80":"product_tag-telephone-number","81":"product_tag-ti","83":"first","84":"instock","85":"sale","86":"virtual","87":"purchasable","88":"product-type-simple"},"aioseo_notices":[],"_links":{"self":[{"href":"https:\/\/sihay.com.mx\/basededatos\/wp-json\/wp\/v2\/product\/3989","targetHints":{"allow":["GET"]}}],"collection":[{"href":"https:\/\/sihay.com.mx\/basededatos\/wp-json\/wp\/v2\/product"}],"about":[{"href":"https:\/\/sihay.com.mx\/basededatos\/wp-json\/wp\/v2\/types\/product"}],"replies":[{"embeddable":true,"href":"https:\/\/sihay.com.mx\/basededatos\/wp-json\/wp\/v2\/comments?post=3989"}],"wp:featuredmedia":[{"embeddable":true,"href":"https:\/\/sihay.com.mx\/basededatos\/wp-json\/wp\/v2\/media\/1873"}],"wp:attachment":[{"href":"https:\/\/sihay.com.mx\/basededatos\/wp-json\/wp\/v2\/media?parent=3989"}],"wp:term":[{"taxonomy":"product_brand","embeddable":true,"href":"https:\/\/sihay.com.mx\/basededatos\/wp-json\/wp\/v2\/product_brand?post=3989"},{"taxonomy":"product_cat","embeddable":true,"href":"https:\/\/sihay.com.mx\/basededatos\/wp-json\/wp\/v2\/product_cat?post=3989"},{"taxonomy":"product_tag","embeddable":true,"href":"https:\/\/sihay.com.mx\/basededatos\/wp-json\/wp\/v2\/product_tag?post=3989"}],"curies":[{"name":"wp","href":"https:\/\/api.w.org\/{rel}","templated":true}]}}