{"id":3972,"date":"2022-11-16T21:30:11","date_gmt":"2022-11-16T21:30:11","guid":{"rendered":"https:\/\/sihay.com.mx\/basededatos\/shop-2\/personas-fisicas-de-25-anos-en-adelante-economicamente-activas-y-tarjetahabientes-en-la-ciudad-de-oaxaca\/"},"modified":"2023-06-09T19:04:51","modified_gmt":"2023-06-09T19:04:51","slug":"personas-fisicas-de-25-anos-en-adelante-economicamente-activas-y-tarjetahabientes-en-la-ciudad-de-oaxaca","status":"publish","type":"product","link":"https:\/\/sihay.com.mx\/basededatos\/tienda\/personas-fisicas-de-25-anos-en-adelante-economicamente-activas-y-tarjetahabientes-en-la-ciudad-de-oaxaca\/","title":{"rendered":"Personas f\u00edsicas, de 25 a\u00f1os en adelante, econ\u00f3micamente activas y tarjetahabientes  en la ciudad de Oaxaca."},"content":{"rendered":"","protected":false},"excerpt":{"rendered":"<p>&nbsp;<\/p>\n<div class=\"row\">\n<div class=\"col-sm\"><strong>C\u00f3digo:<\/strong> <strong class=\"text-danger\">JOSA-P4<\/strong><\/div>\n<div class=\"col-sm\"><strong>N\u00famero de registros:\u00a0<\/strong>250<\/div>\n<\/div>\n<div class=\"row\">\n<div class=\"col-sm \"><strong>Folio: <\/strong><span class=\"text-danger\">CS0418B050<\/span><\/div>\n<\/div>\n<p><strong>Segmentaci\u00f3n:<\/strong><\/p>\n<div class=\"row\">\n<div class=\"col-sm \">Personas f\u00edsicas, de 25 a\u00f1os en adelante, econ\u00f3micamente activas y tarjetahabientes en la ciudad de Oaxaca.<\/div>\n<\/div>\n<p><strong>Campos Contenidos:<\/strong><\/p>\n<div class=\"row\">\n<div class=\"col-sm \">Nombre \/ Direcci\u00f3n \/ Ciudad \/ Estado \/ Tel\u00e9fono \/ Email.<\/div>\n<\/div>\n<div class=\"row\">\n<div class=\"col-sm\"><strong>Garant\u00eda:\u00a0<\/strong>75%-85%\u00a0<strong>Precio Original:<del>\u00a0<\/del><\/strong><del>$2,382.00 MXN<\/del> <strong>Descuento Especial:\u00a0<\/strong><strong class=\"text-danger\">25%<\/strong><\/div>\n<\/div>\n<div class=\"row\">\n<div class=\"col text-center\"><strong>Total a Pagar:\u00a0<\/strong><strong class=\"text-danger\">$1,786.00 MXN<\/strong><\/div>\n<\/div>\n","protected":false},"featured_media":1892,"comment_status":"closed","ping_status":"closed","template":"","meta":[],"product_brand":[],"product_cat":[167,159],"product_tag":[269,582,234,510,206,235,509,216,204,237,697,207,205,183,181,477,240,698,417,566,418,611,610,600,277,275,351,476,358,694,693,592,535,272,270,584,383,274,695,266,278,280,587,267,588,589,590,366,279,357,591,356,324,323,550,321,696,367,607,359,303,307,570,416,304,352,469,559],"class_list":{"0":"post-3972","1":"product","2":"type-product","3":"status-publish","4":"has-post-thumbnail","6":"product_cat-consumidores-en-mexico","7":"product_cat-personas","8":"product_tag-b2b-database-for-marketing","9":"product_tag-b2b-email-lists","10":"product_tag-base-de-datos","11":"product_tag-base-de-datos-consumidores","12":"product_tag-base-de-datos-correo-electronico","13":"product_tag-base-de-datos-correos-electronicos","14":"product_tag-base-de-datos-de-consumidores","15":"product_tag-base-de-datos-de-correos","16":"product_tag-base-de-datos-de-emails","17":"product_tag-base-de-datos-de-personas","18":"product_tag-base-de-datos-de-personas-fisicas","19":"product_tag-base-de-datos-de-telefonos","20":"product_tag-base-de-datos-email","21":"product_tag-base-de-datos-email-marketing","22":"product_tag-base-de-datos-emails","23":"product_tag-base-de-datos-mailing","24":"product_tag-base-de-datos-personas","25":"product_tag-base-de-datos-tarjetahabientes","26":"product_tag-base-de-datos-telefono","27":"product_tag-base-de-datos-ventas","28":"product_tag-bases-de-datos-de-telefonos-fijos","29":"product_tag-bases-de-datos-email","30":"product_tag-bases-de-datos-emails","31":"product_tag-bases-de-datos-oaxaca","32":"product_tag-buy-email-address","33":"product_tag-buy-email-address-database","34":"product_tag-compra-base-de-datos","35":"product_tag-comprar-base-de-datos","36":"product_tag-consumer-database","37":"product_tag-consumer-email-database","38":"product_tag-consumer-email-list","39":"product_tag-consumer-emails","40":"product_tag-correos","41":"product_tag-database","42":"product_tag-database-of-email-advertising","43":"product_tag-database-of-emails","44":"product_tag-email","45":"product_tag-email-address-database","46":"product_tag-email-consumer-database","47":"product_tag-email-database","48":"product_tag-email-database-for-sale","49":"product_tag-email-list-providers","50":"product_tag-email-lists","51":"product_tag-email-marketer","52":"product_tag-email-marketing-database","53":"product_tag-email-marketing-list","54":"product_tag-email-services-marketing","55":"product_tag-emailing","56":"product_tag-emails-for-sale","57":"product_tag-list","58":"product_tag-list-of-emails","59":"product_tag-lista","60":"product_tag-lista-de-correo-electronico","61":"product_tag-lista-de-email","62":"product_tag-lista-de-numeros-de-telefonos","63":"product_tag-listado-de-emails","64":"product_tag-listado-de-emails-de-consumidores","65":"product_tag-mailing","66":"product_tag-marketing","67":"product_tag-personas-fisicas","68":"product_tag-phone-database","69":"product_tag-phone-number-database","70":"product_tag-phone-number-list","71":"product_tag-telefono","72":"product_tag-telephone-number","73":"product_tag-venta-base-de-datos","74":"product_tag-venta-base-se-datos","75":"product_tag-venta-de-base-de-datos","77":"first","78":"instock","79":"sale","80":"virtual","81":"purchasable","82":"product-type-simple"},"aioseo_notices":[],"_links":{"self":[{"href":"https:\/\/sihay.com.mx\/basededatos\/wp-json\/wp\/v2\/product\/3972","targetHints":{"allow":["GET"]}}],"collection":[{"href":"https:\/\/sihay.com.mx\/basededatos\/wp-json\/wp\/v2\/product"}],"about":[{"href":"https:\/\/sihay.com.mx\/basededatos\/wp-json\/wp\/v2\/types\/product"}],"replies":[{"embeddable":true,"href":"https:\/\/sihay.com.mx\/basededatos\/wp-json\/wp\/v2\/comments?post=3972"}],"wp:featuredmedia":[{"embeddable":true,"href":"https:\/\/sihay.com.mx\/basededatos\/wp-json\/wp\/v2\/media\/1892"}],"wp:attachment":[{"href":"https:\/\/sihay.com.mx\/basededatos\/wp-json\/wp\/v2\/media?parent=3972"}],"wp:term":[{"taxonomy":"product_brand","embeddable":true,"href":"https:\/\/sihay.com.mx\/basededatos\/wp-json\/wp\/v2\/product_brand?post=3972"},{"taxonomy":"product_cat","embeddable":true,"href":"https:\/\/sihay.com.mx\/basededatos\/wp-json\/wp\/v2\/product_cat?post=3972"},{"taxonomy":"product_tag","embeddable":true,"href":"https:\/\/sihay.com.mx\/basededatos\/wp-json\/wp\/v2\/product_tag?post=3972"}],"curies":[{"name":"wp","href":"https:\/\/api.w.org\/{rel}","templated":true}]}}