{"id":3960,"date":"2022-11-16T21:30:10","date_gmt":"2022-11-16T21:30:10","guid":{"rendered":"https:\/\/sihay.com.mx\/basededatos\/shop-2\/empresas-y-escuelas-en-la-ciudad-de-mexico-y-estados-de-morelos-queretaro-y-estado-de-mexico\/"},"modified":"2023-07-12T19:14:14","modified_gmt":"2023-07-12T19:14:14","slug":"empresas-y-escuelas-en-la-ciudad-de-mexico-y-estados-de-morelos-queretaro-y-estado-de-mexico","status":"publish","type":"product","link":"https:\/\/sihay.com.mx\/basededatos\/tienda\/empresas-y-escuelas-en-la-ciudad-de-mexico-y-estados-de-morelos-queretaro-y-estado-de-mexico\/","title":{"rendered":"Empresas y escuelas en la Ciudad de M\u00e9xico y Estados de Morelos, Quer\u00e9taro y Estado de M\u00e9xico."},"content":{"rendered":"","protected":false},"excerpt":{"rendered":"<p>&nbsp;<\/p>\n<div class=\"row\">\n<div class=\"col-sm\"><strong>C\u00f3digo:<\/strong> <strong class=\"text-danger\">NUMO-C6<\/strong><\/div>\n<div class=\"col-sm\"><strong>N\u00famero de registros: <\/strong>250<\/div>\n<\/div>\n<div class=\"row\">\n<div class=\"col-sm \"><strong>Folio: <\/strong><span class=\"text-danger\">NM0118B023<\/span><\/div>\n<\/div>\n<p><strong>Segmentaci\u00f3n:<\/strong><\/p>\n<div class=\"row\">\n<div class=\"col-sm \"><span class=\"text-justify\">Empresas y escuelas en la Ciudad de M\u00e9xico y Estados de Morelos, Quer\u00e9taro y Estado de M\u00e9xico.<\/span><\/div>\n<\/div>\n<p><strong>Campos Contenidos:<\/strong><\/p>\n<div class=\"row\">\n<div class=\"col-sm \"><span class=\"text-justify\">Empresa \/ Giro \/ Direcci\u00f3n \/ Ciudad \/ Estado \/ Contacto \/ Puesto: Encargado del \u00e1rea de finanzas o Recursos Humanos o direcci\u00f3n general\/ Tel\u00e9fono \/ Email.<\/span><\/div>\n<\/div>\n<div class=\"row\">\n<div class=\"col-sm\"><strong>Garant\u00eda: <\/strong>75%-85%<br \/>\n<strong>Precio Original:\u00a0<\/strong><del>$2,442.00 MXN<\/del><br \/>\n<strong>Descuento Especial: <\/strong><strong class=\"text-danger\">25%<\/strong><\/div>\n<\/div>\n<div class=\"row\">\n<div class=\"col text-center\"><strong>Total a Pagar:\u00a0<\/strong><strong class=\"text-danger\">$1,831.00 MXN<\/strong><\/div>\n<\/div>\n","protected":false},"featured_media":1864,"comment_status":"closed","ping_status":"closed","template":"","meta":[],"product_brand":[],"product_cat":[127],"product_tag":[269,582,234,328,206,235,216,204,350,207,263,264,205,183,181,191,561,597,477,349,413,417,403,418,611,610,276,583,277,275,265,268,535,272,270,584,656,383,274,266,278,280,587,267,588,589,590,366,279,357,591,356,324,323,550,321,367,303,307,570,416,304],"class_list":{"0":"post-3960","1":"product","2":"type-product","3":"status-publish","4":"has-post-thumbnail","6":"product_cat-empresas","7":"product_tag-b2b-database-for-marketing","8":"product_tag-b2b-email-lists","9":"product_tag-base-de-datos","10":"product_tag-base-de-datos-ciudad-de-mexico","11":"product_tag-base-de-datos-correo-electronico","12":"product_tag-base-de-datos-correos-electronicos","13":"product_tag-base-de-datos-de-correos","14":"product_tag-base-de-datos-de-emails","15":"product_tag-base-de-datos-de-encargados","16":"product_tag-base-de-datos-de-telefonos","17":"product_tag-base-de-datos-del-estado-de-morelos","18":"product_tag-base-de-datos-del-estado-de-queretaro","19":"product_tag-base-de-datos-email","20":"product_tag-base-de-datos-email-marketing","21":"product_tag-base-de-datos-emails","22":"product_tag-base-de-datos-empresas","23":"product_tag-base-de-datos-estado-de-mexico","24":"product_tag-base-de-datos-finanzas","25":"product_tag-base-de-datos-mailing","26":"product_tag-base-de-datos-queretaro","27":"product_tag-base-de-datos-recursos-humanos","28":"product_tag-base-de-datos-telefono","29":"product_tag-bases-de-datos","30":"product_tag-bases-de-datos-de-telefonos-fijos","31":"product_tag-bases-de-datos-email","32":"product_tag-bases-de-datos-emails","33":"product_tag-business-email-list","34":"product_tag-business-emails","35":"product_tag-buy-email-address","36":"product_tag-buy-email-address-database","37":"product_tag-company-database","38":"product_tag-company-email-database","39":"product_tag-correos","40":"product_tag-database","41":"product_tag-database-of-email-advertising","42":"product_tag-database-of-emails","43":"product_tag-direccion","44":"product_tag-email","45":"product_tag-email-address-database","46":"product_tag-email-database","47":"product_tag-email-database-for-sale","48":"product_tag-email-list-providers","49":"product_tag-email-lists","50":"product_tag-email-marketer","51":"product_tag-email-marketing-database","52":"product_tag-email-marketing-list","53":"product_tag-email-services-marketing","54":"product_tag-emailing","55":"product_tag-emails-for-sale","56":"product_tag-list","57":"product_tag-list-of-emails","58":"product_tag-lista","59":"product_tag-lista-de-correo-electronico","60":"product_tag-lista-de-email","61":"product_tag-lista-de-numeros-de-telefonos","62":"product_tag-listado-de-emails","63":"product_tag-mailing","64":"product_tag-phone-database","65":"product_tag-phone-number-database","66":"product_tag-phone-number-list","67":"product_tag-telefono","68":"product_tag-telephone-number","70":"first","71":"instock","72":"sale","73":"virtual","74":"purchasable","75":"product-type-simple"},"aioseo_notices":[],"_links":{"self":[{"href":"https:\/\/sihay.com.mx\/basededatos\/wp-json\/wp\/v2\/product\/3960","targetHints":{"allow":["GET"]}}],"collection":[{"href":"https:\/\/sihay.com.mx\/basededatos\/wp-json\/wp\/v2\/product"}],"about":[{"href":"https:\/\/sihay.com.mx\/basededatos\/wp-json\/wp\/v2\/types\/product"}],"replies":[{"embeddable":true,"href":"https:\/\/sihay.com.mx\/basededatos\/wp-json\/wp\/v2\/comments?post=3960"}],"wp:featuredmedia":[{"embeddable":true,"href":"https:\/\/sihay.com.mx\/basededatos\/wp-json\/wp\/v2\/media\/1864"}],"wp:attachment":[{"href":"https:\/\/sihay.com.mx\/basededatos\/wp-json\/wp\/v2\/media?parent=3960"}],"wp:term":[{"taxonomy":"product_brand","embeddable":true,"href":"https:\/\/sihay.com.mx\/basededatos\/wp-json\/wp\/v2\/product_brand?post=3960"},{"taxonomy":"product_cat","embeddable":true,"href":"https:\/\/sihay.com.mx\/basededatos\/wp-json\/wp\/v2\/product_cat?post=3960"},{"taxonomy":"product_tag","embeddable":true,"href":"https:\/\/sihay.com.mx\/basededatos\/wp-json\/wp\/v2\/product_tag?post=3960"}],"curies":[{"name":"wp","href":"https:\/\/api.w.org\/{rel}","templated":true}]}}