{"id":3927,"date":"2022-11-16T21:30:06","date_gmt":"2022-11-16T21:30:06","guid":{"rendered":"https:\/\/sihay.com.mx\/basededatos\/shop-2\/empresas-manufactureras-que-se-dediquen-a-la-fabricacion-de-productos-alimenticios-bebidas-y-tabaco-fabricacion-de-coque-productos-refinados-de-petroleo-etc\/"},"modified":"2023-03-29T17:36:55","modified_gmt":"2023-03-29T17:36:55","slug":"empresas-manufactureras-que-se-dediquen-a-la-fabricacion-de-productos-alimenticios-bebidas-y-tabaco-fabricacion-de-coque-productos-refinados-de-petroleo-etc","status":"publish","type":"product","link":"https:\/\/sihay.com.mx\/basededatos\/tienda\/empresas-manufactureras-que-se-dediquen-a-la-fabricacion-de-productos-alimenticios-bebidas-y-tabaco-fabricacion-de-coque-productos-refinados-de-petroleo-etc\/","title":{"rendered":"Empresas manufactureras que se dediquen a la: fabricaci\u00f3n de productos alimenticios; Bebidas y tabaco, Fabricaci\u00f3n de coque, productos refinados de petr\u00f3leo etc\u2026"},"content":{"rendered":"","protected":false},"excerpt":{"rendered":"<p>&nbsp;<\/p>\n<div class=\"row\">\n<div class=\"col-sm\"><strong>C\u00f3digo:<\/strong> <strong class=\"text-danger\">ILME-E5<\/strong><\/div>\n<div class=\"col-sm\"><strong>N\u00famero de registros: <\/strong>300<\/div>\n<\/div>\n<div class=\"row\">\n<div class=\"col-sm \"><strong>Folio: <\/strong><span class=\"text-danger\">03PLLM0217-034<\/span><\/div>\n<\/div>\n<p><strong>Segmentaci\u00f3n:<\/strong><\/p>\n<div class=\"row\">\n<div class=\"col-sm \"><span class=\"text-justify\">Empresas manufactureras que se dediquen a la: fabricaci\u00f3n de productos alimenticios; Bebidas y tabaco, Fabricaci\u00f3n de coque, productos refinados de petr\u00f3leo y combustible nuclear, Fabricaci\u00f3n de productos qu\u00edmicos, productos qu\u00edmicos y fibras, sint\u00e9ticas o artificiales, Fabricaci\u00f3n de metales b\u00e1sicos y productos met\u00e1licos, Fabricaci\u00f3n de equipos el\u00e9ctricos y \u00f3pticos, Fabricaci\u00f3n de maquinaria y equipo no clasificado , Fabricaci\u00f3n de material de transporte, Otras manufacturas a Nivel Nacional.<\/span><\/div>\n<\/div>\n<p><strong>Campos Contenidos:<\/strong><\/p>\n<div class=\"row\">\n<div class=\"col-sm \"><span class=\"text-justify\">Empresa \/ Giro \/ Direcci\u00f3n \/ Ciudad \/ Estado \/ Contacto \/ Puesto: Encargado de compras \/ Tel\u00e9fono \/ Email.<\/span><\/div>\n<\/div>\n<div class=\"row\">\n<div class=\"col-sm\"><strong>Garant\u00eda: <\/strong>65%-75%<br \/>\n<strong>Precio Original: <\/strong><del>$3,170.00 MXN<\/del><br \/>\n<strong>Descuento Especial: <\/strong><strong class=\"text-danger\">35%<\/strong><\/div>\n<\/div>\n<div class=\"row\">\n<div class=\"col text-center\"><strong>Total a Pagar: <\/strong><strong class=\"text-danger\">$2,060.00 MXN<\/strong><\/div>\n<\/div>\n","protected":false},"featured_media":1876,"comment_status":"closed","ping_status":"closed","template":"","meta":[],"product_brand":[],"product_cat":[127,145],"product_tag":[269,582,234,206,235,216,204,470,410,350,207,205,183,181,191,448,477,473,576,236,417,566,403,418,273,308,276,583,277,275,265,268,351,476,475,535,272,270,584,319,383,274,271,266,278,585,586,280,587,267,588,589,590,366,279,501,335,357,591,356,324,323,550,321,322,367,385,570,416,352,469],"class_list":{"0":"post-3927","1":"product","2":"type-product","3":"status-publish","4":"has-post-thumbnail","6":"product_cat-empresas","7":"product_cat-manufactureras","8":"product_tag-b2b-database-for-marketing","9":"product_tag-b2b-email-lists","10":"product_tag-base-de-datos","11":"product_tag-base-de-datos-correo-electronico","12":"product_tag-base-de-datos-correos-electronicos","13":"product_tag-base-de-datos-de-correos","14":"product_tag-base-de-datos-de-emails","15":"product_tag-base-de-datos-de-empresas-mexico","16":"product_tag-base-de-datos-de-encargado-de-compras","17":"product_tag-base-de-datos-de-encargados","18":"product_tag-base-de-datos-de-telefonos","19":"product_tag-base-de-datos-email","20":"product_tag-base-de-datos-email-marketing","21":"product_tag-base-de-datos-emails","22":"product_tag-base-de-datos-empresas","23":"product_tag-base-de-datos-industria-automotriz","24":"product_tag-base-de-datos-mailing","25":"product_tag-base-de-datos-manufactura","26":"product_tag-base-de-datos-manufactureras","27":"product_tag-base-de-datos-nivel-nacional","28":"product_tag-base-de-datos-telefono","29":"product_tag-base-de-datos-ventas","30":"product_tag-bases-de-datos","31":"product_tag-bases-de-datos-de-telefonos-fijos","32":"product_tag-business-and-consumer-database","33":"product_tag-business-directory","34":"product_tag-business-email-list","35":"product_tag-business-emails","36":"product_tag-buy-email-address","37":"product_tag-buy-email-address-database","38":"product_tag-company-database","39":"product_tag-company-email-database","40":"product_tag-compra-base-de-datos","41":"product_tag-comprar-base-de-datos","42":"product_tag-comprar-base-de-datos-mexico","43":"product_tag-correos","44":"product_tag-database","45":"product_tag-database-of-email-advertising","46":"product_tag-database-of-emails","47":"product_tag-directorio-empresas","48":"product_tag-email","49":"product_tag-email-address-database","50":"product_tag-email-business-database","51":"product_tag-email-database","52":"product_tag-email-database-for-sale","53":"product_tag-email-database-of-businesses","54":"product_tag-email-databases","55":"product_tag-email-list-providers","56":"product_tag-email-lists","57":"product_tag-email-marketer","58":"product_tag-email-marketing-database","59":"product_tag-email-marketing-list","60":"product_tag-email-services-marketing","61":"product_tag-emailing","62":"product_tag-emails-for-sale","63":"product_tag-empresas","64":"product_tag-empresas-manufactureras","65":"product_tag-list","66":"product_tag-list-of-emails","67":"product_tag-lista","68":"product_tag-lista-de-correo-electronico","69":"product_tag-lista-de-email","70":"product_tag-lista-de-numeros-de-telefonos","71":"product_tag-listado-de-emails","72":"product_tag-listado-de-emails-de-empresas","73":"product_tag-mailing","74":"product_tag-national-database","75":"product_tag-phone-number-list","76":"product_tag-telefono","77":"product_tag-venta-base-de-datos","78":"product_tag-venta-base-se-datos","80":"first","81":"instock","82":"sale","83":"virtual","84":"purchasable","85":"product-type-simple"},"aioseo_notices":[],"_links":{"self":[{"href":"https:\/\/sihay.com.mx\/basededatos\/wp-json\/wp\/v2\/product\/3927","targetHints":{"allow":["GET"]}}],"collection":[{"href":"https:\/\/sihay.com.mx\/basededatos\/wp-json\/wp\/v2\/product"}],"about":[{"href":"https:\/\/sihay.com.mx\/basededatos\/wp-json\/wp\/v2\/types\/product"}],"replies":[{"embeddable":true,"href":"https:\/\/sihay.com.mx\/basededatos\/wp-json\/wp\/v2\/comments?post=3927"}],"wp:featuredmedia":[{"embeddable":true,"href":"https:\/\/sihay.com.mx\/basededatos\/wp-json\/wp\/v2\/media\/1876"}],"wp:attachment":[{"href":"https:\/\/sihay.com.mx\/basededatos\/wp-json\/wp\/v2\/media?parent=3927"}],"wp:term":[{"taxonomy":"product_brand","embeddable":true,"href":"https:\/\/sihay.com.mx\/basededatos\/wp-json\/wp\/v2\/product_brand?post=3927"},{"taxonomy":"product_cat","embeddable":true,"href":"https:\/\/sihay.com.mx\/basededatos\/wp-json\/wp\/v2\/product_cat?post=3927"},{"taxonomy":"product_tag","embeddable":true,"href":"https:\/\/sihay.com.mx\/basededatos\/wp-json\/wp\/v2\/product_tag?post=3927"}],"curies":[{"name":"wp","href":"https:\/\/api.w.org\/{rel}","templated":true}]}}