{"id":3908,"date":"2022-11-16T21:30:01","date_gmt":"2022-11-16T21:30:01","guid":{"rendered":"https:\/\/sihay.com.mx\/basededatos\/shop-2\/industrias-medianas-grandes-de-retail-cpg-manufactura-embotelladoras-autoservicios-transporte-farmaceuticas-autopartes-y-mas-giros-a-nivel-nacional\/"},"modified":"2023-05-24T19:23:05","modified_gmt":"2023-05-24T19:23:05","slug":"industrias-medianas-grandes-de-retail-cpg-manufactura-embotelladoras-autoservicios-transporte-farmaceuticas-autopartes-y-mas-giros-a-nivel-nacional","status":"publish","type":"product","link":"https:\/\/sihay.com.mx\/basededatos\/tienda\/industrias-medianas-grandes-de-retail-cpg-manufactura-embotelladoras-autoservicios-transporte-farmaceuticas-autopartes-y-mas-giros-a-nivel-nacional\/","title":{"rendered":"Industrias medianas grandes de: Retail, CPG, Manufactura, Embotelladoras, Autoservicios, Transporte, Farmac\u00e9uticas, Autopartes&#8230;y m\u00e1s giros a Nivel Nacional."},"content":{"rendered":"","protected":false},"excerpt":{"rendered":"<p>&nbsp;<\/p>\n<div class=\"row\">\n<div class=\"col-sm\"><strong>C\u00f3digo:<\/strong> <strong class=\"text-danger\">HETO-T9<\/strong><\/div>\n<div class=\"col-sm\"><strong>N\u00famero de registros: <\/strong>250<\/div>\n<\/div>\n<div class=\"row\">\n<div class=\"col-sm \"><strong>Folio: <\/strong><span class=\"text-danger\">OW0518B113<\/span><\/div>\n<\/div>\n<p><strong>Segmentaci\u00f3n:<\/strong><\/p>\n<div class=\"row\">\n<div class=\"col-sm \">Industrias medianas grandes de: Retail, CPG, Manufactura, Embotelladoras, Autoservicios, Transporte, Farmac\u00e9uticas, Autopartes, MRO (Mantenimiento, Reparaci\u00f3n, Operaci\u00f3n), Hospitalidad, Salud y Belleza, Moda, Mascotas, Muebler\u00edas, Aerol\u00edneas. Electr\u00f3nicos, Juguetes. Entretenimiento ( que tengan un Modelo de empresa: B2B y B2C) a Nivel Nacional.<\/div>\n<\/div>\n<p><strong>Campos Contenidos:<\/strong><\/p>\n<div class=\"row\">\n<div class=\"col-sm \">Empresa \/ Giro \/ Direcci\u00f3n \/ Ciudad \/ Estado \/ Contacto \/ Puesto: Directores de eCommerce o Directores de mercadotecnia o Directores de Inform\u00e1tica (IT) o Directores de Innovaci\u00f3n \/ Tel\u00e9fono \/ Email.<\/div>\n<\/div>\n<div class=\"row\">\n<div class=\"col-sm\"><strong>Garant\u00eda:\u00a0<\/strong>75%-85% <strong>Precio Original:\u00a0<\/strong><del>$3,023.00 MXN <\/del><strong>Descuento Especial:\u00a0<\/strong><strong class=\"text-danger\">25%<\/strong><\/div>\n<\/div>\n<div class=\"row\">\n<div class=\"col text-center\"><strong>Total a Pagar:\u00a0<\/strong><strong class=\"text-danger\">$2,268.00 MXN<\/strong><\/div>\n<\/div>\n","protected":false},"featured_media":1879,"comment_status":"closed","ping_status":"closed","template":"","meta":[],"product_brand":[],"product_cat":[127,148],"product_tag":[269,234,328,206,235,532,216,204,340,207,215,205,183,181,300,191,551,477,473,236,210,417,566,403,418,273,308,276,277,275,265,268,351,476,475,535,272,270,382,575,319,383,274,271,266,278,280,267,366,279,423,501,636,309,453,357,356,324,323,550,321,322,367,552,673,385,570,381,416,455,352,469,559],"class_list":{"0":"post-3908","1":"product","2":"type-product","3":"status-publish","4":"has-post-thumbnail","6":"product_cat-empresas","7":"product_cat-retail","8":"product_tag-b2b-database-for-marketing","9":"product_tag-base-de-datos","10":"product_tag-base-de-datos-ciudad-de-mexico","11":"product_tag-base-de-datos-correo-electronico","12":"product_tag-base-de-datos-correos-electronicos","13":"product_tag-base-de-datos-de-autoservicios","14":"product_tag-base-de-datos-de-correos","15":"product_tag-base-de-datos-de-emails","16":"product_tag-base-de-datos-de-industrias","17":"product_tag-base-de-datos-de-telefonos","18":"product_tag-base-de-datos-director","19":"product_tag-base-de-datos-email","20":"product_tag-base-de-datos-email-marketing","21":"product_tag-base-de-datos-emails","22":"product_tag-base-de-datos-empresarios","23":"product_tag-base-de-datos-empresas","24":"product_tag-base-de-datos-farmaceuticas","25":"product_tag-base-de-datos-mailing","26":"product_tag-base-de-datos-manufactura","27":"product_tag-base-de-datos-nivel-nacional","28":"product_tag-base-de-datos-retail","29":"product_tag-base-de-datos-telefono","30":"product_tag-base-de-datos-ventas","31":"product_tag-bases-de-datos","32":"product_tag-bases-de-datos-de-telefonos-fijos","33":"product_tag-business-and-consumer-database","34":"product_tag-business-directory","35":"product_tag-business-email-list","36":"product_tag-buy-email-address","37":"product_tag-buy-email-address-database","38":"product_tag-company-database","39":"product_tag-company-email-database","40":"product_tag-compra-base-de-datos","41":"product_tag-comprar-base-de-datos","42":"product_tag-comprar-base-de-datos-mexico","43":"product_tag-correos","44":"product_tag-database","45":"product_tag-database-of-email-advertising","46":"product_tag-database-retail","47":"product_tag-director","48":"product_tag-directorio-empresas","49":"product_tag-email","50":"product_tag-email-address-database","51":"product_tag-email-business-database","52":"product_tag-email-database","53":"product_tag-email-database-for-sale","54":"product_tag-email-list-providers","55":"product_tag-email-marketer","56":"product_tag-emailing","57":"product_tag-emails-for-sale","58":"product_tag-empresarios","59":"product_tag-empresas","60":"product_tag-empresas-a-nivel-nacional","61":"product_tag-empresas-grandes","62":"product_tag-empresas-medianas","63":"product_tag-list","64":"product_tag-lista","65":"product_tag-lista-de-correo-electronico","66":"product_tag-lista-de-email","67":"product_tag-lista-de-numeros-de-telefonos","68":"product_tag-listado-de-emails","69":"product_tag-listado-de-emails-de-empresas","70":"product_tag-mailing","71":"product_tag-mailing-mexico","72":"product_tag-mercadotecnia","73":"product_tag-national-database","74":"product_tag-phone-number-list","75":"product_tag-retail","76":"product_tag-telefono","77":"product_tag-transporte","78":"product_tag-venta-base-de-datos","79":"product_tag-venta-base-se-datos","80":"product_tag-venta-de-base-de-datos","82":"first","83":"instock","84":"sale","85":"virtual","86":"purchasable","87":"product-type-simple"},"aioseo_notices":[],"_links":{"self":[{"href":"https:\/\/sihay.com.mx\/basededatos\/wp-json\/wp\/v2\/product\/3908","targetHints":{"allow":["GET"]}}],"collection":[{"href":"https:\/\/sihay.com.mx\/basededatos\/wp-json\/wp\/v2\/product"}],"about":[{"href":"https:\/\/sihay.com.mx\/basededatos\/wp-json\/wp\/v2\/types\/product"}],"replies":[{"embeddable":true,"href":"https:\/\/sihay.com.mx\/basededatos\/wp-json\/wp\/v2\/comments?post=3908"}],"wp:featuredmedia":[{"embeddable":true,"href":"https:\/\/sihay.com.mx\/basededatos\/wp-json\/wp\/v2\/media\/1879"}],"wp:attachment":[{"href":"https:\/\/sihay.com.mx\/basededatos\/wp-json\/wp\/v2\/media?parent=3908"}],"wp:term":[{"taxonomy":"product_brand","embeddable":true,"href":"https:\/\/sihay.com.mx\/basededatos\/wp-json\/wp\/v2\/product_brand?post=3908"},{"taxonomy":"product_cat","embeddable":true,"href":"https:\/\/sihay.com.mx\/basededatos\/wp-json\/wp\/v2\/product_cat?post=3908"},{"taxonomy":"product_tag","embeddable":true,"href":"https:\/\/sihay.com.mx\/basededatos\/wp-json\/wp\/v2\/product_tag?post=3908"}],"curies":[{"name":"wp","href":"https:\/\/api.w.org\/{rel}","templated":true}]}}