{"id":3907,"date":"2022-11-16T21:30:01","date_gmt":"2022-11-16T21:30:01","guid":{"rendered":"https:\/\/sihay.com.mx\/basededatos\/shop-2\/personas-fisicas-de-entre-27-a-55-anos-economicamente-activas-y-tarjetas-habientes-en-la-ciudad-de-mexico\/"},"modified":"2023-06-09T19:12:45","modified_gmt":"2023-06-09T19:12:45","slug":"personas-fisicas-de-entre-27-a-55-anos-economicamente-activas-y-tarjetas-habientes-en-la-ciudad-de-mexico","status":"publish","type":"product","link":"https:\/\/sihay.com.mx\/basededatos\/tienda\/personas-fisicas-de-entre-27-a-55-anos-economicamente-activas-y-tarjetas-habientes-en-la-ciudad-de-mexico\/","title":{"rendered":"Personas f\u00edsicas de entre 27 a 55 a\u00f1os econ\u00f3micamente activas y tarjetas habientes en la Ciudad De M\u00e9xico."},"content":{"rendered":"","protected":false},"excerpt":{"rendered":"<p>&nbsp;<\/p>\n<div class=\"row\">\n<div class=\"col-sm\"><strong>C\u00f3digo:<\/strong> <strong class=\"text-danger\">CAJU-F-0<\/strong><\/div>\n<div class=\"col-sm\"><strong>N\u00famero de registros: <\/strong>16,000<\/div>\n<\/div>\n<div class=\"row\">\n<div class=\"col-sm \"><strong>Folio: <\/strong><span class=\"text-danger\">TH0618B027<\/span><\/div>\n<\/div>\n<p><strong>Segmentaci\u00f3n:<\/strong><\/p>\n<div class=\"row\">\n<div class=\"col-sm \">Personas f\u00edsicas de entre 27 a 55 a\u00f1os econ\u00f3micamente activas y tarjetas habientes en la Ciudad De M\u00e9xico.<\/div>\n<\/div>\n<p><strong>Campos Contenidos:<\/strong><\/p>\n<div class=\"row\">\n<div class=\"col-sm \">Email.<\/div>\n<\/div>\n<div class=\"row\">\n<div class=\"col-sm\"><strong>Garant\u00eda:\u00a0<\/strong>75%-85%\u00a0<strong>Precio Original:\u00a0<\/strong><del>$36,814.00 MXN<\/del> <strong>Descuento Especial:\u00a0<\/strong><strong class=\"text-danger\">25%<\/strong><\/div>\n<\/div>\n<div class=\"row\">\n<div class=\"col text-center\"><strong>Total a Pagar:\u00a0<\/strong><strong class=\"text-danger\">$27,611.00 MXN<\/strong><\/div>\n<\/div>\n","protected":false},"featured_media":1892,"comment_status":"closed","ping_status":"closed","template":"","meta":[],"product_brand":[],"product_cat":[167,159],"product_tag":[269,582,234,328,510,206,235,509,216,204,237,697,205,183,181,477,240,698,566,611,610,277,275,351,476,358,694,693,592,535,272,270,584,383,274,695,266,278,280,587,267,588,589,590,366,279,357,591,356,324,323,321,696,367,607,359,352,469,559],"class_list":{"0":"post-3907","1":"product","2":"type-product","3":"status-publish","4":"has-post-thumbnail","6":"product_cat-consumidores-en-mexico","7":"product_cat-personas","8":"product_tag-b2b-database-for-marketing","9":"product_tag-b2b-email-lists","10":"product_tag-base-de-datos","11":"product_tag-base-de-datos-ciudad-de-mexico","12":"product_tag-base-de-datos-consumidores","13":"product_tag-base-de-datos-correo-electronico","14":"product_tag-base-de-datos-correos-electronicos","15":"product_tag-base-de-datos-de-consumidores","16":"product_tag-base-de-datos-de-correos","17":"product_tag-base-de-datos-de-emails","18":"product_tag-base-de-datos-de-personas","19":"product_tag-base-de-datos-de-personas-fisicas","20":"product_tag-base-de-datos-email","21":"product_tag-base-de-datos-email-marketing","22":"product_tag-base-de-datos-emails","23":"product_tag-base-de-datos-mailing","24":"product_tag-base-de-datos-personas","25":"product_tag-base-de-datos-tarjetahabientes","26":"product_tag-base-de-datos-ventas","27":"product_tag-bases-de-datos-email","28":"product_tag-bases-de-datos-emails","29":"product_tag-buy-email-address","30":"product_tag-buy-email-address-database","31":"product_tag-compra-base-de-datos","32":"product_tag-comprar-base-de-datos","33":"product_tag-consumer-database","34":"product_tag-consumer-email-database","35":"product_tag-consumer-email-list","36":"product_tag-consumer-emails","37":"product_tag-correos","38":"product_tag-database","39":"product_tag-database-of-email-advertising","40":"product_tag-database-of-emails","41":"product_tag-email","42":"product_tag-email-address-database","43":"product_tag-email-consumer-database","44":"product_tag-email-database","45":"product_tag-email-database-for-sale","46":"product_tag-email-list-providers","47":"product_tag-email-lists","48":"product_tag-email-marketer","49":"product_tag-email-marketing-database","50":"product_tag-email-marketing-list","51":"product_tag-email-services-marketing","52":"product_tag-emailing","53":"product_tag-emails-for-sale","54":"product_tag-list","55":"product_tag-list-of-emails","56":"product_tag-lista","57":"product_tag-lista-de-correo-electronico","58":"product_tag-lista-de-email","59":"product_tag-listado-de-emails","60":"product_tag-listado-de-emails-de-consumidores","61":"product_tag-mailing","62":"product_tag-marketing","63":"product_tag-personas-fisicas","64":"product_tag-venta-base-de-datos","65":"product_tag-venta-base-se-datos","66":"product_tag-venta-de-base-de-datos","68":"first","69":"instock","70":"sale","71":"virtual","72":"purchasable","73":"product-type-simple"},"aioseo_notices":[],"_links":{"self":[{"href":"https:\/\/sihay.com.mx\/basededatos\/wp-json\/wp\/v2\/product\/3907","targetHints":{"allow":["GET"]}}],"collection":[{"href":"https:\/\/sihay.com.mx\/basededatos\/wp-json\/wp\/v2\/product"}],"about":[{"href":"https:\/\/sihay.com.mx\/basededatos\/wp-json\/wp\/v2\/types\/product"}],"replies":[{"embeddable":true,"href":"https:\/\/sihay.com.mx\/basededatos\/wp-json\/wp\/v2\/comments?post=3907"}],"wp:featuredmedia":[{"embeddable":true,"href":"https:\/\/sihay.com.mx\/basededatos\/wp-json\/wp\/v2\/media\/1892"}],"wp:attachment":[{"href":"https:\/\/sihay.com.mx\/basededatos\/wp-json\/wp\/v2\/media?parent=3907"}],"wp:term":[{"taxonomy":"product_brand","embeddable":true,"href":"https:\/\/sihay.com.mx\/basededatos\/wp-json\/wp\/v2\/product_brand?post=3907"},{"taxonomy":"product_cat","embeddable":true,"href":"https:\/\/sihay.com.mx\/basededatos\/wp-json\/wp\/v2\/product_cat?post=3907"},{"taxonomy":"product_tag","embeddable":true,"href":"https:\/\/sihay.com.mx\/basededatos\/wp-json\/wp\/v2\/product_tag?post=3907"}],"curies":[{"name":"wp","href":"https:\/\/api.w.org\/{rel}","templated":true}]}}