{"id":3841,"date":"2022-11-16T21:29:52","date_gmt":"2022-11-16T21:29:52","guid":{"rendered":"https:\/\/sihay.com.mx\/basededatos\/shop-2\/empresas-del-sector-financiero-manufacturo-y-distribucion-retail-y-servicios-en-el-bajio-y-zona-norte-del-pais\/"},"modified":"2023-03-29T18:24:59","modified_gmt":"2023-03-29T18:24:59","slug":"empresas-del-sector-financiero-manufacturo-y-distribucion-retail-y-servicios-en-el-bajio-y-zona-norte-del-pais","status":"publish","type":"product","link":"https:\/\/sihay.com.mx\/basededatos\/tienda\/empresas-del-sector-financiero-manufacturo-y-distribucion-retail-y-servicios-en-el-bajio-y-zona-norte-del-pais\/","title":{"rendered":"Empresas del sector: Financiero, manufacturo y distribuci\u00f3n, Retail y Servicios en el Baj\u00edo  y Zona Norte del Pa\u00eds."},"content":{"rendered":"","protected":false},"excerpt":{"rendered":"<p>&nbsp;<\/p>\n<div class=\"row\">\n<div class=\"col-sm\"><strong>C\u00f3digo:<\/strong> <strong class=\"text-danger\">NAAN-D9-1<\/strong><\/div>\n<div class=\"col-sm\"><strong>N\u00famero de registros:\u00a0<\/strong>1000<\/div>\n<\/div>\n<div class=\"row\">\n<div class=\"col-sm \"><strong>Folio: <\/strong><span class=\"text-danger\">MM0117B085<\/span><\/div>\n<\/div>\n<p><strong>Segmentaci\u00f3n:<\/strong><\/p>\n<div class=\"row\">\n<div class=\"col-sm \"><span class=\"text-justify\">Empresas de los sectores: Financiero, manufacturo y distribuci\u00f3n, Retail y Servicios en el Baj\u00edo (JAL, MICH, GTO, Sur de SIN) Zona Centro del pa\u00eds (CDMX, EDOMEX, QRO, SLP, PUE) y Zona Norte del Pa\u00eds (NL, TML, CHI).<\/span><\/div>\n<\/div>\n<p><strong>Campos Contenidos:<\/strong><\/p>\n<div class=\"row\">\n<div class=\"col-sm \"><span class=\"text-justify\">Empresa \/ Direcci\u00f3n \/ Ciudad \/ Estado \/ Contacto \/ Puesto: Principalmente CXX o directivos, gerentes medios altos de Tecnolog\u00eda e informaci\u00f3n o Redes o comunicaciones o CHief Financial Officers o Compras o adquisiciones \/ Tel\u00e9fono \/ Email.<\/span><\/div>\n<\/div>\n<div class=\"row\">\n<div class=\"col-sm\"><strong>Garant\u00eda:\u00a0<\/strong>65%-75%<br \/>\n<strong>Precio Original:\u00a0<\/strong><del>$5,777.00 MXN<\/del><br \/>\n<strong>Descuento Especial:\u00a0<\/strong><strong class=\"text-danger\">35%<\/strong><\/div>\n<\/div>\n<div class=\"row\">\n<div class=\"col text-center\"><strong>Total a Pagar:\u00a0<\/strong><strong class=\"text-danger\">$3,755.00 MXN<\/strong><\/div>\n<\/div>\n","protected":false},"featured_media":1864,"comment_status":"closed","ping_status":"closed","template":"","meta":[],"product_brand":[],"product_cat":[127,138,145],"product_tag":[269,582,234,229,518,206,235,216,204,470,410,207,264,196,474,205,183,181,191,561,549,597,197,555,554,477,473,576,557,353,349,210,556,537,417,566,581,403,418,563,595,273,308,276,583,277,275,265,268,351,476,475,535,272,433,270,584,382,319,383,274,271,266,278,585,586,280,587,267,588,589,590,366,279,423,501,335,505,357,591,356,324,323,550,321,322,367,432,434,570,564,345,381,514,502,416,352,469],"class_list":{"0":"post-3841","1":"product","2":"type-product","3":"status-publish","4":"has-post-thumbnail","6":"product_cat-empresas","7":"product_cat-financieras","8":"product_cat-manufactureras","9":"product_tag-b2b-database-for-marketing","10":"product_tag-b2b-email-lists","11":"product_tag-base-de-datos","12":"product_tag-base-de-datos-cdmx","13":"product_tag-base-de-datos-chihuahua","14":"product_tag-base-de-datos-correo-electronico","15":"product_tag-base-de-datos-correos-electronicos","16":"product_tag-base-de-datos-de-correos","17":"product_tag-base-de-datos-de-emails","18":"product_tag-base-de-datos-de-empresas-mexico","19":"product_tag-base-de-datos-de-encargado-de-compras","20":"product_tag-base-de-datos-de-telefonos","21":"product_tag-base-de-datos-del-estado-de-queretaro","22":"product_tag-base-de-datos-directivos","23":"product_tag-base-de-datos-electronica","24":"product_tag-base-de-datos-email","25":"product_tag-base-de-datos-email-marketing","26":"product_tag-base-de-datos-emails","27":"product_tag-base-de-datos-empresas","28":"product_tag-base-de-datos-estado-de-mexico","29":"product_tag-base-de-datos-financieras","30":"product_tag-base-de-datos-finanzas","31":"product_tag-base-de-datos-gerentes","32":"product_tag-base-de-datos-guanajuato","33":"product_tag-base-de-datos-jalisco","34":"product_tag-base-de-datos-mailing","35":"product_tag-base-de-datos-manufactura","36":"product_tag-base-de-datos-manufactureras","37":"product_tag-base-de-datos-michoacan","38":"product_tag-base-de-datos-nuevo-leon","39":"product_tag-base-de-datos-queretaro","40":"product_tag-base-de-datos-retail","41":"product_tag-base-de-datos-san-luis-potosi","42":"product_tag-base-de-datos-servicios","43":"product_tag-base-de-datos-telefono","44":"product_tag-base-de-datos-ventas","45":"product_tag-base-de-datos-zona-del-bajio","46":"product_tag-bases-de-datos","47":"product_tag-bases-de-datos-de-telefonos-fijos","48":"product_tag-bases-de-datos-puebla","49":"product_tag-bases-de-datos-telecomunicaciones","50":"product_tag-business-and-consumer-database","51":"product_tag-business-directory","52":"product_tag-business-email-list","53":"product_tag-business-emails","54":"product_tag-buy-email-address","55":"product_tag-buy-email-address-database","56":"product_tag-company-database","57":"product_tag-company-email-database","58":"product_tag-compra-base-de-datos","59":"product_tag-comprar-base-de-datos","60":"product_tag-comprar-base-de-datos-mexico","61":"product_tag-correos","62":"product_tag-database","63":"product_tag-database-nuevo-leon","64":"product_tag-database-of-email-advertising","65":"product_tag-database-of-emails","66":"product_tag-database-retail","67":"product_tag-directorio-empresas","68":"product_tag-email","69":"product_tag-email-address-database","70":"product_tag-email-business-database","71":"product_tag-email-database","72":"product_tag-email-database-for-sale","73":"product_tag-email-database-of-businesses","74":"product_tag-email-databases","75":"product_tag-email-list-providers","76":"product_tag-email-lists","77":"product_tag-email-marketer","78":"product_tag-email-marketing-database","79":"product_tag-email-marketing-list","80":"product_tag-email-services-marketing","81":"product_tag-emailing","82":"product_tag-emails-for-sale","83":"product_tag-empresarios","84":"product_tag-empresas","85":"product_tag-empresas-manufactureras","86":"product_tag-leon-guanajuato","87":"product_tag-list","88":"product_tag-list-of-emails","89":"product_tag-lista","90":"product_tag-lista-de-correo-electronico","91":"product_tag-lista-de-email","92":"product_tag-lista-de-numeros-de-telefonos","93":"product_tag-listado-de-emails","94":"product_tag-listado-de-emails-de-empresas","95":"product_tag-mailing","96":"product_tag-nuevo-leon","97":"product_tag-nuevo-leon-database","98":"product_tag-phone-number-list","99":"product_tag-puebla-databases","100":"product_tag-queretaro","101":"product_tag-retail","102":"product_tag-tamaulipas","103":"product_tag-tecnologias-de-la-informacion","104":"product_tag-telefono","105":"product_tag-venta-base-de-datos","106":"product_tag-venta-base-se-datos","108":"first","109":"instock","110":"sale","111":"virtual","112":"purchasable","113":"product-type-simple"},"aioseo_notices":[],"_links":{"self":[{"href":"https:\/\/sihay.com.mx\/basededatos\/wp-json\/wp\/v2\/product\/3841","targetHints":{"allow":["GET"]}}],"collection":[{"href":"https:\/\/sihay.com.mx\/basededatos\/wp-json\/wp\/v2\/product"}],"about":[{"href":"https:\/\/sihay.com.mx\/basededatos\/wp-json\/wp\/v2\/types\/product"}],"replies":[{"embeddable":true,"href":"https:\/\/sihay.com.mx\/basededatos\/wp-json\/wp\/v2\/comments?post=3841"}],"wp:featuredmedia":[{"embeddable":true,"href":"https:\/\/sihay.com.mx\/basededatos\/wp-json\/wp\/v2\/media\/1864"}],"wp:attachment":[{"href":"https:\/\/sihay.com.mx\/basededatos\/wp-json\/wp\/v2\/media?parent=3841"}],"wp:term":[{"taxonomy":"product_brand","embeddable":true,"href":"https:\/\/sihay.com.mx\/basededatos\/wp-json\/wp\/v2\/product_brand?post=3841"},{"taxonomy":"product_cat","embeddable":true,"href":"https:\/\/sihay.com.mx\/basededatos\/wp-json\/wp\/v2\/product_cat?post=3841"},{"taxonomy":"product_tag","embeddable":true,"href":"https:\/\/sihay.com.mx\/basededatos\/wp-json\/wp\/v2\/product_tag?post=3841"}],"curies":[{"name":"wp","href":"https:\/\/api.w.org\/{rel}","templated":true}]}}