{"id":3833,"date":"2022-11-16T21:29:50","date_gmt":"2022-11-16T21:29:50","guid":{"rendered":"https:\/\/sihay.com.mx\/basededatos\/shop-2\/escuelas-privadas-y-publicas-primarias-y-secundarias-ciudad-de-mexico-estado-de-mexico-ciudad-de-gdl\/"},"modified":"2023-06-06T18:35:04","modified_gmt":"2023-06-06T18:35:04","slug":"escuelas-privadas-y-publicas-primarias-y-secundarias-ciudad-de-mexico-estado-de-mexico-ciudad-de-gdl","status":"publish","type":"product","link":"https:\/\/sihay.com.mx\/basededatos\/tienda\/escuelas-privadas-y-publicas-primarias-y-secundarias-ciudad-de-mexico-estado-de-mexico-ciudad-de-gdl\/","title":{"rendered":"Escuelas privadas y p\u00fablicas (Primarias y Secundarias) Ciudad de M\u00e9xico, Estado de M\u00e9xico, Ciudad de Gdl."},"content":{"rendered":"","protected":false},"excerpt":{"rendered":"<p>&nbsp;<\/p>\n<div class=\"row\">\n<div class=\"col-sm\"><strong>C\u00f3digo:<\/strong> <span style=\"color: #cf3030\"><strong>FACA-C8<\/strong><\/span><\/div>\n<div class=\"col-sm\"><strong>N\u00famero de registros: <\/strong>4000<\/div>\n<\/div>\n<div class=\"row\">\n<div class=\"col-sm \"><strong>Folio: <\/strong><span style=\"color: #cf3030\">03GPFC0218-068<\/span><\/div>\n<\/div>\n<p><strong>Segmentaci\u00f3n:<\/strong><\/p>\n<div class=\"row\">\n<div class=\"col-sm \">Escuelas privadas y p\u00fablicas (Primarias y Secundarias) Ciudad de M\u00e9xico, Estado de M\u00e9xico, Ciudad de Guadalajara.<\/div>\n<\/div>\n<p><strong>Campos Contenidos:<\/strong><\/p>\n<div class=\"row\">\n<div class=\"col-sm \">Empresa \/ Giro \/ Direcci\u00f3n \/ Ciudad \/ Estado \/ Contacto \/ Puesto: Director General o Socios o Directivos o Gerentes Generales o Tomador de decisi\u00f3n \/ Tel\u00e9fono \/ Email.<\/div>\n<\/div>\n<div class=\"row\">\n<div class=\"col-sm\"><strong>Garant\u00eda: 75%-85%<\/strong>\u00a0<strong>Precio Original:\u00a0<\/strong><del>$37,149.00 MXN<\/del>\u00a0<strong>Descuento Especial:\u00a0<span style=\"color: #cf3030\">2<\/span><\/strong><span style=\"color: #cf3030\"><strong class=\"text-danger\">5%<\/strong><\/span><\/div>\n<\/div>\n<div class=\"row\">\n<div class=\"col text-center\"><strong>Total a Pagar:\u00a0<\/strong><span style=\"color: #cf3030\"><strong class=\"text-danger\">$27,862.00 MXN<\/strong><\/span><\/div>\n<\/div>\n","protected":false},"featured_media":1882,"comment_status":"closed","ping_status":"closed","template":"","meta":[],"product_brand":[],"product_cat":[152,127],"product_tag":[269,582,234,229,328,206,235,216,204,406,407,207,196,215,194,205,183,181,191,405,561,197,310,195,417,198,217,418,611,610,660,273,308,276,583,277,275,265,268,535,272,270,584,319,383,274,271,266,278,585,280,587,267,588,589,590,366,279,503,357,591,356,324,323,550,321,322,607,303,307,570,416,304],"class_list":{"0":"post-3833","1":"product","2":"type-product","3":"status-publish","4":"has-post-thumbnail","6":"product_cat-ciudad-de-mexico","7":"product_cat-empresas","8":"product_tag-b2b-database-for-marketing","9":"product_tag-b2b-email-lists","10":"product_tag-base-de-datos","11":"product_tag-base-de-datos-cdmx","12":"product_tag-base-de-datos-ciudad-de-mexico","13":"product_tag-base-de-datos-correo-electronico","14":"product_tag-base-de-datos-correos-electronicos","15":"product_tag-base-de-datos-de-correos","16":"product_tag-base-de-datos-de-emails","17":"product_tag-base-de-datos-de-primarias","18":"product_tag-base-de-datos-de-secundarias","19":"product_tag-base-de-datos-de-telefonos","20":"product_tag-base-de-datos-directivos","21":"product_tag-base-de-datos-director","22":"product_tag-base-de-datos-director-general","23":"product_tag-base-de-datos-email","24":"product_tag-base-de-datos-email-marketing","25":"product_tag-base-de-datos-emails","26":"product_tag-base-de-datos-empresas","27":"product_tag-base-de-datos-escuelas-privadas","28":"product_tag-base-de-datos-estado-de-mexico","29":"product_tag-base-de-datos-gerentes","30":"product_tag-base-de-datos-guadalajara","31":"product_tag-base-de-datos-socio","32":"product_tag-base-de-datos-telefono","33":"product_tag-base-de-datos-tomador-de-decision","34":"product_tag-base-de-datos-tomadores-de-decisiones","35":"product_tag-bases-de-datos-de-telefonos-fijos","36":"product_tag-bases-de-datos-email","37":"product_tag-bases-de-datos-emails","38":"product_tag-business","39":"product_tag-business-and-consumer-database","40":"product_tag-business-directory","41":"product_tag-business-email-list","42":"product_tag-business-emails","43":"product_tag-buy-email-address","44":"product_tag-buy-email-address-database","45":"product_tag-company-database","46":"product_tag-company-email-database","47":"product_tag-correos","48":"product_tag-database","49":"product_tag-database-of-email-advertising","50":"product_tag-database-of-emails","51":"product_tag-directorio-empresas","52":"product_tag-email","53":"product_tag-email-address-database","54":"product_tag-email-business-database","55":"product_tag-email-database","56":"product_tag-email-database-for-sale","57":"product_tag-email-database-of-businesses","58":"product_tag-email-list-providers","59":"product_tag-email-lists","60":"product_tag-email-marketer","61":"product_tag-email-marketing-database","62":"product_tag-email-marketing-list","63":"product_tag-email-services-marketing","64":"product_tag-emailing","65":"product_tag-emails-for-sale","66":"product_tag-guadalajara-database","67":"product_tag-list","68":"product_tag-list-of-emails","69":"product_tag-lista","70":"product_tag-lista-de-correo-electronico","71":"product_tag-lista-de-email","72":"product_tag-lista-de-numeros-de-telefonos","73":"product_tag-listado-de-emails","74":"product_tag-listado-de-emails-de-empresas","75":"product_tag-marketing","76":"product_tag-phone-database","77":"product_tag-phone-number-database","78":"product_tag-phone-number-list","79":"product_tag-telefono","80":"product_tag-telephone-number","82":"first","83":"instock","84":"sale","85":"virtual","86":"purchasable","87":"product-type-simple"},"aioseo_notices":[],"_links":{"self":[{"href":"https:\/\/sihay.com.mx\/basededatos\/wp-json\/wp\/v2\/product\/3833","targetHints":{"allow":["GET"]}}],"collection":[{"href":"https:\/\/sihay.com.mx\/basededatos\/wp-json\/wp\/v2\/product"}],"about":[{"href":"https:\/\/sihay.com.mx\/basededatos\/wp-json\/wp\/v2\/types\/product"}],"replies":[{"embeddable":true,"href":"https:\/\/sihay.com.mx\/basededatos\/wp-json\/wp\/v2\/comments?post=3833"}],"wp:featuredmedia":[{"embeddable":true,"href":"https:\/\/sihay.com.mx\/basededatos\/wp-json\/wp\/v2\/media\/1882"}],"wp:attachment":[{"href":"https:\/\/sihay.com.mx\/basededatos\/wp-json\/wp\/v2\/media?parent=3833"}],"wp:term":[{"taxonomy":"product_brand","embeddable":true,"href":"https:\/\/sihay.com.mx\/basededatos\/wp-json\/wp\/v2\/product_brand?post=3833"},{"taxonomy":"product_cat","embeddable":true,"href":"https:\/\/sihay.com.mx\/basededatos\/wp-json\/wp\/v2\/product_cat?post=3833"},{"taxonomy":"product_tag","embeddable":true,"href":"https:\/\/sihay.com.mx\/basededatos\/wp-json\/wp\/v2\/product_tag?post=3833"}],"curies":[{"name":"wp","href":"https:\/\/api.w.org\/{rel}","templated":true}]}}