{"id":3832,"date":"2022-11-16T21:29:50","date_gmt":"2022-11-16T21:29:50","guid":{"rendered":"https:\/\/sihay.com.mx\/basededatos\/shop-2\/500-registros-de-cardiologos-250-registros-de-nutriologos-y-250-registros-de-medicos-generales-a-nivel-nacional\/"},"modified":"2023-06-19T19:28:31","modified_gmt":"2023-06-19T19:28:31","slug":"500-registros-de-cardiologos-250-registros-de-nutriologos-y-250-registros-de-medicos-generales-a-nivel-nacional","status":"publish","type":"product","link":"https:\/\/sihay.com.mx\/basededatos\/tienda\/500-registros-de-cardiologos-250-registros-de-nutriologos-y-250-registros-de-medicos-generales-a-nivel-nacional\/","title":{"rendered":"500 registros de Cardi\u00f3logos, 250 registros de nutri\u00f3logos y 250 registros de m\u00e9dicos generales a Nivel Nacional."},"content":{"rendered":"","protected":false},"excerpt":{"rendered":"<p>&nbsp;<\/p>\n<div class=\"row\">\n<div class=\"col-sm\"><strong>C\u00f3digo:<span style=\"color: #e01616;\">CNGN-R6<\/span><\/strong><\/div>\n<div class=\"col-sm\"><strong>N\u00famero de registros: <\/strong>1000<\/div>\n<\/div>\n<div class=\"row\">\n<div class=\"col-sm \"><strong>Folio: <\/strong><span style=\"color: #e01616;\">ZD0218B073<\/span><\/div>\n<\/div>\n<p><strong>Segmentaci\u00f3n:<\/strong><\/p>\n<div class=\"row\">\n<div class=\"col-sm \">500 registros de Cardi\u00f3logos, 250 registros de nutri\u00f3logos y 250 registros de m\u00e9dicos generales a Nivel Nacional.<\/div>\n<\/div>\n<p><strong>Campos Contenidos:<\/strong><\/p>\n<div class=\"row\">\n<div class=\"col-sm \">Nombre \/ Especialidad \/Direcci\u00f3n \/ Ciudad \/ Estado \/ Tel\u00e9fono \/ Email.<\/div>\n<\/div>\n<div class=\"row\">\n<div class=\"col-sm\"><strong>Garant\u00eda: <\/strong>75%-85% <strong>Precio Original:\u00a0<\/strong><del>$9,437.00 MXN<\/del> <strong>Descuento Especial: <\/strong><span style=\"color: #ff0000;\">2<\/span><span style=\"color: #ff0000;\">5%<\/span><\/div>\n<\/div>\n<div class=\"row\">\n<div class=\"col text-center\"><strong>Total a Pagar:\u00a0<\/strong><span style=\"color: #ff0000;\"><strong class=\"text-danger\">$7,078.00 MXN<\/strong><\/span><\/div>\n<\/div>\n","protected":false},"featured_media":1895,"comment_status":"closed","ping_status":"closed","template":"","meta":[],"product_brand":[],"product_cat":[170,159],"product_tag":[269,582,234,206,235,216,204,237,697,207,205,183,181,477,424,236,446,417,418,611,610,277,275,694,693,592,535,272,270,584,404,383,274,266,278,586,280,587,267,588,589,590,366,279,357,591,356,324,323,550,321,696,707,367,385,303,307,570,416,304],"class_list":{"0":"post-3832","1":"product","2":"type-product","3":"status-publish","4":"has-post-thumbnail","6":"product_cat-medicos-en-mexico","7":"product_cat-personas","8":"product_tag-b2b-database-for-marketing","9":"product_tag-b2b-email-lists","10":"product_tag-base-de-datos","11":"product_tag-base-de-datos-correo-electronico","12":"product_tag-base-de-datos-correos-electronicos","13":"product_tag-base-de-datos-de-correos","14":"product_tag-base-de-datos-de-emails","15":"product_tag-base-de-datos-de-personas","16":"product_tag-base-de-datos-de-personas-fisicas","17":"product_tag-base-de-datos-de-telefonos","18":"product_tag-base-de-datos-email","19":"product_tag-base-de-datos-email-marketing","20":"product_tag-base-de-datos-emails","21":"product_tag-base-de-datos-mailing","22":"product_tag-base-de-datos-medicos","23":"product_tag-base-de-datos-nivel-nacional","24":"product_tag-base-de-datos-nutriologos","25":"product_tag-base-de-datos-telefono","26":"product_tag-bases-de-datos-de-telefonos-fijos","27":"product_tag-bases-de-datos-email","28":"product_tag-bases-de-datos-emails","29":"product_tag-buy-email-address","30":"product_tag-buy-email-address-database","31":"product_tag-consumer-email-database","32":"product_tag-consumer-email-list","33":"product_tag-consumer-emails","34":"product_tag-correos","35":"product_tag-database","36":"product_tag-database-of-email-advertising","37":"product_tag-database-of-emails","38":"product_tag-databases","39":"product_tag-email","40":"product_tag-email-address-database","41":"product_tag-email-database","42":"product_tag-email-database-for-sale","43":"product_tag-email-databases","44":"product_tag-email-list-providers","45":"product_tag-email-lists","46":"product_tag-email-marketer","47":"product_tag-email-marketing-database","48":"product_tag-email-marketing-list","49":"product_tag-email-services-marketing","50":"product_tag-emailing","51":"product_tag-emails-for-sale","52":"product_tag-list","53":"product_tag-list-of-emails","54":"product_tag-lista","55":"product_tag-lista-de-correo-electronico","56":"product_tag-lista-de-email","57":"product_tag-lista-de-numeros-de-telefonos","58":"product_tag-listado-de-emails","59":"product_tag-listado-de-emails-de-consumidores","60":"product_tag-listado-de-emails-de-personas","61":"product_tag-mailing","62":"product_tag-national-database","63":"product_tag-phone-database","64":"product_tag-phone-number-database","65":"product_tag-phone-number-list","66":"product_tag-telefono","67":"product_tag-telephone-number","69":"first","70":"instock","71":"sale","72":"virtual","73":"purchasable","74":"product-type-simple"},"aioseo_notices":[],"_links":{"self":[{"href":"https:\/\/sihay.com.mx\/basededatos\/wp-json\/wp\/v2\/product\/3832","targetHints":{"allow":["GET"]}}],"collection":[{"href":"https:\/\/sihay.com.mx\/basededatos\/wp-json\/wp\/v2\/product"}],"about":[{"href":"https:\/\/sihay.com.mx\/basededatos\/wp-json\/wp\/v2\/types\/product"}],"replies":[{"embeddable":true,"href":"https:\/\/sihay.com.mx\/basededatos\/wp-json\/wp\/v2\/comments?post=3832"}],"wp:featuredmedia":[{"embeddable":true,"href":"https:\/\/sihay.com.mx\/basededatos\/wp-json\/wp\/v2\/media\/1895"}],"wp:attachment":[{"href":"https:\/\/sihay.com.mx\/basededatos\/wp-json\/wp\/v2\/media?parent=3832"}],"wp:term":[{"taxonomy":"product_brand","embeddable":true,"href":"https:\/\/sihay.com.mx\/basededatos\/wp-json\/wp\/v2\/product_brand?post=3832"},{"taxonomy":"product_cat","embeddable":true,"href":"https:\/\/sihay.com.mx\/basededatos\/wp-json\/wp\/v2\/product_cat?post=3832"},{"taxonomy":"product_tag","embeddable":true,"href":"https:\/\/sihay.com.mx\/basededatos\/wp-json\/wp\/v2\/product_tag?post=3832"}],"curies":[{"name":"wp","href":"https:\/\/api.w.org\/{rel}","templated":true}]}}