{"id":3813,"date":"2022-11-16T21:29:48","date_gmt":"2022-11-16T21:29:48","guid":{"rendered":"https:\/\/sihay.com.mx\/basededatos\/shop-2\/empresas-que-importen-y-o-exporten-a-nivel-nacional\/"},"modified":"2023-07-13T19:20:33","modified_gmt":"2023-07-13T19:20:33","slug":"empresas-que-importen-y-o-exporten-a-nivel-nacional","status":"publish","type":"product","link":"https:\/\/sihay.com.mx\/basededatos\/tienda\/empresas-que-importen-y-o-exporten-a-nivel-nacional\/","title":{"rendered":"Empresas que importen y\/o exporten a Nivel Nacional."},"content":{"rendered":"","protected":false},"excerpt":{"rendered":"<p>&nbsp;<\/p>\n<div class=\"row\">\n<div class=\"col-sm\"><strong>C\u00f3digo:<\/strong> <strong class=\"text-danger\">PAGA-V0<\/strong><\/div>\n<div class=\"col-sm\"><strong>N\u00famero de registros:\u00a0<\/strong>1000<\/div>\n<\/div>\n<div class=\"row\">\n<div class=\"col-sm \"><strong>Folio: <\/strong><span class=\"text-danger\">KA0517B047<\/span><\/div>\n<\/div>\n<p><strong>Segmentaci\u00f3n:<\/strong><\/p>\n<div class=\"row\">\n<div class=\"col-sm \">\u00a0Empresas que importen y\/o exporten a Nivel Nacional.<\/div>\n<\/div>\n<p><strong>Campos Contenidos:<\/strong><\/p>\n<div class=\"row\">\n<div class=\"col-sm \">Empresa \/ Direcci\u00f3n \/ Ciudad \/ Estado \/ Contacto \/ Puesto: Encargado de importaci\u00f3n o exportaci\u00f3n o encargado de log\u00edstica o comercio exterior o aduanas \/ Tel\u00e9fono \/ Email.<\/div>\n<\/div>\n<div class=\"row\">\n<div class=\"col-sm\"><strong>Garant\u00eda:\u00a0<\/strong>65%-75%<br \/>\n<strong>Precio Original:\u00a0<\/strong><del>$13,244.00<\/del><br \/>\n<strong>Descuento Especial:\u00a0<\/strong><strong class=\"text-danger\">35%<\/strong><\/div>\n<\/div>\n<div class=\"row\">\n<div class=\"col text-center\"><strong>Total a Pagar:\u00a0<\/strong><strong class=\"text-danger\">$8,609.00<\/strong><\/div>\n<\/div>\n","protected":false},"featured_media":1864,"comment_status":"closed","ping_status":"closed","template":"","meta":[],"product_brand":[],"product_cat":[127],"product_tag":[269,582,234,206,235,216,204,350,207,205,183,181,191,492,490,491,477,236,417,386,403,418,611,610,276,583,277,275,265,268,535,272,270,584,383,274,266,278,280,587,267,588,589,590,366,279,357,591,356,324,323,550,321,367,385,303,307,570,416,304],"class_list":{"0":"post-3813","1":"product","2":"type-product","3":"status-publish","4":"has-post-thumbnail","6":"product_cat-empresas","7":"product_tag-b2b-database-for-marketing","8":"product_tag-b2b-email-lists","9":"product_tag-base-de-datos","10":"product_tag-base-de-datos-correo-electronico","11":"product_tag-base-de-datos-correos-electronicos","12":"product_tag-base-de-datos-de-correos","13":"product_tag-base-de-datos-de-emails","14":"product_tag-base-de-datos-de-encargados","15":"product_tag-base-de-datos-de-telefonos","16":"product_tag-base-de-datos-email","17":"product_tag-base-de-datos-email-marketing","18":"product_tag-base-de-datos-emails","19":"product_tag-base-de-datos-empresas","20":"product_tag-base-de-datos-exportadoras-e-importadoras","21":"product_tag-base-de-datos-importadoras","22":"product_tag-base-de-datos-importadoras-y-exportadoras","23":"product_tag-base-de-datos-mailing","24":"product_tag-base-de-datos-nivel-nacional","25":"product_tag-base-de-datos-telefono","26":"product_tag-base-de-de-datos-exportadoras","27":"product_tag-bases-de-datos","28":"product_tag-bases-de-datos-de-telefonos-fijos","29":"product_tag-bases-de-datos-email","30":"product_tag-bases-de-datos-emails","31":"product_tag-business-email-list","32":"product_tag-business-emails","33":"product_tag-buy-email-address","34":"product_tag-buy-email-address-database","35":"product_tag-company-database","36":"product_tag-company-email-database","37":"product_tag-correos","38":"product_tag-database","39":"product_tag-database-of-email-advertising","40":"product_tag-database-of-emails","41":"product_tag-email","42":"product_tag-email-address-database","43":"product_tag-email-database","44":"product_tag-email-database-for-sale","45":"product_tag-email-list-providers","46":"product_tag-email-lists","47":"product_tag-email-marketer","48":"product_tag-email-marketing-database","49":"product_tag-email-marketing-list","50":"product_tag-email-services-marketing","51":"product_tag-emailing","52":"product_tag-emails-for-sale","53":"product_tag-list","54":"product_tag-list-of-emails","55":"product_tag-lista","56":"product_tag-lista-de-correo-electronico","57":"product_tag-lista-de-email","58":"product_tag-lista-de-numeros-de-telefonos","59":"product_tag-listado-de-emails","60":"product_tag-mailing","61":"product_tag-national-database","62":"product_tag-phone-database","63":"product_tag-phone-number-database","64":"product_tag-phone-number-list","65":"product_tag-telefono","66":"product_tag-telephone-number","68":"first","69":"instock","70":"sale","71":"virtual","72":"purchasable","73":"product-type-simple"},"aioseo_notices":[],"_links":{"self":[{"href":"https:\/\/sihay.com.mx\/basededatos\/wp-json\/wp\/v2\/product\/3813","targetHints":{"allow":["GET"]}}],"collection":[{"href":"https:\/\/sihay.com.mx\/basededatos\/wp-json\/wp\/v2\/product"}],"about":[{"href":"https:\/\/sihay.com.mx\/basededatos\/wp-json\/wp\/v2\/types\/product"}],"replies":[{"embeddable":true,"href":"https:\/\/sihay.com.mx\/basededatos\/wp-json\/wp\/v2\/comments?post=3813"}],"wp:featuredmedia":[{"embeddable":true,"href":"https:\/\/sihay.com.mx\/basededatos\/wp-json\/wp\/v2\/media\/1864"}],"wp:attachment":[{"href":"https:\/\/sihay.com.mx\/basededatos\/wp-json\/wp\/v2\/media?parent=3813"}],"wp:term":[{"taxonomy":"product_brand","embeddable":true,"href":"https:\/\/sihay.com.mx\/basededatos\/wp-json\/wp\/v2\/product_brand?post=3813"},{"taxonomy":"product_cat","embeddable":true,"href":"https:\/\/sihay.com.mx\/basededatos\/wp-json\/wp\/v2\/product_cat?post=3813"},{"taxonomy":"product_tag","embeddable":true,"href":"https:\/\/sihay.com.mx\/basededatos\/wp-json\/wp\/v2\/product_tag?post=3813"}],"curies":[{"name":"wp","href":"https:\/\/api.w.org\/{rel}","templated":true}]}}