{"id":3804,"date":"2022-11-16T21:29:46","date_gmt":"2022-11-16T21:29:46","guid":{"rendered":"https:\/\/sihay.com.mx\/basededatos\/shop-2\/industrias-principalmente-industrias-de-alimentos-farmaceuticas-productos-de-cuidado-personal-productos-para-el-hogar-en-queretaro-san-luis-guanajuato-cdmx-y-etdmx\/"},"modified":"2023-05-29T17:22:31","modified_gmt":"2023-05-29T17:22:31","slug":"industrias-principalmente-industrias-de-alimentos-farmaceuticas-productos-de-cuidado-personal-productos-para-el-hogar-en-queretaro-san-luis-guanajuato-cdmx-y-etdmx","status":"publish","type":"product","link":"https:\/\/sihay.com.mx\/basededatos\/tienda\/industrias-principalmente-industrias-de-alimentos-farmaceuticas-productos-de-cuidado-personal-productos-para-el-hogar-en-queretaro-san-luis-guanajuato-cdmx-y-etdmx\/","title":{"rendered":"Industrias principalmente Industrias de alimentos, farmac\u00e9uticas, productos de cuidado personal productos para el hogar, en: Quer\u00e9taro, San Luis, Guanajuato, CDMX y ETDMX."},"content":{"rendered":"","protected":false},"excerpt":{"rendered":"<p>&nbsp;<\/p>\n<div class=\"row\">\n<div class=\"col-sm\"><strong>C\u00f3digo:<\/strong> <strong class=\"text-danger\">BEAR-Q0<\/strong><\/div>\n<div class=\"col-sm\"><strong>N\u00famero de registros: <\/strong>500<\/div>\n<\/div>\n<div class=\"row\">\n<div class=\"col-sm \"><strong>Folio:\u00a0<\/strong><span class=\"text-danger\">04ONHG1017-050<\/span><\/div>\n<\/div>\n<p><strong>Segmentaci\u00f3n:<\/strong><\/p>\n<div class=\"row\">\n<div class=\"col-sm \">Industrias en general pero principalmente Industrias de alimentos, farmac\u00e9uticas, productos de ciudado personal (shampoo, tintes, etc) productos para el hogar, en los Estados de Quer\u00e9taro, San Luis, Guanajuato, Ciudad de Mexico y Estado de M\u00e9xico.<\/div>\n<\/div>\n<p><strong>Campos Contenidos:<\/strong><\/p>\n<div class=\"row\">\n<div class=\"col-sm \">Empresa \/ Direcci\u00f3n \/ Ciudad \/ Estado \/ Contacto \/ Puesto: Director General, Socio, Directivos, Gerentes o Tomador de decisi\u00f3n \/ Tel\u00e9fono \/ Email.<\/div>\n<\/div>\n<div class=\"row\">\n<div class=\"col-sm\"><strong>Garant\u00eda:\u00a0<\/strong>65%-75%<br \/>\n<strong>Precio Original:\u00a0<\/strong><del>$4,309.00 MXN<\/del><br \/>\n<strong>Descuento Especial:\u00a0<\/strong><strong class=\"text-danger\">35%<\/strong><\/div>\n<\/div>\n<div class=\"row\">\n<div class=\"col text-center\"><strong>Total a Pagar:\u00a0<\/strong><strong class=\"text-danger\">$2,801.00 MXN<\/strong><\/div>\n<\/div>\n","protected":false},"featured_media":1880,"comment_status":"closed","ping_status":"closed","template":"","meta":[],"product_brand":[],"product_cat":[127,149],"product_tag":[269,582,234,328,206,235,216,204,340,207,264,196,194,205,183,181,191,412,561,551,197,477,349,556,195,417,198,217,418,611,610,660,273,308,276,583,277,275,265,268,535,272,270,584,319,383,274,271,266,278,585,280,587,267,588,589,590,366,279,612,384,357,591,356,324,323,550,321,322,367,607,303,307,570,416,304],"class_list":{"0":"post-3804","1":"product","2":"type-product","3":"status-publish","4":"has-post-thumbnail","6":"product_cat-empresas","7":"product_cat-tomador-de-decisiones","8":"product_tag-b2b-database-for-marketing","9":"product_tag-b2b-email-lists","10":"product_tag-base-de-datos","11":"product_tag-base-de-datos-ciudad-de-mexico","12":"product_tag-base-de-datos-correo-electronico","13":"product_tag-base-de-datos-correos-electronicos","14":"product_tag-base-de-datos-de-correos","15":"product_tag-base-de-datos-de-emails","16":"product_tag-base-de-datos-de-industrias","17":"product_tag-base-de-datos-de-telefonos","18":"product_tag-base-de-datos-del-estado-de-queretaro","19":"product_tag-base-de-datos-directivos","20":"product_tag-base-de-datos-director-general","21":"product_tag-base-de-datos-email","22":"product_tag-base-de-datos-email-marketing","23":"product_tag-base-de-datos-emails","24":"product_tag-base-de-datos-empresas","25":"product_tag-base-de-datos-empresas-de-alimentos","26":"product_tag-base-de-datos-estado-de-mexico","27":"product_tag-base-de-datos-farmaceuticas","28":"product_tag-base-de-datos-gerentes","29":"product_tag-base-de-datos-mailing","30":"product_tag-base-de-datos-queretaro","31":"product_tag-base-de-datos-san-luis-potosi","32":"product_tag-base-de-datos-socio","33":"product_tag-base-de-datos-telefono","34":"product_tag-base-de-datos-tomador-de-decision","35":"product_tag-base-de-datos-tomadores-de-decisiones","36":"product_tag-bases-de-datos-de-telefonos-fijos","37":"product_tag-bases-de-datos-email","38":"product_tag-bases-de-datos-emails","39":"product_tag-business","40":"product_tag-business-and-consumer-database","41":"product_tag-business-directory","42":"product_tag-business-email-list","43":"product_tag-business-emails","44":"product_tag-buy-email-address","45":"product_tag-buy-email-address-database","46":"product_tag-company-database","47":"product_tag-company-email-database","48":"product_tag-correos","49":"product_tag-database","50":"product_tag-database-of-email-advertising","51":"product_tag-database-of-emails","52":"product_tag-directorio-empresas","53":"product_tag-email","54":"product_tag-email-address-database","55":"product_tag-email-business-database","56":"product_tag-email-database","57":"product_tag-email-database-for-sale","58":"product_tag-email-database-of-businesses","59":"product_tag-email-list-providers","60":"product_tag-email-lists","61":"product_tag-email-marketer","62":"product_tag-email-marketing-database","63":"product_tag-email-marketing-list","64":"product_tag-email-services-marketing","65":"product_tag-emailing","66":"product_tag-emails-for-sale","67":"product_tag-envio","68":"product_tag-gerente","69":"product_tag-list","70":"product_tag-list-of-emails","71":"product_tag-lista","72":"product_tag-lista-de-correo-electronico","73":"product_tag-lista-de-email","74":"product_tag-lista-de-numeros-de-telefonos","75":"product_tag-listado-de-emails","76":"product_tag-listado-de-emails-de-empresas","77":"product_tag-mailing","78":"product_tag-marketing","79":"product_tag-phone-database","80":"product_tag-phone-number-database","81":"product_tag-phone-number-list","82":"product_tag-telefono","83":"product_tag-telephone-number","85":"first","86":"instock","87":"sale","88":"virtual","89":"purchasable","90":"product-type-simple"},"aioseo_notices":[],"_links":{"self":[{"href":"https:\/\/sihay.com.mx\/basededatos\/wp-json\/wp\/v2\/product\/3804","targetHints":{"allow":["GET"]}}],"collection":[{"href":"https:\/\/sihay.com.mx\/basededatos\/wp-json\/wp\/v2\/product"}],"about":[{"href":"https:\/\/sihay.com.mx\/basededatos\/wp-json\/wp\/v2\/types\/product"}],"replies":[{"embeddable":true,"href":"https:\/\/sihay.com.mx\/basededatos\/wp-json\/wp\/v2\/comments?post=3804"}],"wp:featuredmedia":[{"embeddable":true,"href":"https:\/\/sihay.com.mx\/basededatos\/wp-json\/wp\/v2\/media\/1880"}],"wp:attachment":[{"href":"https:\/\/sihay.com.mx\/basededatos\/wp-json\/wp\/v2\/media?parent=3804"}],"wp:term":[{"taxonomy":"product_brand","embeddable":true,"href":"https:\/\/sihay.com.mx\/basededatos\/wp-json\/wp\/v2\/product_brand?post=3804"},{"taxonomy":"product_cat","embeddable":true,"href":"https:\/\/sihay.com.mx\/basededatos\/wp-json\/wp\/v2\/product_cat?post=3804"},{"taxonomy":"product_tag","embeddable":true,"href":"https:\/\/sihay.com.mx\/basededatos\/wp-json\/wp\/v2\/product_tag?post=3804"}],"curies":[{"name":"wp","href":"https:\/\/api.w.org\/{rel}","templated":true}]}}