{"id":3785,"date":"2022-11-16T21:29:45","date_gmt":"2022-11-16T21:29:45","guid":{"rendered":"https:\/\/sihay.com.mx\/basededatos\/shop-2\/empresas-con-mas-de-100-empleados-a-nivel-nacional\/"},"modified":"2023-04-14T17:53:57","modified_gmt":"2023-04-14T17:53:57","slug":"empresas-con-mas-de-100-empleados-a-nivel-nacional","status":"publish","type":"product","link":"https:\/\/sihay.com.mx\/basededatos\/tienda\/empresas-con-mas-de-100-empleados-a-nivel-nacional\/","title":{"rendered":"Empresas con m\u00e1s de 100 empleados a Nivel Nacional."},"content":{"rendered":"","protected":false},"excerpt":{"rendered":"<p>&nbsp;<\/p>\n<div class=\"row\">\n<div class=\"col-sm\"><strong>C\u00f3digo:<\/strong> <strong class=\"text-danger\">MARA-C0-1<\/strong><\/div>\n<div class=\"col-sm\"><strong>N\u00famero de registros: <\/strong>15,000<\/div>\n<\/div>\n<div class=\"row\">\n<div class=\"col-sm \"><strong>Folio: <\/strong><span class=\"text-danger\">03SOJR0215-144<\/span><\/div>\n<\/div>\n<p><strong>Segmentaci\u00f3n:<\/strong><\/p>\n<div class=\"row\">\n<div class=\"col-sm \">Empresas con m\u00e1s de 100 empleados a Nivel Nacional.<\/div>\n<\/div>\n<p><strong>Campos Contenidos:<\/strong><\/p>\n<div class=\"row\">\n<div class=\"col-sm \"><span class=\"text-justify\">Empresa (Raz\u00f3n Social) \/ Giro \/ Direcci\u00f3n \/ Ciudad \/ Estado \/ Contacto (nombre y apellido) \/ Puesto: Director de RH o Director o Gerente de Compensaciones o Director o Gerente de N\u00f3mina o Supervisor o Coordinador de RH o Analista de RH (\u00c9ste \u00faltimo en menor cantidad) \/ Tel\u00e9fono \/ Email \/ Rango de No. de empleados.<\/span><\/div>\n<\/div>\n<div class=\"row\">\n<div class=\"col-sm\"><strong>Garant\u00eda:\u00a0<\/strong>65%-75%<br \/>\n<strong>Precio Original:\u00a0<\/strong><del>$157,435.00 MXN<\/del><br \/>\n<strong>Descuento Especial:\u00a0<\/strong><strong class=\"text-danger\">35%<\/strong><\/div>\n<\/div>\n<div class=\"row\">\n<div class=\"col text-center\"><strong>Total a Pagar:\u00a0<\/strong><strong class=\"text-danger\">$102,333.00 MXN<\/strong><\/div>\n<\/div>\n","protected":false},"featured_media":1865,"comment_status":"closed","ping_status":"closed","template":"","meta":[],"product_brand":[],"product_cat":[128,127],"product_tag":[269,582,234,209,206,235,216,204,207,203,215,205,183,181,191,197,236,413,417,403,418,611,610,273,308,276,583,277,275,265,268,475,535,272,270,584,404,575,319,383,274,271,266,278,585,586,280,587,267,588,589,590,366,279,612,384,357,591,356,324,323,550,321,322,607,385,303,307,570,496,416,304],"class_list":{"0":"post-3785","1":"product","2":"type-product","3":"status-publish","4":"has-post-thumbnail","6":"product_cat-con-mas-de-100-empleados","7":"product_cat-empresas","8":"product_tag-b2b-database-for-marketing","9":"product_tag-b2b-email-lists","10":"product_tag-base-de-datos","11":"product_tag-base-de-datos-con-mas-de-100-empleados","12":"product_tag-base-de-datos-correo-electronico","13":"product_tag-base-de-datos-correos-electronicos","14":"product_tag-base-de-datos-de-correos","15":"product_tag-base-de-datos-de-emails","16":"product_tag-base-de-datos-de-telefonos","17":"product_tag-base-de-datos-directivos-en-recursos-humanos","18":"product_tag-base-de-datos-director","19":"product_tag-base-de-datos-email","20":"product_tag-base-de-datos-email-marketing","21":"product_tag-base-de-datos-emails","22":"product_tag-base-de-datos-empresas","23":"product_tag-base-de-datos-gerentes","24":"product_tag-base-de-datos-nivel-nacional","25":"product_tag-base-de-datos-recursos-humanos","26":"product_tag-base-de-datos-telefono","27":"product_tag-bases-de-datos","28":"product_tag-bases-de-datos-de-telefonos-fijos","29":"product_tag-bases-de-datos-email","30":"product_tag-bases-de-datos-emails","31":"product_tag-business-and-consumer-database","32":"product_tag-business-directory","33":"product_tag-business-email-list","34":"product_tag-business-emails","35":"product_tag-buy-email-address","36":"product_tag-buy-email-address-database","37":"product_tag-company-database","38":"product_tag-company-email-database","39":"product_tag-comprar-base-de-datos-mexico","40":"product_tag-correos","41":"product_tag-database","42":"product_tag-database-of-email-advertising","43":"product_tag-database-of-emails","44":"product_tag-databases","45":"product_tag-director","46":"product_tag-directorio-empresas","47":"product_tag-email","48":"product_tag-email-address-database","49":"product_tag-email-business-database","50":"product_tag-email-database","51":"product_tag-email-database-for-sale","52":"product_tag-email-database-of-businesses","53":"product_tag-email-databases","54":"product_tag-email-list-providers","55":"product_tag-email-lists","56":"product_tag-email-marketer","57":"product_tag-email-marketing-database","58":"product_tag-email-marketing-list","59":"product_tag-email-services-marketing","60":"product_tag-emailing","61":"product_tag-emails-for-sale","62":"product_tag-envio","63":"product_tag-gerente","64":"product_tag-list","65":"product_tag-list-of-emails","66":"product_tag-lista","67":"product_tag-lista-de-correo-electronico","68":"product_tag-lista-de-email","69":"product_tag-lista-de-numeros-de-telefonos","70":"product_tag-listado-de-emails","71":"product_tag-listado-de-emails-de-empresas","72":"product_tag-marketing","73":"product_tag-national-database","74":"product_tag-phone-database","75":"product_tag-phone-number-database","76":"product_tag-phone-number-list","77":"product_tag-recursos-humanos","78":"product_tag-telefono","79":"product_tag-telephone-number","81":"first","82":"instock","83":"sale","84":"virtual","85":"purchasable","86":"product-type-simple"},"aioseo_notices":[],"_links":{"self":[{"href":"https:\/\/sihay.com.mx\/basededatos\/wp-json\/wp\/v2\/product\/3785","targetHints":{"allow":["GET"]}}],"collection":[{"href":"https:\/\/sihay.com.mx\/basededatos\/wp-json\/wp\/v2\/product"}],"about":[{"href":"https:\/\/sihay.com.mx\/basededatos\/wp-json\/wp\/v2\/types\/product"}],"replies":[{"embeddable":true,"href":"https:\/\/sihay.com.mx\/basededatos\/wp-json\/wp\/v2\/comments?post=3785"}],"wp:featuredmedia":[{"embeddable":true,"href":"https:\/\/sihay.com.mx\/basededatos\/wp-json\/wp\/v2\/media\/1865"}],"wp:attachment":[{"href":"https:\/\/sihay.com.mx\/basededatos\/wp-json\/wp\/v2\/media?parent=3785"}],"wp:term":[{"taxonomy":"product_brand","embeddable":true,"href":"https:\/\/sihay.com.mx\/basededatos\/wp-json\/wp\/v2\/product_brand?post=3785"},{"taxonomy":"product_cat","embeddable":true,"href":"https:\/\/sihay.com.mx\/basededatos\/wp-json\/wp\/v2\/product_cat?post=3785"},{"taxonomy":"product_tag","embeddable":true,"href":"https:\/\/sihay.com.mx\/basededatos\/wp-json\/wp\/v2\/product_tag?post=3785"}],"curies":[{"name":"wp","href":"https:\/\/api.w.org\/{rel}","templated":true}]}}