{"id":3780,"date":"2022-11-16T21:29:44","date_gmt":"2022-11-16T21:29:44","guid":{"rendered":"https:\/\/sihay.com.mx\/basededatos\/shop-2\/mujeres-de-18-a-45-anos-con-ingresos-arriba-de-los-16000-pesos-mensuales-en-naucalpan-de-juarez-estado-de-mexico\/"},"modified":"2023-06-09T19:15:59","modified_gmt":"2023-06-09T19:15:59","slug":"mujeres-de-18-a-45-anos-con-ingresos-arriba-de-los-16000-pesos-mensuales-en-naucalpan-de-juarez-estado-de-mexico","status":"publish","type":"product","link":"https:\/\/sihay.com.mx\/basededatos\/tienda\/mujeres-de-18-a-45-anos-con-ingresos-arriba-de-los-16000-pesos-mensuales-en-naucalpan-de-juarez-estado-de-mexico\/","title":{"rendered":"Mujeres de 18 a 45 a\u00f1os con ingresos arriba de los $16,000 pesos mensuales en Naucalpan de Ju\u00e1rez, Estado de M\u00e9xico."},"content":{"rendered":"","protected":false},"excerpt":{"rendered":"<p>&nbsp;<\/p>\n<div class=\"row\">\n<div class=\"col-sm\"><strong>C\u00f3digo:<\/strong> <strong class=\"text-danger\">JOCO-C9<\/strong><\/div>\n<div class=\"col-sm\"><strong>N\u00famero de registros: <\/strong>250<\/div>\n<\/div>\n<div class=\"row\">\n<div class=\"col-sm \"><strong>Folio: <\/strong><span class=\"text-danger\">03PTJP0617-100<\/span><\/div>\n<\/div>\n<p><strong>Segmentaci\u00f3n:<\/strong><\/p>\n<div class=\"row\">\n<div class=\"col-sm \">Mujeres de 18 a 45 a\u00f1os con ingresos arriba de los $16,000 pesos mensuales en Naucalpan de Ju\u00e1rez, Estado de M\u00e9xico.<\/div>\n<\/div>\n<p><strong>Campos Contenidos:<\/strong><\/p>\n<div class=\"row\">\n<div class=\"col-sm \"><span class=\"text-justify\">Nombre \/ Direcci\u00f3n \/ Ciudad \/ Estado \/ Tel\u00e9fono\/ Email.<\/span><\/div>\n<\/div>\n<div class=\"row\">\n<div class=\"col-sm\"><strong>Garant\u00eda:\u00a0<\/strong>65%-75%<br \/>\n<strong>Precio Original:\u00a0<\/strong><del>$3,464.00 MXN<\/del><br \/>\n<strong>Descuento Especial:\u00a0<\/strong><strong class=\"text-danger\">35%<\/strong><\/div>\n<\/div>\n<div class=\"row\">\n<div class=\"col text-center\"><strong>Total a Pagar:\u00a0<\/strong><strong class=\"text-danger\">$2,252.00 MXN<\/strong><\/div>\n<\/div>\n","protected":false},"featured_media":1892,"comment_status":"closed","ping_status":"closed","template":"","meta":[],"product_brand":[],"product_cat":[167,159],"product_tag":[269,582,234,510,206,235,509,216,204,237,697,207,205,183,181,561,477,240,417,566,418,611,610,277,275,351,476,358,694,693,592,535,272,270,584,383,274,695,266,278,280,587,267,588,589,590,366,279,357,591,356,324,323,550,321,696,367,607,359,303,307,570,416,304,352,469,559],"class_list":{"0":"post-3780","1":"product","2":"type-product","3":"status-publish","4":"has-post-thumbnail","6":"product_cat-consumidores-en-mexico","7":"product_cat-personas","8":"product_tag-b2b-database-for-marketing","9":"product_tag-b2b-email-lists","10":"product_tag-base-de-datos","11":"product_tag-base-de-datos-consumidores","12":"product_tag-base-de-datos-correo-electronico","13":"product_tag-base-de-datos-correos-electronicos","14":"product_tag-base-de-datos-de-consumidores","15":"product_tag-base-de-datos-de-correos","16":"product_tag-base-de-datos-de-emails","17":"product_tag-base-de-datos-de-personas","18":"product_tag-base-de-datos-de-personas-fisicas","19":"product_tag-base-de-datos-de-telefonos","20":"product_tag-base-de-datos-email","21":"product_tag-base-de-datos-email-marketing","22":"product_tag-base-de-datos-emails","23":"product_tag-base-de-datos-estado-de-mexico","24":"product_tag-base-de-datos-mailing","25":"product_tag-base-de-datos-personas","26":"product_tag-base-de-datos-telefono","27":"product_tag-base-de-datos-ventas","28":"product_tag-bases-de-datos-de-telefonos-fijos","29":"product_tag-bases-de-datos-email","30":"product_tag-bases-de-datos-emails","31":"product_tag-buy-email-address","32":"product_tag-buy-email-address-database","33":"product_tag-compra-base-de-datos","34":"product_tag-comprar-base-de-datos","35":"product_tag-consumer-database","36":"product_tag-consumer-email-database","37":"product_tag-consumer-email-list","38":"product_tag-consumer-emails","39":"product_tag-correos","40":"product_tag-database","41":"product_tag-database-of-email-advertising","42":"product_tag-database-of-emails","43":"product_tag-email","44":"product_tag-email-address-database","45":"product_tag-email-consumer-database","46":"product_tag-email-database","47":"product_tag-email-database-for-sale","48":"product_tag-email-list-providers","49":"product_tag-email-lists","50":"product_tag-email-marketer","51":"product_tag-email-marketing-database","52":"product_tag-email-marketing-list","53":"product_tag-email-services-marketing","54":"product_tag-emailing","55":"product_tag-emails-for-sale","56":"product_tag-list","57":"product_tag-list-of-emails","58":"product_tag-lista","59":"product_tag-lista-de-correo-electronico","60":"product_tag-lista-de-email","61":"product_tag-lista-de-numeros-de-telefonos","62":"product_tag-listado-de-emails","63":"product_tag-listado-de-emails-de-consumidores","64":"product_tag-mailing","65":"product_tag-marketing","66":"product_tag-personas-fisicas","67":"product_tag-phone-database","68":"product_tag-phone-number-database","69":"product_tag-phone-number-list","70":"product_tag-telefono","71":"product_tag-telephone-number","72":"product_tag-venta-base-de-datos","73":"product_tag-venta-base-se-datos","74":"product_tag-venta-de-base-de-datos","76":"first","77":"instock","78":"sale","79":"virtual","80":"purchasable","81":"product-type-simple"},"aioseo_notices":[],"_links":{"self":[{"href":"https:\/\/sihay.com.mx\/basededatos\/wp-json\/wp\/v2\/product\/3780","targetHints":{"allow":["GET"]}}],"collection":[{"href":"https:\/\/sihay.com.mx\/basededatos\/wp-json\/wp\/v2\/product"}],"about":[{"href":"https:\/\/sihay.com.mx\/basededatos\/wp-json\/wp\/v2\/types\/product"}],"replies":[{"embeddable":true,"href":"https:\/\/sihay.com.mx\/basededatos\/wp-json\/wp\/v2\/comments?post=3780"}],"wp:featuredmedia":[{"embeddable":true,"href":"https:\/\/sihay.com.mx\/basededatos\/wp-json\/wp\/v2\/media\/1892"}],"wp:attachment":[{"href":"https:\/\/sihay.com.mx\/basededatos\/wp-json\/wp\/v2\/media?parent=3780"}],"wp:term":[{"taxonomy":"product_brand","embeddable":true,"href":"https:\/\/sihay.com.mx\/basededatos\/wp-json\/wp\/v2\/product_brand?post=3780"},{"taxonomy":"product_cat","embeddable":true,"href":"https:\/\/sihay.com.mx\/basededatos\/wp-json\/wp\/v2\/product_cat?post=3780"},{"taxonomy":"product_tag","embeddable":true,"href":"https:\/\/sihay.com.mx\/basededatos\/wp-json\/wp\/v2\/product_tag?post=3780"}],"curies":[{"name":"wp","href":"https:\/\/api.w.org\/{rel}","templated":true}]}}