{"id":3772,"date":"2022-11-16T21:29:42","date_gmt":"2022-11-16T21:29:42","guid":{"rendered":"https:\/\/sihay.com.mx\/basededatos\/shop-2\/empresas-del-sector-manufacturero-que-se-dediquen-a-productos-de-plastico-partes-para-vehiculos-automotores-empresas-del-sector-de-distribucion-y-financiero\/"},"modified":"2023-03-29T19:12:35","modified_gmt":"2023-03-29T19:12:35","slug":"empresas-del-sector-manufacturero-que-se-dediquen-a-productos-de-plastico-partes-para-vehiculos-automotores-empresas-del-sector-de-distribucion-y-financiero","status":"publish","type":"product","link":"https:\/\/sihay.com.mx\/basededatos\/tienda\/empresas-del-sector-manufacturero-que-se-dediquen-a-productos-de-plastico-partes-para-vehiculos-automotores-empresas-del-sector-de-distribucion-y-financiero\/","title":{"rendered":"Empresas del sector manufacturero que se dediquen a: productos de pl\u00e1stico, partes para veh\u00edculos automotores&#8230;, Empresas del sector de distribuci\u00f3n y financiero."},"content":{"rendered":"","protected":false},"excerpt":{"rendered":"<p>&nbsp;<\/p>\n<div class=\"row\">\n<div class=\"col-sm\"><strong>C\u00f3digo:<\/strong> <strong class=\"text-danger\">MANU-C6<\/strong><\/div>\n<div class=\"col-sm\"><strong>N\u00famero de registros: <\/strong>1,000<\/div>\n<\/div>\n<div class=\"row\">\n<div class=\"col-sm \"><strong>Folio:\u00a0<\/strong><span class=\"text-danger\">CC0517B092<\/span><\/div>\n<\/div>\n<p><strong>Segmentaci\u00f3n:<\/strong><\/p>\n<div class=\"row\">\n<div class=\"col-sm \">Empresas del sector manufacturero que se dediquen a: productos de pl\u00e1stico, partes para veh\u00edculos automotores, componentes el\u00e9ctricos, confecci\u00f3n de prendas de vestir, equipo no el\u00e9ctrico dental y oft\u00e1lmico, industria de las bebidas, autom\u00f3viles y camionetas, productos farmac\u00e9uticos, chocolates dulces y similares y aparatos el\u00e9ctricos de uso domestico y empresas de comercio de: materias primas para la industria al por mayor, autom\u00f3viles y camionetas al por menor, lubricantes y combustibles al por mayor, productos farmac\u00e9uticos al por mayor, refacciones para autom\u00f3viles al por menor y ferreter\u00edas y tlapaler\u00edas y Empresas del sector de distribuci\u00f3n y financiero. que tengan de 31 a 100 empleados cuya facturaci\u00f3n sea Entre 5-20 millones d\u00f3lares anuales( 600 registros) Entre 20-100 millones de dolares anuales (400 registros).<\/div>\n<\/div>\n<p><strong>Campos Contenidos:<\/strong><\/p>\n<div class=\"row\">\n<div class=\"col-sm \"><span class=\"text-justify\">Empresa \/ Giro\/ c\u00f3digo SCIAN \/ Rango de empleados\/ Monto de facturaci\u00f3n\/ Direcci\u00f3n \/c\u00f3digo postal\/ Ciudad \/ Estado \/ Contacto \/ Puesto: gerente o directores de sistemas o gerentes o directores de tecnolog\u00edas de la informaci\u00f3n\/ Tel\u00e9fono \/ Email.<\/span><\/div>\n<\/div>\n<div class=\"row\">\n<div class=\"col-sm\"><strong>Garant\u00eda:\u00a0<\/strong>65%-75%<br \/>\n<strong>Precio Original:\u00a0<\/strong><del>$28,544.00 MXN<\/del><br \/>\n<strong>Descuento Especial:\u00a0<\/strong><strong class=\"text-danger\">35%<\/strong><\/div>\n<\/div>\n<div class=\"row\">\n<div class=\"col text-center\"><strong>Total a Pagar:\u00a0<\/strong><strong class=\"text-danger\">$18,554.00 MXN<\/strong><\/div>\n<\/div>\n","protected":false},"featured_media":1876,"comment_status":"closed","ping_status":"closed","template":"","meta":[],"product_brand":[],"product_cat":[127,145],"product_tag":[269,582,234,255,206,235,216,204,470,340,388,207,215,194,205,183,181,191,551,197,448,452,477,473,576,387,417,566,403,418,273,308,276,583,277,275,265,268,351,476,475,535,272,270,584,575,319,383,274,271,266,278,585,586,280,587,267,588,589,590,366,279,423,501,335,380,384,500,342,378,357,591,356,324,323,550,321,322,367,570,502,416,352,469],"class_list":{"0":"post-3772","1":"product","2":"type-product","3":"status-publish","4":"has-post-thumbnail","6":"product_cat-empresas","7":"product_cat-manufactureras","8":"product_tag-b2b-database-for-marketing","9":"product_tag-b2b-email-lists","10":"product_tag-base-de-datos","11":"product_tag-base-de-datos-automotriz","12":"product_tag-base-de-datos-correo-electronico","13":"product_tag-base-de-datos-correos-electronicos","14":"product_tag-base-de-datos-de-correos","15":"product_tag-base-de-datos-de-emails","16":"product_tag-base-de-datos-de-empresas-mexico","17":"product_tag-base-de-datos-de-industrias","18":"product_tag-base-de-datos-de-productores","19":"product_tag-base-de-datos-de-telefonos","20":"product_tag-base-de-datos-director","21":"product_tag-base-de-datos-director-general","22":"product_tag-base-de-datos-email","23":"product_tag-base-de-datos-email-marketing","24":"product_tag-base-de-datos-emails","25":"product_tag-base-de-datos-empresas","26":"product_tag-base-de-datos-farmaceuticas","27":"product_tag-base-de-datos-gerentes","28":"product_tag-base-de-datos-industria-automotriz","29":"product_tag-base-de-datos-industria-farmaceutica","30":"product_tag-base-de-datos-mailing","31":"product_tag-base-de-datos-manufactura","32":"product_tag-base-de-datos-manufactureras","33":"product_tag-base-de-datos-productoras","34":"product_tag-base-de-datos-telefono","35":"product_tag-base-de-datos-ventas","36":"product_tag-bases-de-datos","37":"product_tag-bases-de-datos-de-telefonos-fijos","38":"product_tag-business-and-consumer-database","39":"product_tag-business-directory","40":"product_tag-business-email-list","41":"product_tag-business-emails","42":"product_tag-buy-email-address","43":"product_tag-buy-email-address-database","44":"product_tag-company-database","45":"product_tag-company-email-database","46":"product_tag-compra-base-de-datos","47":"product_tag-comprar-base-de-datos","48":"product_tag-comprar-base-de-datos-mexico","49":"product_tag-correos","50":"product_tag-database","51":"product_tag-database-of-email-advertising","52":"product_tag-database-of-emails","53":"product_tag-director","54":"product_tag-directorio-empresas","55":"product_tag-email","56":"product_tag-email-address-database","57":"product_tag-email-business-database","58":"product_tag-email-database","59":"product_tag-email-database-for-sale","60":"product_tag-email-database-of-businesses","61":"product_tag-email-databases","62":"product_tag-email-list-providers","63":"product_tag-email-lists","64":"product_tag-email-marketer","65":"product_tag-email-marketing-database","66":"product_tag-email-marketing-list","67":"product_tag-email-services-marketing","68":"product_tag-emailing","69":"product_tag-emails-for-sale","70":"product_tag-empresarios","71":"product_tag-empresas","72":"product_tag-empresas-manufactureras","73":"product_tag-farmaceutica","74":"product_tag-gerente","75":"product_tag-gerente-de-sistemas","76":"product_tag-industria-automotriz","77":"product_tag-ingenieros-en-desarrollo-de-sistemas","78":"product_tag-list","79":"product_tag-list-of-emails","80":"product_tag-lista","81":"product_tag-lista-de-correo-electronico","82":"product_tag-lista-de-email","83":"product_tag-lista-de-numeros-de-telefonos","84":"product_tag-listado-de-emails","85":"product_tag-listado-de-emails-de-empresas","86":"product_tag-mailing","87":"product_tag-phone-number-list","88":"product_tag-tecnologias-de-la-informacion","89":"product_tag-telefono","90":"product_tag-venta-base-de-datos","91":"product_tag-venta-base-se-datos","93":"first","94":"instock","95":"sale","96":"virtual","97":"purchasable","98":"product-type-simple"},"aioseo_notices":[],"_links":{"self":[{"href":"https:\/\/sihay.com.mx\/basededatos\/wp-json\/wp\/v2\/product\/3772","targetHints":{"allow":["GET"]}}],"collection":[{"href":"https:\/\/sihay.com.mx\/basededatos\/wp-json\/wp\/v2\/product"}],"about":[{"href":"https:\/\/sihay.com.mx\/basededatos\/wp-json\/wp\/v2\/types\/product"}],"replies":[{"embeddable":true,"href":"https:\/\/sihay.com.mx\/basededatos\/wp-json\/wp\/v2\/comments?post=3772"}],"wp:featuredmedia":[{"embeddable":true,"href":"https:\/\/sihay.com.mx\/basededatos\/wp-json\/wp\/v2\/media\/1876"}],"wp:attachment":[{"href":"https:\/\/sihay.com.mx\/basededatos\/wp-json\/wp\/v2\/media?parent=3772"}],"wp:term":[{"taxonomy":"product_brand","embeddable":true,"href":"https:\/\/sihay.com.mx\/basededatos\/wp-json\/wp\/v2\/product_brand?post=3772"},{"taxonomy":"product_cat","embeddable":true,"href":"https:\/\/sihay.com.mx\/basededatos\/wp-json\/wp\/v2\/product_cat?post=3772"},{"taxonomy":"product_tag","embeddable":true,"href":"https:\/\/sihay.com.mx\/basededatos\/wp-json\/wp\/v2\/product_tag?post=3772"}],"curies":[{"name":"wp","href":"https:\/\/api.w.org\/{rel}","templated":true}]}}