{"id":3726,"date":"2022-11-16T21:29:38","date_gmt":"2022-11-16T21:29:38","guid":{"rendered":"https:\/\/sihay.com.mx\/basededatos\/shop-2\/nutriologos-entrenadores-de-gimnasios-y-medicos-bariatras-en-el-area-metropolitana-de-la-ciudad-de-mexico\/"},"modified":"2023-06-19T19:39:30","modified_gmt":"2023-06-19T19:39:30","slug":"nutriologos-entrenadores-de-gimnasios-y-medicos-bariatras-en-el-area-metropolitana-de-la-ciudad-de-mexico","status":"publish","type":"product","link":"https:\/\/sihay.com.mx\/basededatos\/tienda\/nutriologos-entrenadores-de-gimnasios-y-medicos-bariatras-en-el-area-metropolitana-de-la-ciudad-de-mexico\/","title":{"rendered":"Nutri\u00f3logos, entrenadores de gimnasios y m\u00e9dicos bariatras en el \u00c1rea Metropolitana de la Ciudad de M\u00e9xico."},"content":{"rendered":"","protected":false},"excerpt":{"rendered":"<p>&nbsp;<\/p>\n<div class=\"row\">\n<div class=\"col-sm\"><strong>C\u00f3digo:<\/strong> <strong class=\"text-danger\">CANA-D2<\/strong><\/div>\n<div class=\"col-sm\"><strong>N\u00famero de registros: <\/strong>500<\/div>\n<\/div>\n<div class=\"row\">\n<div class=\"col-sm \"><strong>Folio: <\/strong><span class=\"text-danger\">EN0517B034<\/span><\/div>\n<\/div>\n<p><strong>Segmentaci\u00f3n:<\/strong><\/p>\n<div class=\"row\">\n<div class=\"col-sm \"><span class=\"text-justify\">Nutri\u00f3logos, entrenadores de gimnasios y m\u00e9dicos bariatras en el \u00c1rea Metropolitana de la Ciudad de M\u00e9xico. <\/span><\/div>\n<\/div>\n<p><strong>Campos Contenidos:<\/strong><\/p>\n<div class=\"row\">\n<div class=\"col-sm \"><span class=\"text-justify\">Nombre\/ Domicilio\/ Ciudad\/ Estado\/ Tel\u00e9fono \/ Correo.<\/span><\/div>\n<\/div>\n<div class=\"row\">\n<div class=\"col-sm\"><strong>Garant\u00eda:\u00a0<\/strong>65%-75%<br \/>\n<strong>Precio Original:\u00a0<\/strong><del>$6,859.00 MXN<\/del><br \/>\n<strong>Descuento Especial:\u00a0<\/strong><strong class=\"text-danger\">35%<\/strong><\/div>\n<\/div>\n<div class=\"row\">\n<div class=\"col text-center\"><strong>Total a Pagar:\u00a0<\/strong><strong class=\"text-danger\">$4,458.00 MXN<\/strong><\/div>\n<\/div>\n","protected":false},"featured_media":1895,"comment_status":"closed","ping_status":"closed","template":"","meta":[],"product_brand":[],"product_cat":[170,159],"product_tag":[269,582,234,329,328,206,235,216,204,237,697,207,205,183,181,477,424,446,417,418,611,610,277,275,694,693,592,535,272,270,584,404,383,274,266,278,586,280,587,267,588,589,590,366,279,357,591,356,324,323,550,321,696,707,367,303,307,570,416,304],"class_list":{"0":"post-3726","1":"product","2":"type-product","3":"status-publish","4":"has-post-thumbnail","6":"product_cat-medicos-en-mexico","7":"product_cat-personas","8":"product_tag-b2b-database-for-marketing","9":"product_tag-b2b-email-lists","10":"product_tag-base-de-datos","11":"product_tag-base-de-datos-area-metropolitana","12":"product_tag-base-de-datos-ciudad-de-mexico","13":"product_tag-base-de-datos-correo-electronico","14":"product_tag-base-de-datos-correos-electronicos","15":"product_tag-base-de-datos-de-correos","16":"product_tag-base-de-datos-de-emails","17":"product_tag-base-de-datos-de-personas","18":"product_tag-base-de-datos-de-personas-fisicas","19":"product_tag-base-de-datos-de-telefonos","20":"product_tag-base-de-datos-email","21":"product_tag-base-de-datos-email-marketing","22":"product_tag-base-de-datos-emails","23":"product_tag-base-de-datos-mailing","24":"product_tag-base-de-datos-medicos","25":"product_tag-base-de-datos-nutriologos","26":"product_tag-base-de-datos-telefono","27":"product_tag-bases-de-datos-de-telefonos-fijos","28":"product_tag-bases-de-datos-email","29":"product_tag-bases-de-datos-emails","30":"product_tag-buy-email-address","31":"product_tag-buy-email-address-database","32":"product_tag-consumer-email-database","33":"product_tag-consumer-email-list","34":"product_tag-consumer-emails","35":"product_tag-correos","36":"product_tag-database","37":"product_tag-database-of-email-advertising","38":"product_tag-database-of-emails","39":"product_tag-databases","40":"product_tag-email","41":"product_tag-email-address-database","42":"product_tag-email-database","43":"product_tag-email-database-for-sale","44":"product_tag-email-databases","45":"product_tag-email-list-providers","46":"product_tag-email-lists","47":"product_tag-email-marketer","48":"product_tag-email-marketing-database","49":"product_tag-email-marketing-list","50":"product_tag-email-services-marketing","51":"product_tag-emailing","52":"product_tag-emails-for-sale","53":"product_tag-list","54":"product_tag-list-of-emails","55":"product_tag-lista","56":"product_tag-lista-de-correo-electronico","57":"product_tag-lista-de-email","58":"product_tag-lista-de-numeros-de-telefonos","59":"product_tag-listado-de-emails","60":"product_tag-listado-de-emails-de-consumidores","61":"product_tag-listado-de-emails-de-personas","62":"product_tag-mailing","63":"product_tag-phone-database","64":"product_tag-phone-number-database","65":"product_tag-phone-number-list","66":"product_tag-telefono","67":"product_tag-telephone-number","69":"first","70":"instock","71":"sale","72":"virtual","73":"purchasable","74":"product-type-simple"},"aioseo_notices":[],"_links":{"self":[{"href":"https:\/\/sihay.com.mx\/basededatos\/wp-json\/wp\/v2\/product\/3726","targetHints":{"allow":["GET"]}}],"collection":[{"href":"https:\/\/sihay.com.mx\/basededatos\/wp-json\/wp\/v2\/product"}],"about":[{"href":"https:\/\/sihay.com.mx\/basededatos\/wp-json\/wp\/v2\/types\/product"}],"replies":[{"embeddable":true,"href":"https:\/\/sihay.com.mx\/basededatos\/wp-json\/wp\/v2\/comments?post=3726"}],"wp:featuredmedia":[{"embeddable":true,"href":"https:\/\/sihay.com.mx\/basededatos\/wp-json\/wp\/v2\/media\/1895"}],"wp:attachment":[{"href":"https:\/\/sihay.com.mx\/basededatos\/wp-json\/wp\/v2\/media?parent=3726"}],"wp:term":[{"taxonomy":"product_brand","embeddable":true,"href":"https:\/\/sihay.com.mx\/basededatos\/wp-json\/wp\/v2\/product_brand?post=3726"},{"taxonomy":"product_cat","embeddable":true,"href":"https:\/\/sihay.com.mx\/basededatos\/wp-json\/wp\/v2\/product_cat?post=3726"},{"taxonomy":"product_tag","embeddable":true,"href":"https:\/\/sihay.com.mx\/basededatos\/wp-json\/wp\/v2\/product_tag?post=3726"}],"curies":[{"name":"wp","href":"https:\/\/api.w.org\/{rel}","templated":true}]}}