{"id":3657,"date":"2022-11-16T21:29:30","date_gmt":"2022-11-16T21:29:30","guid":{"rendered":"https:\/\/sihay.com.mx\/basededatos\/shop-2\/empresas-medianas-de-la-construccion-con-facturacion-de-100-a-250-millones-de-pesos-anuales-en-ciudad-de-mexico-y-area-metropolitana\/"},"modified":"2023-04-03T18:22:44","modified_gmt":"2023-04-03T18:22:44","slug":"empresas-medianas-de-la-construccion-con-facturacion-de-100-a-250-millones-de-pesos-anuales-en-ciudad-de-mexico-y-area-metropolitana","status":"publish","type":"product","link":"https:\/\/sihay.com.mx\/basededatos\/tienda\/empresas-medianas-de-la-construccion-con-facturacion-de-100-a-250-millones-de-pesos-anuales-en-ciudad-de-mexico-y-area-metropolitana\/","title":{"rendered":"Empresas medianas de la construcci\u00f3n con facturaci\u00f3n de $100 a $250 millones de pesos anuales en Ciudad de M\u00e9xico y \u00e1rea metropolitana."},"content":{"rendered":"","protected":false},"excerpt":{"rendered":"<p>&nbsp;<\/p>\n<div class=\"row\">\n<div class=\"col-sm\"><strong>C\u00f3digo:<\/strong> <strong class=\"text-danger\">XIAR-D5<\/strong><\/div>\n<div class=\"col-sm\"><strong>N\u00famero de registros: <\/strong>250<\/div>\n<\/div>\n<div class=\"row\">\n<div class=\"col-sm \"><strong>Folio: <\/strong><span class=\"text-danger\">EM0117B122<\/span><\/div>\n<\/div>\n<p><strong>Segmentaci\u00f3n:<\/strong><\/p>\n<div class=\"row\">\n<div class=\"col-sm \"><span class=\"text-justify\">Empresas medianas del sector de la construcci\u00f3n con facturaci\u00f3n de $100 a $250 millones pesos anuales en la Ciudad de M\u00e9xico y \u00e1rea metropolitana.<\/span><\/div>\n<\/div>\n<p><strong>Campos Contenidos:<\/strong><\/p>\n<div class=\"row\">\n<div class=\"col-sm \"><span class=\"text-justify\">Empresa \/ Direcci\u00f3n \/ Ciudad \/ Estado \/ Contacto \/ Puesto: Director General, Socio, Directivos, Gerentes o Tomador de decisi\u00f3n \/ Tel\u00e9fono \/ Email.<\/span><\/div>\n<\/div>\n<div class=\"row\">\n<div class=\"col-sm\"><strong>Garant\u00eda: <\/strong>65%-75%<br \/>\n<strong>Precio Original: <\/strong><span style=\"text-decoration: line-through;\">$3,911.00 MXN<\/span><br \/>\n<strong>Descuento Especial: <\/strong><strong class=\"text-danger\">35%<\/strong><\/div>\n<\/div>\n<div class=\"row\">\n<div class=\"col text-center\"><strong>Total a Pagar: <\/strong><strong class=\"text-danger\">$2,542.00 MXN<\/strong><\/div>\n<\/div>\n","protected":false},"featured_media":1888,"comment_status":"closed","ping_status":"closed","template":"","meta":[],"product_brand":[],"product_cat":[130,127],"product_tag":[269,582,234,329,328,206,235,242,216,204,593,207,196,215,194,205,183,181,300,191,197,477,195,417,198,217,566,403,418,602,308,276,583,277,275,265,268,351,476,475,535,272,270,584,404,606,319,383,274,271,266,278,585,586,280,587,267,588,589,590,366,279,423,501,453,357,591,356,324,323,550,321,322,367,552,607,303,307,570,416,304,604,352,469,559,493],"class_list":{"0":"post-3657","1":"product","2":"type-product","3":"status-publish","4":"has-post-thumbnail","6":"product_cat-constructoras","7":"product_cat-empresas","8":"product_tag-b2b-database-for-marketing","9":"product_tag-b2b-email-lists","10":"product_tag-base-de-datos","11":"product_tag-base-de-datos-area-metropolitana","12":"product_tag-base-de-datos-ciudad-de-mexico","13":"product_tag-base-de-datos-correo-electronico","14":"product_tag-base-de-datos-correos-electronicos","15":"product_tag-base-de-datos-de-construcciones","16":"product_tag-base-de-datos-de-correos","17":"product_tag-base-de-datos-de-emails","18":"product_tag-base-de-datos-de-fabricantes","19":"product_tag-base-de-datos-de-telefonos","20":"product_tag-base-de-datos-directivos","21":"product_tag-base-de-datos-director","22":"product_tag-base-de-datos-director-general","23":"product_tag-base-de-datos-email","24":"product_tag-base-de-datos-email-marketing","25":"product_tag-base-de-datos-emails","26":"product_tag-base-de-datos-empresarios","27":"product_tag-base-de-datos-empresas","28":"product_tag-base-de-datos-gerentes","29":"product_tag-base-de-datos-mailing","30":"product_tag-base-de-datos-socio","31":"product_tag-base-de-datos-telefono","32":"product_tag-base-de-datos-tomador-de-decision","33":"product_tag-base-de-datos-tomadores-de-decisiones","34":"product_tag-base-de-datos-ventas","35":"product_tag-bases-de-datos","36":"product_tag-bases-de-datos-de-telefonos-fijos","37":"product_tag-bases-de-datos-ferreterias","38":"product_tag-business-directory","39":"product_tag-business-email-list","40":"product_tag-business-emails","41":"product_tag-buy-email-address","42":"product_tag-buy-email-address-database","43":"product_tag-company-database","44":"product_tag-company-email-database","45":"product_tag-compra-base-de-datos","46":"product_tag-comprar-base-de-datos","47":"product_tag-comprar-base-de-datos-mexico","48":"product_tag-correos","49":"product_tag-database","50":"product_tag-database-of-email-advertising","51":"product_tag-database-of-emails","52":"product_tag-databases","53":"product_tag-directivos","54":"product_tag-directorio-empresas","55":"product_tag-email","56":"product_tag-email-address-database","57":"product_tag-email-business-database","58":"product_tag-email-database","59":"product_tag-email-database-for-sale","60":"product_tag-email-database-of-businesses","61":"product_tag-email-databases","62":"product_tag-email-list-providers","63":"product_tag-email-lists","64":"product_tag-email-marketer","65":"product_tag-email-marketing-database","66":"product_tag-email-marketing-list","67":"product_tag-email-services-marketing","68":"product_tag-emailing","69":"product_tag-emails-for-sale","70":"product_tag-empresarios","71":"product_tag-empresas","72":"product_tag-empresas-medianas","73":"product_tag-list","74":"product_tag-list-of-emails","75":"product_tag-lista","76":"product_tag-lista-de-correo-electronico","77":"product_tag-lista-de-email","78":"product_tag-lista-de-numeros-de-telefonos","79":"product_tag-listado-de-emails","80":"product_tag-listado-de-emails-de-empresas","81":"product_tag-mailing","82":"product_tag-mailing-mexico","83":"product_tag-marketing","84":"product_tag-phone-database","85":"product_tag-phone-number-database","86":"product_tag-phone-number-list","87":"product_tag-telefono","88":"product_tag-telephone-number","89":"product_tag-venta","90":"product_tag-venta-base-de-datos","91":"product_tag-venta-base-se-datos","92":"product_tag-venta-de-base-de-datos","93":"product_tag-venta-de-base-de-datos-mexico","95":"first","96":"instock","97":"sale","98":"featured","99":"virtual","100":"purchasable","101":"product-type-simple"},"aioseo_notices":[],"_links":{"self":[{"href":"https:\/\/sihay.com.mx\/basededatos\/wp-json\/wp\/v2\/product\/3657","targetHints":{"allow":["GET"]}}],"collection":[{"href":"https:\/\/sihay.com.mx\/basededatos\/wp-json\/wp\/v2\/product"}],"about":[{"href":"https:\/\/sihay.com.mx\/basededatos\/wp-json\/wp\/v2\/types\/product"}],"replies":[{"embeddable":true,"href":"https:\/\/sihay.com.mx\/basededatos\/wp-json\/wp\/v2\/comments?post=3657"}],"wp:featuredmedia":[{"embeddable":true,"href":"https:\/\/sihay.com.mx\/basededatos\/wp-json\/wp\/v2\/media\/1888"}],"wp:attachment":[{"href":"https:\/\/sihay.com.mx\/basededatos\/wp-json\/wp\/v2\/media?parent=3657"}],"wp:term":[{"taxonomy":"product_brand","embeddable":true,"href":"https:\/\/sihay.com.mx\/basededatos\/wp-json\/wp\/v2\/product_brand?post=3657"},{"taxonomy":"product_cat","embeddable":true,"href":"https:\/\/sihay.com.mx\/basededatos\/wp-json\/wp\/v2\/product_cat?post=3657"},{"taxonomy":"product_tag","embeddable":true,"href":"https:\/\/sihay.com.mx\/basededatos\/wp-json\/wp\/v2\/product_tag?post=3657"}],"curies":[{"name":"wp","href":"https:\/\/api.w.org\/{rel}","templated":true}]}}