{"id":1041,"date":"2019-06-01T05:37:55","date_gmt":"2019-06-01T05:37:55","guid":{"rendered":"https:\/\/kapee.presslayouts.com\/dummy\/?page_id=1041"},"modified":"2024-12-11T23:58:31","modified_gmt":"2024-12-11T23:58:31","slug":"nosotros","status":"publish","type":"page","link":"https:\/\/sihay.com.mx\/basededatos\/nosotros\/","title":{"rendered":"Nosotros"},"content":{"rendered":"<section class=\"wpb-content-wrapper\"><p>[vc_row content_placement=&#8221;middle&#8221; css=&#8221;.vc_custom_1563251684741{margin-top: 40px !important;}&#8221;][vc_column css_animation=&#8221;none&#8221; width=&#8221;1\/2&#8243;][vc_single_image image=&#8221;3453&#8243; img_size=&#8221;full&#8221; css_animation=&#8221;none&#8221;][\/vc_column][vc_column css_animation=&#8221;none&#8221; width=&#8221;1\/2&#8243;]<div id=\"kapee-header-50286\" class=\"kapee-element kapee-heading text-left kapee-width-100 separator-none separator-between-heading\">\t\n\t\t\t\n\t\t\t<div class=\"heading-wrap\">\n\t\t\t<span class=\"separator-left\"><\/span>\n\t\t\t<h2 class=\"heading-title\">Acerca de eShop <\/h2>\t\t\t<span class=\"separator-right\"><\/span>\n\t\t\t\t\t<\/div>\n\t\t\n    <\/div>[vc_column_text css=&#8221;.vc_custom_1712248183916{margin-bottom: 35px !important;}&#8221;]eShop forma parte del <strong>corporativo empresarial <a href=\"https:\/\/gruponetk.com.mx\/\" target=\"_blank\" rel=\"noopener\">Grupo Net K<\/a><\/strong>, con presencia en el mercado desde el a\u00f1o de 1999; prestando servicios y comercializando productos de marketing por internet, de alta tecnolog\u00eda y competitividad, para brindar a nuestros clientes soluciones competitivas para cubrir sus necesidades e impulsar su \u00e9xito en l\u00ednea.<\/p>\n<p>Nuestras bases de datos se <strong>entregan en menos de 24 horas<\/strong>, y cuentan con el precio m\u00e1s competitivo en el mercado.<\/p>\n<p>Contamos m\u00e1s de 90 millones de registros hechos a tu medida, <strong>actualmente tenemos una amplia variedad de perfiles tanto en M\u00e9xico como de manera Internacional. <\/strong><\/p>\n<p>Nuestra filosof\u00eda es <strong>\u201ccrecer junto con nuestros clientes\u201d<\/strong> a trav\u00e9s de su expansi\u00f3n y consolidaci\u00f3n en internet. La base de nuestras acciones se encamina a ser un pilar en el fortalecimiento on-line de empresas que depositan en nosotros su confianza, pues nos hemos esforzado para impulsarlas a tener \u00e9xito en sus proyectos, ofreciendo soluciones web de calidad.[\/vc_column_text][vc_row_inner][vc_column_inner width=&#8221;1\/2&#8243;]<div id=\"kapee-list-49685\" class=\"kapee-element kapee-list list-type-icon list-style-square list-size-medium\">\n\t<ul>\n\t\t\t\t\t<li>\n\t\t\t\t\t\t\t\t\t<span class=\"list-icon\">\n\t\t\t\t\t\t<i class=\"fa fa-check \" aria-hidden=\"true\"><\/i>\t\t\t\t\t<\/span>\n\t\t\t\t\t\t\t\t\t<span class=\"list-content\">Garant\u00eda <\/span>\n\t\t\t\t\t\t\t<\/li>\n\t\t\t\t\t<li>\n\t\t\t\t\t\t\t\t\t<span class=\"list-icon\">\n\t\t\t\t\t\t<i class=\"fa fa-check \" aria-hidden=\"true\"><\/i>\t\t\t\t\t<\/span>\n\t\t\t\t\t\t\t\t\t<span class=\"list-content\">Respaldo<\/span>\n\t\t\t\t\t\t\t<\/li>\n\t\t\t<\/ul>\n<\/div>[\/vc_column_inner][vc_column_inner width=&#8221;1\/2&#8243;]<div id=\"kapee-list-48200\" class=\"kapee-element kapee-list list-type-icon list-style-square list-size-medium\">\n\t<ul>\n\t\t\t\t\t<li>\n\t\t\t\t\t\t\t\t\t<span class=\"list-icon\">\n\t\t\t\t\t\t<i class=\"fa fa-check \" aria-hidden=\"true\"><\/i>\t\t\t\t\t<\/span>\n\t\t\t\t\t\t\t\t\t<span class=\"list-content\">Seguridad<\/span>\n\t\t\t\t\t\t\t<\/li>\n\t\t\t\t\t<li>\n\t\t\t\t\t\t\t\t\t<span class=\"list-icon\">\n\t\t\t\t\t\t<i class=\"fa fa-check \" aria-hidden=\"true\"><\/i>\t\t\t\t\t<\/span>\n\t\t\t\t\t\t\t\t\t<span class=\"list-content\">Confianza<\/span>\n\t\t\t\t\t\t\t<\/li>\n\t\t\t<\/ul>\n<\/div>[\/vc_column_inner][\/vc_row_inner][\/vc_column][\/vc_row][vc_row content_placement=&#8221;middle&#8221; css=&#8221;.vc_custom_1563256692107{margin-bottom: 4% !important;padding-top: 5% !important;}&#8221;][vc_column width=&#8221;1\/2&#8243;]<div id=\"kapee-header-6439\" class=\"kapee-element kapee-heading text-left kapee-width-100 separator-none separator-between-heading\">\t\n\t\t\t\n\t\t\t<div class=\"heading-wrap\">\n\t\t\t<span class=\"separator-left\"><\/span>\n\t\t\t<h2 class=\"heading-title\">\u00bfPor qu\u00e9 contratar con nosotros? <\/h2>\t\t\t<span class=\"separator-right\"><\/span>\n\t\t\t\t\t<\/div>\n\t\t\n    <\/div><div id=\"kapee-info-box-54667\" class=\"kapee-element kapee-info-box icon-effect-none icon-simple icon-left color-scheme-inherit hover-color-scheme-inherit  vc_custom_1670602875470\">\n\t<div class=\"info-box-wrap\"  >\n\t\t<div class=\"box-icon-wrap\">\n\t\t\t\t\t\t\t<div class=\"info-box-icon\"><i class=\"far fa-paper-plane \" aria-hidden=\"true\"><\/i><\/div>\n\t\t\t\t\t<\/div>\n\t\t<div class=\"info-box-content\">\t\t\t\n\t\t\t\t\t\t\t<div class=\"info-box-title mb\" >\t\t\t\t\n\t\t\t\t\t<h6>Entrega inmediata o en menos de 24 horas<\/h6>\t\t\t\t\t\n\t\t\t\t<\/div>\n\t\t\t\t\t\t\t\t<\/div>\n\t<\/div>\n\t<\/div><div id=\"kapee-info-box-3562\" class=\"kapee-element kapee-info-box icon-effect-none icon-simple icon-left color-scheme-inherit hover-color-scheme-inherit  vc_custom_1670602760162\">\n\t<div class=\"info-box-wrap\"  >\n\t\t<div class=\"box-icon-wrap\">\n\t\t\t\t\t\t\t<div class=\"info-box-icon\"><i class=\"fas fa-hand-holding-usd \" aria-hidden=\"true\"><\/i><\/div>\n\t\t\t\t\t<\/div>\n\t\t<div class=\"info-box-content\">\t\t\t\n\t\t\t\t\t\t\t<div class=\"info-box-title mb\" >\t\t\t\t\n\t\t\t\t\t<h6>Mejor relaci\u00f3n Costo-Beneficio con precios competitivos<\/h6>\t\t\t\t\t\n\t\t\t\t<\/div>\n\t\t\t\t\t\t\t\t<\/div>\n\t<\/div>\n\t<\/div><div id=\"kapee-info-box-46199\" class=\"kapee-element kapee-info-box icon-effect-none icon-simple icon-left color-scheme-inherit hover-color-scheme-inherit  vc_custom_1670602773946\">\n\t<div class=\"info-box-wrap\"  >\n\t\t<div class=\"box-icon-wrap\">\n\t\t\t\t\t\t\t<div class=\"info-box-icon\"><i class=\"fas fa-arrows-alt \" aria-hidden=\"true\"><\/i><\/div>\n\t\t\t\t\t<\/div>\n\t\t<div class=\"info-box-content\">\t\t\t\n\t\t\t\t\t\t\t<div class=\"info-box-title mb\" >\t\t\t\t\n\t\t\t\t\t<h6>Garant\u00eda en nuestros servicios<\/h6>\t\t\t\t\t\n\t\t\t\t<\/div>\n\t\t\t\t\t\t\t\t<\/div>\n\t<\/div>\n\t<\/div>[\/vc_column][vc_column width=&#8221;1\/2&#8243;][vc_single_image image=&#8221;3455&#8243; img_size=&#8221;full&#8221;][\/vc_column][\/vc_row][vc_row][vc_column]<div id=\"kapee-header-18645\" class=\"kapee-element kapee-heading text-center kapee-width-100 separator-none separator-between-heading\">\t\n\t\t\t\n\t\t\t<div class=\"heading-wrap\">\n\t\t\t<span class=\"separator-left\"><\/span>\n\t\t\t<h2 class=\"heading-title\">\u00bfQu\u00e9 tan grandes son nuestras bases de datos? <\/h2>\t\t\t<span class=\"separator-right\"><\/span>\n\t\t\t\t\t<\/div>\n\t\t\n    <\/div>[\/vc_column][\/vc_row][vc_row full_width=&#8221;stretch_row&#8221; css=&#8221;.vc_custom_1563252107601{padding-top: 5% !important;padding-bottom: 4% !important;background-color: #f8f8f8 !important;background-position: center !important;background-repeat: no-repeat !important;background-size: cover !important;}&#8221;][vc_column width=&#8221;1\/3&#8243;]<div id=\"kapee-counter-12261\" class=\"kapee-element kapee-counter icon-simple icon-top\">\n\t<div class=\"counter-wrap\">\n\t\t<div class=\"counter-icon-wrap\">\n\t\t\t\t\t\t\t<div class=\"counter-icon\"><i class=\"far fa-building \" aria-hidden=\"true\"><\/i><\/div>\n\t\t\t\t\t<\/div>\n\t\t<div class=\"counter-info\">\t\t\t\n\t\t\t\t\t\t\t<div class=\"counter-number\">\n\t\t\t\t\t\t\t\t\t\t\n\t\t\t\t\t<span class=\"counter\">57998762 <\/span>\n\t\t\t\t\t\t\t\t\t<\/div>\n\t\t\t\t\t\t\t\t\t\t<div class=\"counter-title\">Empresas a Nivel Nacional<\/div>\n\t\t\t\t\t<\/div>\n\t<\/div>\n<\/div>[\/vc_column][vc_column width=&#8221;1\/3&#8243;]<div id=\"kapee-counter-9931\" class=\"kapee-element kapee-counter icon-simple icon-top\">\n\t<div class=\"counter-wrap\">\n\t\t<div class=\"counter-icon-wrap\">\n\t\t\t\t\t\t\t<div class=\"counter-icon\"><i class=\"fas fa-users \" aria-hidden=\"true\"><\/i><\/div>\n\t\t\t\t\t<\/div>\n\t\t<div class=\"counter-info\">\t\t\t\n\t\t\t\t\t\t\t<div class=\"counter-number\">\n\t\t\t\t\t\t\t\t\t\t\n\t\t\t\t\t<span class=\"counter\">61987983 <\/span>\n\t\t\t\t\t\t\t\t\t<\/div>\n\t\t\t\t\t\t\t\t\t\t<div class=\"counter-title\">Personas F\u00edsicas a Nivel Nacional<\/div>\n\t\t\t\t\t<\/div>\n\t<\/div>\n<\/div>[\/vc_column][vc_column width=&#8221;1\/3&#8243;]<div id=\"kapee-counter-42055\" class=\"kapee-element kapee-counter icon-simple icon-top\">\n\t<div class=\"counter-wrap\">\n\t\t<div class=\"counter-icon-wrap\">\n\t\t\t\t\t\t\t<div class=\"counter-icon\"><i class=\"fas fa-globe-americas \" aria-hidden=\"true\"><\/i><\/div>\n\t\t\t\t\t<\/div>\n\t\t<div class=\"counter-info\">\t\t\t\n\t\t\t\t\t\t\t<div class=\"counter-number\">\n\t\t\t\t\t\t\t\t\t\t\n\t\t\t\t\t<span class=\"counter\">34498676 <\/span>\n\t\t\t\t\t\t\t\t\t<\/div>\n\t\t\t\t\t\t\t\t\t\t<div class=\"counter-title\">Registros en Latinoam\u00e9rica<\/div>\n\t\t\t\t\t<\/div>\n\t<\/div>\n<\/div>[\/vc_column][\/vc_row][vc_row full_width=&#8221;stretch_row&#8221; css=&#8221;.vc_custom_1563252107601{padding-top: 5% !important;padding-bottom: 4% !important;background-color: #f8f8f8 !important;background-position: center !important;background-repeat: no-repeat !important;background-size: cover !important;}&#8221;][vc_column width=&#8221;1\/3&#8243;]<div id=\"kapee-counter-5401\" class=\"kapee-element kapee-counter icon-simple icon-top\">\n\t<div class=\"counter-wrap\">\n\t\t<div class=\"counter-icon-wrap\">\n\t\t\t\t\t\t\t<div class=\"counter-icon\"><i class=\"fas fa-mobile-alt \" aria-hidden=\"true\"><\/i><\/div>\n\t\t\t\t\t<\/div>\n\t\t<div class=\"counter-info\">\t\t\t\n\t\t\t\t\t\t\t<div class=\"counter-number\">\n\t\t\t\t\t\t\t\t\t\t\n\t\t\t\t\t<span class=\"counter\">40988987 <\/span>\n\t\t\t\t\t\t\t\t\t<\/div>\n\t\t\t\t\t\t\t\t\t\t<div class=\"counter-title\">Celulares<\/div>\n\t\t\t\t\t<\/div>\n\t<\/div>\n<\/div>[\/vc_column][vc_column width=&#8221;1\/3&#8243;]<div id=\"kapee-counter-4692\" class=\"kapee-element kapee-counter icon-simple icon-top\">\n\t<div class=\"counter-wrap\">\n\t\t<div class=\"counter-icon-wrap\">\n\t\t\t\t\t\t\t<div class=\"counter-icon\"><i class=\"far fa-envelope \" aria-hidden=\"true\"><\/i><\/div>\n\t\t\t\t\t<\/div>\n\t\t<div class=\"counter-info\">\t\t\t\n\t\t\t\t\t\t\t<div class=\"counter-number\">\n\t\t\t\t\t\t\t\t\t\t\n\t\t\t\t\t<span class=\"counter\">78955286 <\/span>\n\t\t\t\t\t\t\t\t\t<\/div>\n\t\t\t\t\t\t\t\t\t\t<div class=\"counter-title\">Correos<\/div>\n\t\t\t\t\t<\/div>\n\t<\/div>\n<\/div>[\/vc_column][vc_column width=&#8221;1\/3&#8243;]<div id=\"kapee-counter-82867\" class=\"kapee-element kapee-counter icon-simple icon-top\">\n\t<div class=\"counter-wrap\">\n\t\t<div class=\"counter-icon-wrap\">\n\t\t\t\t\t\t\t<div class=\"counter-icon\"><i class=\"fas fa-user-tie \" aria-hidden=\"true\"><\/i><\/div>\n\t\t\t\t\t<\/div>\n\t\t<div class=\"counter-info\">\t\t\t\n\t\t\t\t\t\t\t<div class=\"counter-number\">\n\t\t\t\t\t\t\t\t\t\t\n\t\t\t\t\t<span class=\"counter\">17200102 <\/span>\n\t\t\t\t\t\t\t\t\t<\/div>\n\t\t\t\t\t\t\t\t\t\t<div class=\"counter-title\">Gerentes y Directivos<\/div>\n\t\t\t\t\t<\/div>\n\t<\/div>\n<\/div>[\/vc_column][\/vc_row][vc_row][vc_column][vc_raw_html]JTNDZGl2JTIwc3R5bGUlM0QlMjJtYXJnaW4tYm90dG9tJTNBMjBweCUyMiUzRSUyMCUwQSUyMCUyMCUyMCUyMCUyMCUyMCUwQSUyMCUyMCUyMCUyMCUyMCUyMCUzQyUyMS0tJTIwQ09OVEVOSURPJTIwLS0lM0UlMjAlMEElMjAlMjAlMjAlMjAlMjAlMjAlMEElMjAlMjAlMjAlMjAlMjAlMjAlM0MlMjEtLSUyMEluaWNpbyUyMFNFTyUyMC0tJTNFJTIwJTBBJTIwJTIwJTIwJTIwJTIwJTIwJTBBJTIwJTIwJTIwJTIwJTIwJTIwJTNDc3BhbiUyMCUyMHN0eWxlJTNEJTIyZm9udC1mYW1pbHklM0FBcmlhbCUyQyUyMEhlbHZldGljYSUyQyUyMHNhbnMtc2VyaWYlM0IlMjBmb250LXNpemUlM0EwLjFwdCUzQiUyMGNvbG9yJTNBJTIzMTYzOTUzJTNCJTIwbGluZS1oZWlnaHQlM0EwcHglM0IlMjIlM0VCYXNlcyUyMGRlJTIwZGF0b3MlMjB0ZWxlbWFya2V0aW5nJTIwZW4lMjBCcmFzaWwlMkMlMjBDaGlsZSUyQyUyMENvbG9tYmlhLiUyMEJhc2UlMjBkZSUyMGRhdG9zJTIwY2xpZW50ZXMlMjBQZXJ1LiUyMEJhc2UlMjBkZSUyMGRhdG9zJTIwZW1haWwlMjBtYXJrZXRpbmclMjBFc3BhJUMzJUIxYS4lMjBCYXNlJTIwZGUlMjBkYXRvcyUyMGVtcHJlc2FzJTIwZGUlMjBFbCUyMHNhbHZhZG9yLiUyMEJhc2UlMjBkZSUyMGRhdG9zJTIwZW4lMjB2ZW50YSUyMFBlcnUuJTIwQmFzZSUyMGRlJTIwZGF0b3MlMjBkZSUyMGVtcHJlc2FzJTIwY29uJTIwbWFzJTIwZGUlMjAxMDAlMjBlbXBsZWFkb3MlMjBFc3BhJUMzJUIxYS4lMjBkaXJlY3RvcmlvJTIwZW1wcmVzYXMlMjBCcmFzaWwuJTIwc2VydmljaW8lMjBkZSUyMEVtYWlsJTIwTWFya2V0aW5nJTIwaW1wdWxzYSUyMHR1JTIwbmVnb2NpbyUyMHklMjB0dXMlMjB2ZW50YXMlMjBBcmdlbnRpbmEuJTIwTGlzdGElMjBkZSUyMG4lQzMlQkFtZXJvcyUyMGNlbHVsYXJlcyUyMGRlJTIwZW1wcmVzYXMlMjBCcmFzaWwuJTIwYmFzZSUyMGRlJTIwZGF0b3MlMjBkZSUyMGVtcHJlc2FzJTIwZW4lMjBleGNlbCUyMENvbG9tYmlhLiUyMGJhc2UlMjBkZSUyMGNvcnJlb3MlMjBlbGVjdHJvbmljb3MlMjBFc3RhZG9zJTIwVW5pZG9zLiUyMExpc3RhZG8lMjBkZSUyMGVtcHJlc2FzJTIwY29uJTIwY29ycmVvJTIwZWxlY3RyJUMzJUIzbmljbyUyMENvbG9tYmlhLiUyMGJhc2UlMjBkZSUyMGRhdG9zJTIwZGUlMjBuJUMzJUJBbWVyb3MlMjBjZWx1bGFyZXMlMjBCcmFzaWwuJTIwYmFzZSUyMGRlJTIwZGF0b3MlMjBkZSUyMGVtcHJlc2FzJTIwZ3JhbmRlcyUyMGVuJTIwQ29sb21iaWEuJTIwQmFzZXMlMjBkZSUyMGRhdG9zJTIwZGUlMjBlbXByZXNhcyUyMGFhYSUyMGVuJTIwR3VhdGVtYWxhLiUyMGNvbXByYSUyMGJhc2UlMjBkZSUyMGRhdG9zJTIwZGUlMjBlbWFpbHMlMjBDb2xvbWJpYS4lMjBiYXNlcyUyMGRlJTIwZGF0b3MlMjBkZSUyMHBlcnNvbmFzJTIwaGlzcGFub3MlMjBlbiUyMFZlbmV6dWVsYS4lMjBCYXNlcyUyMGRlJTIwZGF0b3MlMjBlbXByZXNhcyUyMGdyYW5kZXMlMjBlbiUyMEVzcGElQzMlQjFhLiUyMGRpcmVjdG9yaW9zJTIwZGUlMjBlbXByZXNhcyUyMGNvbiUyMGdlcmVudGVzJTJDJTIwZGlyZWN0b3JlcyUyMGdlbmVyYWxlcyUyMHklMjBkZSUyMCVDMyVBMXJlYXMlMjBlbiUyMEJyYXNpbC4lMjBiYXNlJTIwZGUlMjBkYXRvcyUyMG51bWVyb3MlMjB0ZWxlZm9uaWNvcyUyMENhbmFkJUMzJUExLmJhc2VzJTIwZGUlMjBkYXRvcyUyMHBhcmElMjBlbWFpbCUyMG1hcmtldGluZyUyMFZlbmV6dWVsYS4lMjBCYXNlJTIwZGUlMjBkYXRvcyUyMGRlJTIwQXJxdWl0ZWN0b3MlMjBFc3RhZG9zJTIwVW5pZG9zLiUyMEJhc2VzJTIwZGUlMjBkYXRvcyUyMGRlJTIwcHJvZmVzaW9uaXN0YXMlMjBjb24lMjB1biUyME5TRSUyMEMlMkMlMjBDJTJCJTIwZW4lMjBDb2xvbWJpYS4lMjBiYXNlJTIwZGUlMjBkYXRvcyUyMGRlJTIwdGVsJUMzJUE5Zm9ub3MlMjBjZWx1bGFyZXMlMjBFc3RhZG9zJTIwVW5pZG9zLiUyMEJhc2UlMjBkZSUyMGRhdG9zJTIwZGUlMjBlbWFpbHMlMjBCcmFzaWwuJTIwYmFzZSUyMGRlJTIwZGF0b3MlMjBlbXByZXNhcyUyMGRlJTIwY29uc3RydWNjaW9uJTIwQnJhc2lsLiUyMFNlcnZpY2lvJTIwZGUlMjBFbWFpbCUyME1hcmtldGluZyUyQyUyMGNvcnJlbyUyMG1hc2l2byUyQyUyMHB1YmxpY2lkYWQlMjBtYXNpdmElMjBwb3IlMjBjb3JyZW8lMjBlbGVjdHIlQzMlQjNuaWNvJTIwZW4lMjBDb2xvbWJpYS4lMjBMaXN0YWRvJTIwZGUlMjBlbXByZXNhcyUyMGltcG9ydGFkb3JhcyUyMGVuJTIwRXNwYSVDMyVCMWEuJTIwQmFzZXMlMjBkZSUyMGRhdG9zJTIwY29ycmVvcyUyMGVsZWN0cm9uaWNvcyUyMGRlJTIwZW1wcmVzYXMlMjBlbiUyMEVzcGElQzMlQjFhLiUyMGJhc2VzJTIwZGUlMjBkYXRvcyUyMGRlJTIwUmVjdXJzb3MlMjBIdW1hbm9zJTIwRXN0YWRvcyUyMFVuaWRvcy4lMjBiYXNlJTIwZGUlMjBkYXRvcyUyMGVtYWlscyUyMEVzcGElQzMlQjFhLiUyMEJhc2UlMjBkZSUyMGRhdG9zJTIwZW1wcmVzYXMlMjBkZSUyMGxvZ2lzdGljYSUyMEJyYXNpbC4lMjBCYXNlcyUyMGRlJTIwY29ycmVvcyUyMGVsZWN0ciVDMyVCM25pY29zJTIwcGFyYSUyMGNhbXBhJUMzJUIxYXMlMjBkZSUyMG1haWxpbmclMjBFc3BhJUMzJUIxYS4lMjBiYXNlcyUyMGRlJTIwZGF0b3MlMjBkZSUyMGVtcHJlc2FzJTIweSUyMGNsaWVudGVzJTIwcG90ZW5jaWFsZXMlMjBCcmFzaWwuJTIwQmFzZSUyMGRlJTIwZGF0b3MlMjBkZSUyMGVtcHJlc2FzJTIwbWVkaWFuYXMlMjBlbiUyMENvbG9tYmlhLiUyMGJhc2UlMjBkZSUyMGRhdG9zJTIwbWFpbGluZyUyMEVzdGFkb3MlMjBVbmlkb3MuJTIwQmFzZSUyMGRlJTIwZGF0b3MlMjBlbXByZXNhcyUyMGNvbiUyMGZsb3RpbGxhcyUyMGRlJTIwYXV0b3MlMjBFc3BhJUMzJUIxYS4lMjBsaXN0YXMlMjBkZSUyMGRpcmVjY2lvbmVzJTIwZGUlMjBlbWFpbCUyMFZlbmV6dWVsYS4lMjBsaXN0YXMlMjBkZSUyMGNvcnJlb3MlMjBlbGVjdHIlQzMlQjNuaWNvcyUyMGRlJTIwZW1wcmVzYXMlMjB5JTIwcHJvZmVzaW9uYWxlcyUyMEVzcGElQzMlQjFhLiUyMGJhc2UlMjBkZSUyMGRhdG9zJTIwZGUlMjBlbXByZXNhcyUyMGRlJTIwZW1haWwlMjBtYXJrZXRpbmclMjBDb2xvbWJpYS4lMjBiYXNlJTIwZGUlMjBkYXRvcyUyMGVtcHJlc2FzJTIwYSUyMG5pdmVsJTIwbmFjaW9uYWwlMjBDaGlsZS4lMjBiYXNlJTIwZGUlMjBkYXRvcyUyMGRlJTIwZW1wcmVzYXMlMjBkZSUyMGFsaW1lbnRvcyUyMENoaWxlLiUyME9mcmVjZW1vcyUyMGJhc2UlMjBkZSUyMGRhdG9zJTIwZGUlMjB0ZWxlZm9ub3MlMjBtb3ZpbGVzJTIwZGUlMjBWZW5lenVlbGEuJTIwQmFzZSUyMGRlJTIwZGF0b3MlMjBkZSUyMGNvcnJlbyUyMGVsZWN0cm9uaWNvJTIwVmVuZXp1ZWxhLiUyMGJhc2UlMjBkZSUyMGRhdG9zJTIwZGUlMjBjb3JyZW9zJTIwbWFzaXZvcyUyMEVzdGFkb3MlMjBVbmlkb3MuJTIwQmFzZSUyMGRlJTIwZGF0b3MlMjBkZSUyMGVtYWlsJTIwbWFya2V0aW5nJTIwRXN0YWRvcyUyMFVuaWRvcy4lMjBiYXNlJTIwZGUlMjBkYXRvcyUyMGRlJTIwY2xpZW50ZXMlMjBFc3RhZG9zJTIwVW5pZG9zLiUyMEJhc2UlMjBkZSUyMGRhdG9zJTIwcGFyYSUyMG1hcmtldGluZyUyMFVTQS4lMjBiYXNlJTIwZGUlMjBkYXRvcyUyMHBhcmElMjBjb3JyZW9zJTIwbWFzaXZvcyUyMEVzdGFkb3MlMjBVbmlkb3MuJTIwYmFzZSUyMGRlJTIwZGF0b3MlMjBjb25zdHJ1Y3RvcmFzJTIwRXN0YWRvcyUyMFVuaWRvcy4lMjBCYXNlJTIwZGUlMjBkYXRvcyUyMGRlJTIwZW1wcmVzYXMlMjBkZSUyMHB1YmxpY2lkYWQlMjBlbiUyMEVzdGFkb3MlMjBVbmlkb3MuJTIwQmFzZSUyMGRlJTIwZGF0b3MlMjBkZSUyMGVtYWlscyUyMENhbmRhLiUyMEJyYXNpbCUyMGVtYWlsJTIwYWRkcmVzc2VzJTIwZGF0YWJhc2UuJTIwYmFzZSUyMGRlJTIwZGF0b3MlMjBlbiUyMGV4Y2VsJTIwQ2FuYWRhLiUyMGxpc3RhJTIwZGUlMjBuJUMzJUJBbWVyb3MlMjBkZSUyMHRlbCVDMyVBOWZvbm9zJTIwY2VsdWxhcmVzJTIwQnJhc2lsLiUyMEJhc2VzJTIwZGUlMjBkYXRvcyUyMGRlJTIwY29uc3VtaWRvcmVzJTIwRXNwYSVDMyVCMWEuJTIwTGlzdGFzJTIwZGUlMjBjb3JyZW9zJTIwZWxlY3RyJUMzJUIzbmljb3MlMjBkZSUyMGVtcHJlc2FzJTIwVVNBLiUyMExpc3RhcyUyMGRlJTIwZW1haWxzJTIwc2VnbWVudGFkb3MlMjBlbiUyMEJyYXNpbC4lMjBsaXN0YSUyMGRlJTIwY29ycmVvcyUyMGVsZWN0cm9uaWNvcyUyMGRlJTIwRXN0YWRvcyUyMFVuaWRvcy4lMjBCYXNlJTIwZGUlMjBkYXRvcyUyMGVtYWlscyUyMGRlJTIwZW1wcmVzYXMlMjBDYW5hZGEuJTIwQnV5JTIwZW1haWwlMjBsaXN0cyUyMGZvciUyMG1hcmtldGluZyUyMEJyYXNpbC4lMjBQYW5hbWElMjBjb25zdW1lciUyMGVtYWlsJTIwZGF0YWJhc2UuJTIwQnJhc2lsJTIwYnVzaW5lc3MlMjBlbWFpbHMuJTIwQ29tcHJhciUyMGJhc2UlMjBkZSUyMGRhdG9zJTIwc2VnbWVudGFkYXMlMjBwYXJhJTIwdHUlMjBuZWdvY2lvJTIwTWV4aWNvLiUyMFBlciVDMyVCQSUyMGNvbXBhbmllcyUyMGVtYWlsJTIwbGlzdC4lMjBCYXNlcyUyMGRlJTIwZGF0b3MlMjBwYXJhJTIwZW1haWxzJTIwRXNwYSVDMyVCMWEuJTIwQ29zdGElMjBSaWNhJTIwY29uc3VtZXIlMjBlbWFpbCUyMGxpc3QlMjBkYXRhYmFzZS4lMjBFc3BhJUMzJUIxYSUyMG1haWxpbmclMjBkYXRhYmFzZS4lMjBOaWNhcmFndWElMjBkaXJlY3RvcnklMjBNYW51ZmFjdHVyZXJzLiUyMEJhc2UlMjBkZSUyMGRhdG9zJTIwY2VsdWxhcmVzJTJDJTIwYmFuY29zJTJDJTIwcHltZXMlMkMlMjBwcm9mZXNpb25hbGVzJTIweSUyMHBlcnNvbmFzJTIwZW4lMjBDb3N0YSUyMFJpY2EuJTIwTW9iaWxlJTIwcGhvbmUlMjBudW1iZXIlMjBsaXN0JTIwQnJhc2lsLiUyMEVzcGElQzMlQjFhJTIwQnV5JTIwZW1haWwlMjBhZGRyZXNzJTIwZGF0YWJhc2UuJTIwQmFzZXMlMjBkZSUyMGRhdG9zJTIwcGFyYSUyMGNhbGwlMjBjZW50ZXIlMjBFc3BhJUMzJUIxYS4lMjBKYW1haWNhJTIwbWFpbGluZyUyMGxpc3QuJTIwQXJnZW50aW5hJTIwYjJiJTIwY29udGFjdCUyMGRhdGFiYXNlLiUyMEJhc2UlMjBkZSUyMGRhdG9zJTIwcGFyYSUyMG1haWxpbmclMjBDYW5hZGEuJTIwQmFzZSUyMGRlJTIwZGF0b3MlMjBkZSUyMHBlcnNvbmFzJTIwaGlzcGFuYXMlMjBlbiUyMEhvbmR1cmFzLiUyMEJhc2VzJTIwZGUlMjBkYXRvcyUyMHBhcmElMjBtYWlsaW5nJTIwQ29sb21iaWEuJTIwRGF0YWJhc2UlMjAlMjBmb3IlMjBtYXJrZXRpbmclMjBjYW1wYWlnbnMlMjBNZXhpY28uJTIwRXNwYSVDMyVCMWElMjBidXNpbmVzcyUyMGVtYWlsJTIwZGF0YWJhc2UuJTIwR3VhdGVtYWxhJTIwcGVyc29uYWxpemVkJTIwbWFya2V0aW5nJTIwY2FtcGFpZ25zLiUyMEJyYXNpbCUyMGNvbnN1bWVyJTIwZW1haWwlMjBkYXRhYmFzZXMuJTIwTWV4aWNvJTIwb25saW5lJTIwbWFya2V0aW5nJTIwZGF0YWJhc2UuJTIwQmFzZSUyMGRlJTIwZGF0b3MlMjBkZSUyMG51bWVyb3MlMjB0ZWxlZm9uaWNvcyUyMENoaWxlLiUyMGJhc2UlMjBkZSUyMGRhdG9zJTIwY2VsdWxhciUyME5pY2FyYWd1YS4lMjBFc3BhJUMzJUIxYSUyMG1hbnVmYWN0dXJpbmclMjBpbmR1c3RyeSUyMGVtYWlsJTIwbGlzdHMuJTIwRXN0YWRvcyUyMFVuaWRvcyUyMGNvbnN1bWVyJTIwbGlzdHMuJTIwVmVuZXp1ZWxhJTIwdGFyZ2V0ZWQlMjBlbWFpbCUyMGxpc3RzLiUyMENvbXByYXIlMjBiYXNlcyUyMGRlJTIwZGF0b3MlMjBwYXJ0aWN1bGFyZXMlMjBkZSUyMFBhcmFndWF5LiUyMEVzdGFkb3MlMjBVbmlkb3MlMjBCMkMlMjBlbWFpbCUyMGRhdGFiYXNlLiUyMEVzdGFkb3MlMjBVbmlkb3MlMjBMZWFkJTIwTGlhaXNvbiUyMFNlZ21lbnQlMjBZb3VyJTIwTWFya2V0aW5nJTIwRGF0YWJhc2UuJTIwQXJnZW50aW5hJTIwbW9iaWxlJTIwbnVtYmVyJTIwZGF0YWJhc2UuJTIwRXN0YWRvcyUyMFVuaWRvcyUyMGNvcnBvcmF0ZSUyMGVtYWlsJTIwZGF0YWJhc2UuJTIwQnJhc2lsJTIwaW5kdXN0cnklMjBkaXJlY3RvcnkuJTIwVmVuZXp1ZWxhJTIwZW1haWwlMjBhZGRyZXNzJTIwbGlzdHMuJTIwRXNwYSVDMyVCMWElMjBwcm9mZXNzaW9uYWwlMjBlbWFpbCUyMGFkZHJlc3MlMjBkYXRhYmFzZS4lMjBFc3BhJUMzJUIxYSUyMGVtYWlsJTIwYWRkcmVzc2VzJTIwbGlzdC4lMjBCdXklMjBkYXRhYmFzZSUyMGZvciUyMG1hcmtldGluZyUyMFBhcmFndWF5LiUyMEVzdGFkb3MlMjBVbmlkb3MlMjB0YXJnZXRlZCUyMG1hcmtldGluZyUyMGRhdGFiYXNlLiUyMEJhc2UlMjBkZSUyMGRhdG9zJTIwZGUlMjBtZWRpY29zJTIwZGUlMjBDb3N0YSUyMFJpY2EuQmFzZSUyMGRlJTIwZGF0b3MlMjBlbXByZXNhcmlhbGVzJTIweSUyMGNvbnN1bWlkb3JlcyUyMGRlJTIwQm9saXZpYS4lMjBCYXNlJTIwZGUlMjBkYXRvcyUyMHBhcmElMjBlbnZpYXIlMjBlbWFpbHMlMjBtYXNpdm9zJTIwVmVuZXp1ZWxhLiUyMGRhdGFiYXNlJTIwZW1haWwlMjBwcm92aWRlciUyMEVzdGFkb3MlMjBVbmlkb3MuJTIwRXN0YWRvcyUyMFVuaWRvcyUyMHRhcmdldGVkJTIwbWFpbGluZyUyMGxpc3QuJTIwQ29sb21iaWElMjBjb21wYW5pZXMlMjBlbWFpbHMlMjBsaXN0LiUyMENoaWxlJTIwcGhvbmUlMjBudW1iZXJzJTIwZGF0YWJhc2UuJTIwVmVudGElMjBkZSUyMEJhc2UlMjBkZSUyMERhdG9zJTIwU2VnbWVudGFkYSUyMHBhcmElMjBFbXByZXNhcyUyQyUyMFB5TUVTJTJDJTIwTmVnb2Npb3MlMjB5JTIwQ2FsbCUyMENlbnRlciUyMGVuJTIwRWwlMjBTYWx2YWRvci4lMjBkYXRhYmFzZSUyMGVtYWlsaW5nJTIwRXNwYSVDMyVCMWEuJTIwRWN1YWRvciUyMGVtYWlsJTIwZGF0YWJhc2UlMjBvZiUyMGNvcnBvcmF0ZS4lMjBFc3BhJUMzJUIxYSUyMEIyQyUyMGVtYWlsJTIwbWFya2V0aW5nJTIwc2VydmljZXMuJTIwRXNwYSVDMyVCMWElMjBEYXRhJTIwYmFzZS4lMjBDaGlsZSUyMGRhdGFiYXNlJTIwY29tcGFueS4lMjBFc3BhJUMzJUIxYSUyMHJlc3RhdXJhbnRzJTIwZGF0YWJhc2VzLiUyMEVzdGFkb3MlMjBVbmlkb3MlMjBzZXJ2aWNlJTIwcHJvdmlkZXJzJTIwZGF0YWJhc2UuJTIwQWN0dWFsaXphY2klQzMlQjNuJTIweSUyMGRlcHVyYWNpJUMzJUIzbiUyMGRlJTIwYmFzZXMlMjBkZSUyMGRhdG9zJTIwZGUlMjBCcmFzaWwuJTIwRXNwYSVDMyVCMWElMjBlbWFpbCUyMG1hcmtldGluZyUyMGNhbXBhaWduJTIwZGF0YWJhc2UuJTIwRXNwYSVDMyVCMWElMjBjb21wYW55JTIwZW1haWwlMjBhZGRyZXNzZXMuJTIwTmljYXJhZ3VhJTIwYnVzaW5lc3MlMjBkYXRhJTIwZGF0YWJhc2UuJTIwQmFzZSUyMGRlJTIwZGF0b3MlMjBwYXJhJTIwY2FsbCUyMGNlbnRlciUyMGRlJTIwRWN1YWRvci4lMjBQYXJhZ3VheSUyMFdlYiUyMGVtYWlsJTIwc2VydmljZXMlMjBkYXRhYmFzZS4lMjBCYXNlJTIwZGUlMjBkYXRvcyUyMHRlbCVDMyVBOWZvbm9zJTIwTSVDMyVCM3ZpbGVzJTIwZGUlMjBQZXJ1LiUyMEVzcGElQzMlQjFhJTIwYnVzaW5lc3MlMjBleGVjdXRpdmVzJTIwZW1haWwlMjBsaXN0LiUyMEFyZ2VudGluYSUyMEIyQiUyMGRhdGFiYXNlJTIwc2VydmljZXMuJTIwSmFtYWljYSUyMGV4ZWN1dGl2ZXMlMjBkYXRhYmFzZS4lMjBFc3BhJUMzJUIxYSUyMGF1dG9tb3RpdmUlMjBjb21wYW5pZXMlMjBkYXRhYmFzZS4lMjBFc3RhZG9zJTIwVW5pZG9zJTIwQjJCJTIwZW1haWwlMjBkYXRhYmFzZS4lMjBFc3RhZG9zJTIwVW5pZG9zJTIwYnVzaW5lc3MlMjBsZWFkcyUyMGRhdGFiYXNlLiUyMEJ1eSUyMHRhcmdldGVkJTIwbWFpbGluZyUyMGxpc3RzJTIwdG8lMjByZWFjaCUyMGJ1c2luZXNzZXMlMjBhbmQlMjBjb25zdW1lcnMlMjBWZW5lenVlbGEuJTIwQjJCJTIwY29udGFjdCUyMGRhdGFiYXNlJTIwZm9yJTIwYnVzaW5lc3MlMjBlbWFpbCUyMGxpc3RzJTIwRXNwYSVDMyVCMWEuJTIwZGF0YWJhc2UlMjBtYXJrZXRpbmclMjBzZXJ2aWNlcyUyMExhdGlub2FtZXJpY2EuJTIwRW1haWwlMjBEYXRhYmFzZSUyMGZvciUyMFNhbGUlMjBQZXIlQzMlQkEuJTIwQmFzZSUyMGRlJTIwZGF0b3MlMjBkZSUyMHRlbCVDMyVBOWZvbm9zJTIwZGUlMjBQdWVydG8lMjBSaWNvLiUyMEJhc2UlMjBkZSUyMGRhdG9zJTIwcmVjdXJzb3MlMjBodW1hbm9zJTIwZGUlMjBFc3BhJUMzJUIxYS4lMjBFc3BhJUMzJUIxYSUyMGNvbnN1bWVyJTIwZW1haWwlMjBsaXN0cy4lMjBFc3RhZG9zJTIwVW5pZG9zJTIwQjJCJTIwY29udGFjdHMlMjBkYXRhYmFzZS4lMjBIb25kdXJhcyUyMEluZHVzdHJ5JTIwRGF0YWJhc2UuJTIwTmljYXJhZ3VhJTIwZW1haWwlMjBhZGRyZXNzJTIwZGF0YWJhc2UuJTIwZGF0YWJhc2UlMjBvZiUyMGZyZXF1ZW50JTIwdHJhdmVsZXJzJTIwaW4lMjBFc3RhZG9zJTIwVW5pZG9zLiUyMENvbG9tYmlhJTIwQjJCJTIwYnVzaW5lc3MlMjBkaXJlY3RvcnkuJTIwRXN0YWRvcyUyMFVuaWRvcyUyMGNlbGwlMjBwaG9uZSUyMGRhdGFiYXNlLiUyMFB1ZXJ0byUyMFJpY28lMjBFbWFpbCUyMG1hcmtldGluZyUyMGRhdGFiYXNlLiUyMEVzcGElQzMlQjFhJTIwdGVsZW1hcmtldGluZyUyMHBob25lJTIwbnVtYmVyJTIwbGlzdC4lMjBCYXNlJTIwZGUlMjBEYXRvcyUyMGRlJTIwVGVsZWZvbmlhJTIwcGFyYSUyMGNhbXBhJUMzJUIxYXMlMjBkZSUyMG1hcmtldGluZyUyMEhvbmR1cmFzLiUyMGRhdGFiYXNlJTIwZW1haWwlMjBjYW1wYWlnbnMlMjBDb2xvbWJpYS4lMjBCaWclMjBkYXRhYmFzZSUyMGNvbXBhbmllcyUyMEVjdWFkb3IuJTIwRXNwYSVDMyVCMWElMjBCMkIlMjBsZWFkJTIwZGF0YWJhc2UuJTIwQmFzZSUyMGRlJTIwZGF0b3MlMjBwYXJhJTIwdGVsZW1hcmtldGluZyUyMGVuJTIwZWwlMjBTYWx2YWRvci4lMjBCdXklMjBlbWFpbCUyMGxpc3RzJTIwRXN0YWRvcyUyMFVuaWRvcy4lMjBDb2xvbWJpYSUyMGVtYWlscyUyMGNvbnRhY3QlMjBkYXRhYmFzZS4lMjBCZWxpY2UlMjBEYXRhYmFzZSUyMGRpcmVjdCUyMG1hcmtldGluZyUyMGNhbXBhaWducy4lMjBCYXNlcyUyMGRlJTIwZGF0b3MlMjBjb21lcmNpYWxlcyUyMGRlJTIwQXJnZW50aW5hLiUyMEJhc2UlMjBkZSUyMGRhdG9zJTIwZGUlMjB1bmElMjBlbXByZXNhJTIwZW4lMjBDb3N0YSUyMHJpY2EuJTIwVmVuZXp1ZWxhJTIwQ2VsbCUyMHBob25lJTIwbnVtYmVyJTIwZGF0YWJhc2UuJTIwSHVtYW4lMjByZXNvdXJjZXMlMjBkYXRhYmFzZXMlMjBvZiUyMFZlbmV6dWVsYS4lMjBHdWF0ZW1hbGElMjBDdXN0b21lciUyMGRhdGFiYXNlLiUyMEJhc2UlMjBkZSUyMGRhdG9zJTIwcGFyYSUyMG1hcmtldGluZyUyMEFyZ2VudGluYS4lMjBCYXNlJTIwZGUlMjBkYXRvcyUyMHBhcmElMjBtYWlsaW5nJTIwQ29sb21iaWElMkMlMjBDb3N0YSUyMFJpY2ElMjB5JTIwR3VhdGVtYWxhLiUyMEJyYXNpbCUyMGJ1c2luZXNzJTIwbGlzdC4lMjBIb25kdXJhcyUyMFNtYWxsJTIwQnVzaW5lc3MlMjBEYXRhYmFzZS4lMjBWZW5lenVlbGElMjBEYXRhYmFzZSUyMGZvciUyMGVtYWlsJTIwY2FtcGFpZ24uJTIwQnV5JTIwRW1haWwlMjBMaXN0JTIwRGF0YWJhc2UlMjBKYW1haWNhLiUyMEhvbmR1cmFzJTIwQjJCJTIwTWFya2V0aW5nJTIwRGF0YWJhc2UuJTIwQm9saXZpYSUyMEVtYWlsJTIwTWFya2V0aW5nJTIwU2VydmljZXMlMjBkYXRhYmFzZS4lMjBFY3VhZG9yJTIwJTIwZW1haWwlMjBidXNpbmVzcyUyMERhdGFiYXNlLiUyMEVtYWlsJTIwRGF0YWJhc2UlMjBNYXJrZXRpbmclMjBFc3BhJUMzJUIxYS4lMjBDb3N0YSUyMFJpY2ElMjBEYXRhYmFzZSUyMGZvciUyMG1hcmtldGluZyUyMGNhbXBhaWducy4lMjBVU0ElMkMlMjBMYXRhbSUyMGFuZCUyME1leGljbyUyMEIyQiUyMENvbnRhY3QlMjBEYXRhLiUyMEVzcGElQzMlQjFhJTIwQ29uc3VtZXIlMjBlbWFpbCUyMGRhdGFiYXNlLiUzQyUyRnNwYW4lM0UlMjAlMEElMjAlMjAlMjAlMjAlMjAlMjAlMEElMjAlMjAlMjAlMjAlMjAlMjAlM0MlMjEtLSUyMEZpbiUyMFNFTyUyMC0tJTNFJTIwJTBBJTIwJTIwJTIwJTIwJTIwJTIwJTBBJTIwJTIwJTIwJTIwJTNDJTJGZGl2JTNF[\/vc_raw_html][\/vc_column][\/vc_row]<\/p>\n<\/section>","protected":false},"excerpt":{"rendered":"<p>[vc_row content_placement=&#8221;middle&#8221; css=&#8221;.vc_custom_1563251684741{margin-top: 40px !important;}&#8221;][vc_column css_animation=&#8221;none&#8221; width=&#8221;1\/2&#8243;][vc_single_image image=&#8221;3453&#8243; img_size=&#8221;full&#8221; css_animation=&#8221;none&#8221;][\/vc_column][vc_column css_animation=&#8221;none&#8221; width=&#8221;1\/2&#8243;][vc_column_text css=&#8221;.vc_custom_1712248183916{margin-bottom: 35px !important;}&#8221;]eShop forma parte del corporativo empresarial Grupo Net K, con presencia en el mercado desde el<\/p>\n","protected":false},"author":1,"featured_media":0,"parent":0,"menu_order":0,"comment_status":"closed","ping_status":"closed","template":"","meta":{"footnotes":""},"class_list":["post-1041","page","type-page","status-publish","hentry"],"aioseo_notices":[],"_links":{"self":[{"href":"https:\/\/sihay.com.mx\/basededatos\/wp-json\/wp\/v2\/pages\/1041","targetHints":{"allow":["GET"]}}],"collection":[{"href":"https:\/\/sihay.com.mx\/basededatos\/wp-json\/wp\/v2\/pages"}],"about":[{"href":"https:\/\/sihay.com.mx\/basededatos\/wp-json\/wp\/v2\/types\/page"}],"author":[{"embeddable":true,"href":"https:\/\/sihay.com.mx\/basededatos\/wp-json\/wp\/v2\/users\/1"}],"replies":[{"embeddable":true,"href":"https:\/\/sihay.com.mx\/basededatos\/wp-json\/wp\/v2\/comments?post=1041"}],"version-history":[{"count":3,"href":"https:\/\/sihay.com.mx\/basededatos\/wp-json\/wp\/v2\/pages\/1041\/revisions"}],"predecessor-version":[{"id":6271,"href":"https:\/\/sihay.com.mx\/basededatos\/wp-json\/wp\/v2\/pages\/1041\/revisions\/6271"}],"wp:attachment":[{"href":"https:\/\/sihay.com.mx\/basededatos\/wp-json\/wp\/v2\/media?parent=1041"}],"curies":[{"name":"wp","href":"https:\/\/api.w.org\/{rel}","templated":true}]}}